{"id":9009,"date":"2017-02-22T10:13:51","date_gmt":"2017-02-22T10:13:51","guid":{"rendered":"http:\/\/www.mobles114.com\/?page_id=9009"},"modified":"2021-08-30T11:58:28","modified_gmt":"2021-08-30T11:58:28","slug":"service-prescription-equipement-mobilier","status":"publish","type":"page","link":"https:\/\/www.mobles114.com\/fr\/service-prescription-equipement-mobilier\/","title":{"rendered":"Service de prescription"},"content":{"rendered":"<h2>Service de prescription<\/h2>\n<p>A fin de faciliter la prescription compl\u00e8te sur le projet \u00e0 l\u2019architecte, l\u2019architecte d\u2019int\u00e9rieur ou le distributeur, tout en suivant leurs crit\u00e8res de s\u00e9lection et singularit\u00e9 du projet, Mobles 114 offre le service de Prescription, et pr\u00e9sente les options avec le propre produit et d\u2019autres pr\u00e9sents au march\u00e9. En m\u00eame temps, la soci\u00e9t\u00e9 d\u00e9veloppe tous le Cahiers de Prescription avec les Fiches Produit, descriptions, d\u00e9tails techniques et normatives, devis et toutes les donn\u00e9es n\u00e9cessaires pour l\u2019appel d\u2019offre et l\u2019attribution post\u00e9rieure.<\/p>\n<h2>Produit sp\u00e9cial<\/h2>\n<p>La plupart des produits du catalogue Mobles 114 peut permettent quelques modifications de mesures et finitions \u00e0 fin de s\u2019adapter aux n\u00e9cessit\u00e9s du client ou \u00e0 la condition du projet. Mobles 114 offre la possibilit\u00e9 d\u2019\u00e9dition pour des nouveaux produits de design exclusive pour \u00e9quipements singuliers qui justifient certains procedure de fabrication industriel<\/p>\n<h2>Contact<\/h2>\n<p>Nous vous offrons la possibilit\u00e9 de vous inscrire pour recevoir des informations. Vos donn\u00e9es seront trait\u00e9es conform\u00e9ment aux lois en vigueur sur la protection de la vie priv\u00e9e et feront partie de notre r\u00e9pertoire.<\/p>\n","protected":false},"excerpt":{"rendered":"<p>Service de prescription A fin de faciliter la prescription compl\u00e8te sur le projet \u00e0 l\u2019architecte, l\u2019architecte d\u2019int\u00e9rieur ou le distributeur, &hellip;<\/p>\n","protected":false},"author":1,"featured_media":0,"parent":0,"menu_order":136,"comment_status":"closed","ping_status":"closed","template":"page-prescripcion.php","meta":{"_acf_changed":false,"footnotes":""},"class_list":["post-9009","page","type-page","status-publish","hentry"],"acf":[],"yoast_head":"<!-- This site is optimized with the Yoast SEO plugin v27.3 - https:\/\/yoast.com\/product\/yoast-seo-wordpress\/ -->\n<title>Service de prescription. \u00c9quipement mobilier | Mobile 114<\/title>\n<meta name=\"description\" content=\"Mobles 114 propose le Service Prescription, collaborant au projet de distribution. Projets d&#039;\u00e9quipement de mobilier professionnel.\" \/>\n<meta name=\"robots\" content=\"index, follow, max-snippet:-1, max-image-preview:large, max-video-preview:-1\" \/>\n<link rel=\"canonical\" href=\"https:\/\/www.mobles114.com\/fr\/service-prescription-equipement-mobilier\/\" \/>\n<meta property=\"og:locale\" content=\"fr_FR\" \/>\n<meta property=\"og:type\" content=\"article\" \/>\n<meta property=\"og:title\" content=\"Service de prescription. \u00c9quipement mobilier | Mobile 114\" \/>\n<meta property=\"og:description\" content=\"Mobles 114 propose le Service Prescription, collaborant au projet de distribution. Projets d&#039;\u00e9quipement de mobilier professionnel.\" \/>\n<meta property=\"og:url\" content=\"https:\/\/www.mobles114.com\/fr\/service-prescription-equipement-mobilier\/\" \/>\n<meta property=\"og:site_name\" content=\"Mobles 114\" \/>\n<meta property=\"article:modified_time\" content=\"2021-08-30T11:58:28+00:00\" \/>\n<meta name=\"twitter:card\" content=\"summary_large_image\" \/>\n<meta name=\"twitter:label1\" content=\"Dur\u00e9e de lecture estim\u00e9e\" \/>\n\t<meta name=\"twitter:data1\" content=\"1 minute\" \/>\n<script type=\"application\/ld+json\" class=\"yoast-schema-graph\">{\"@context\":\"https:\\\/\\\/schema.org\",\"@graph\":[{\"@type\":\"WebPage\",\"@id\":\"https:\\\/\\\/www.mobles114.com\\\/fr\\\/service-prescription-equipement-mobilier\\\/\",\"url\":\"https:\\\/\\\/www.mobles114.com\\\/fr\\\/service-prescription-equipement-mobilier\\\/\",\"name\":\"Service de prescription. \u00c9quipement mobilier | Mobile 114\",\"isPartOf\":{\"@id\":\"https:\\\/\\\/www.mobles114.com\\\/fr\\\/#website\"},\"datePublished\":\"2017-02-22T10:13:51+00:00\",\"dateModified\":\"2021-08-30T11:58:28+00:00\",\"description\":\"Mobles 114 propose le Service Prescription, collaborant au projet de distribution. Projets d'\u00e9quipement de mobilier professionnel.\",\"breadcrumb\":{\"@id\":\"https:\\\/\\\/www.mobles114.com\\\/fr\\\/service-prescription-equipement-mobilier\\\/#breadcrumb\"},\"inLanguage\":\"fr-FR\",\"potentialAction\":[{\"@type\":\"ReadAction\",\"target\":[\"https:\\\/\\\/www.mobles114.com\\\/fr\\\/service-prescription-equipement-mobilier\\\/\"]}]},{\"@type\":\"BreadcrumbList\",\"@id\":\"https:\\\/\\\/www.mobles114.com\\\/fr\\\/service-prescription-equipement-mobilier\\\/#breadcrumb\",\"itemListElement\":[{\"@type\":\"ListItem\",\"position\":1,\"name\":\"Portada\",\"item\":\"https:\\\/\\\/www.mobles114.com\\\/fr\\\/\"},{\"@type\":\"ListItem\",\"position\":2,\"name\":\"Service de prescription\"}]},{\"@type\":\"WebSite\",\"@id\":\"https:\\\/\\\/www.mobles114.com\\\/fr\\\/#website\",\"url\":\"https:\\\/\\\/www.mobles114.com\\\/fr\\\/\",\"name\":\"Mobles 114\",\"description\":\"Mobiliario de dise\u00f1o\",\"potentialAction\":[{\"@type\":\"SearchAction\",\"target\":{\"@type\":\"EntryPoint\",\"urlTemplate\":\"https:\\\/\\\/www.mobles114.com\\\/fr\\\/?s={search_term_string}\"},\"query-input\":{\"@type\":\"PropertyValueSpecification\",\"valueRequired\":true,\"valueName\":\"search_term_string\"}}],\"inLanguage\":\"fr-FR\"}]}<\/script>\n<!-- \/ Yoast SEO plugin. -->","yoast_head_json":{"title":"Service de prescription. \u00c9quipement mobilier | Mobile 114","description":"Mobles 114 propose le Service Prescription, collaborant au projet de distribution. Projets d'\u00e9quipement de mobilier professionnel.","robots":{"index":"index","follow":"follow","max-snippet":"max-snippet:-1","max-image-preview":"max-image-preview:large","max-video-preview":"max-video-preview:-1"},"canonical":"https:\/\/www.mobles114.com\/fr\/service-prescription-equipement-mobilier\/","og_locale":"fr_FR","og_type":"article","og_title":"Service de prescription. \u00c9quipement mobilier | Mobile 114","og_description":"Mobles 114 propose le Service Prescription, collaborant au projet de distribution. Projets d'\u00e9quipement de mobilier professionnel.","og_url":"https:\/\/www.mobles114.com\/fr\/service-prescription-equipement-mobilier\/","og_site_name":"Mobles 114","article_modified_time":"2021-08-30T11:58:28+00:00","twitter_card":"summary_large_image","twitter_misc":{"Dur\u00e9e de lecture estim\u00e9e":"1 minute"},"schema":{"@context":"https:\/\/schema.org","@graph":[{"@type":"WebPage","@id":"https:\/\/www.mobles114.com\/fr\/service-prescription-equipement-mobilier\/","url":"https:\/\/www.mobles114.com\/fr\/service-prescription-equipement-mobilier\/","name":"Service de prescription. \u00c9quipement mobilier | Mobile 114","isPartOf":{"@id":"https:\/\/www.mobles114.com\/fr\/#website"},"datePublished":"2017-02-22T10:13:51+00:00","dateModified":"2021-08-30T11:58:28+00:00","description":"Mobles 114 propose le Service Prescription, collaborant au projet de distribution. Projets d'\u00e9quipement de mobilier professionnel.","breadcrumb":{"@id":"https:\/\/www.mobles114.com\/fr\/service-prescription-equipement-mobilier\/#breadcrumb"},"inLanguage":"fr-FR","potentialAction":[{"@type":"ReadAction","target":["https:\/\/www.mobles114.com\/fr\/service-prescription-equipement-mobilier\/"]}]},{"@type":"BreadcrumbList","@id":"https:\/\/www.mobles114.com\/fr\/service-prescription-equipement-mobilier\/#breadcrumb","itemListElement":[{"@type":"ListItem","position":1,"name":"Portada","item":"https:\/\/www.mobles114.com\/fr\/"},{"@type":"ListItem","position":2,"name":"Service de prescription"}]},{"@type":"WebSite","@id":"https:\/\/www.mobles114.com\/fr\/#website","url":"https:\/\/www.mobles114.com\/fr\/","name":"Mobles 114","description":"Mobiliario de dise\u00f1o","potentialAction":[{"@type":"SearchAction","target":{"@type":"EntryPoint","urlTemplate":"https:\/\/www.mobles114.com\/fr\/?s={search_term_string}"},"query-input":{"@type":"PropertyValueSpecification","valueRequired":true,"valueName":"search_term_string"}}],"inLanguage":"fr-FR"}]}},"_links":{"self":[{"href":"https:\/\/www.mobles114.com\/fr\/wp-json\/wp\/v2\/pages\/9009","targetHints":{"allow":["GET"]}}],"collection":[{"href":"https:\/\/www.mobles114.com\/fr\/wp-json\/wp\/v2\/pages"}],"about":[{"href":"https:\/\/www.mobles114.com\/fr\/wp-json\/wp\/v2\/types\/page"}],"author":[{"embeddable":true,"href":"https:\/\/www.mobles114.com\/fr\/wp-json\/wp\/v2\/users\/1"}],"replies":[{"embeddable":true,"href":"https:\/\/www.mobles114.com\/fr\/wp-json\/wp\/v2\/comments?post=9009"}],"version-history":[{"count":1,"href":"https:\/\/www.mobles114.com\/fr\/wp-json\/wp\/v2\/pages\/9009\/revisions"}],"predecessor-version":[{"id":34066,"href":"https:\/\/www.mobles114.com\/fr\/wp-json\/wp\/v2\/pages\/9009\/revisions\/34066"}],"wp:attachment":[{"href":"https:\/\/www.mobles114.com\/fr\/wp-json\/wp\/v2\/media?parent=9009"}],"curies":[{"name":"wp","href":"https:\/\/api.w.org\/{rel}","templated":true}]}}