{"id":8990,"date":"2018-03-02T12:26:37","date_gmt":"2018-03-02T12:26:37","guid":{"rendered":"http:\/\/www.mobles114.com\/?page_id=8990"},"modified":"2019-09-10T11:37:19","modified_gmt":"2019-09-10T11:37:19","slug":"demande-dinformation","status":"publish","type":"page","link":"https:\/\/www.mobles114.com\/fr\/demande-dinformation\/","title":{"rendered":"Demande d&rsquo;information"},"content":{"rendered":"<h2>Contact<\/h2>\n<p>Nous vous offrons la possibilit\u00e9 de vous inscrire pour recevoir des informations. Vos donn\u00e9es seront trait\u00e9es conform\u00e9ment aux lois en vigueur sur la protection de la vie priv\u00e9e et feront partie de notre r\u00e9pertoire.<\/p>\n","protected":false},"excerpt":{"rendered":"<p>Contact Nous vous offrons la possibilit\u00e9 de vous inscrire pour recevoir des informations. Vos donn\u00e9es seront trait\u00e9es conform\u00e9ment aux lois &hellip;<\/p>\n","protected":false},"author":1,"featured_media":0,"parent":0,"menu_order":99,"comment_status":"closed","ping_status":"closed","template":"page-informacion.php","meta":{"_acf_changed":false,"footnotes":""},"class_list":["post-8990","page","type-page","status-publish","hentry"],"acf":[],"yoast_head":"<!-- This site is optimized with the Yoast SEO plugin v27.3 - https:\/\/yoast.com\/product\/yoast-seo-wordpress\/ -->\n<title>Demande d&#039;information - Mobles 114<\/title>\n<meta name=\"robots\" content=\"noindex, nofollow\" \/>\n<meta property=\"og:locale\" content=\"fr_FR\" \/>\n<meta property=\"og:type\" content=\"article\" \/>\n<meta property=\"og:title\" content=\"Demande d&#039;information - Mobles 114\" \/>\n<meta property=\"og:description\" content=\"Contact Nous vous offrons la possibilit\u00e9 de vous inscrire pour recevoir des informations. Vos donn\u00e9es seront trait\u00e9es conform\u00e9ment aux lois &hellip;\" \/>\n<meta property=\"og:url\" content=\"https:\/\/www.mobles114.com\/fr\/demande-dinformation\/\" \/>\n<meta property=\"og:site_name\" content=\"Mobles 114\" \/>\n<meta property=\"article:modified_time\" content=\"2019-09-10T11:37:19+00:00\" \/>\n<meta name=\"twitter:card\" content=\"summary_large_image\" \/>\n<script type=\"application\/ld+json\" class=\"yoast-schema-graph\">{\"@context\":\"https:\\\/\\\/schema.org\",\"@graph\":[{\"@type\":\"WebPage\",\"@id\":\"https:\\\/\\\/www.mobles114.com\\\/fr\\\/demande-dinformation\\\/\",\"url\":\"https:\\\/\\\/www.mobles114.com\\\/fr\\\/demande-dinformation\\\/\",\"name\":\"Demande d'information - Mobles 114\",\"isPartOf\":{\"@id\":\"https:\\\/\\\/www.mobles114.com\\\/fr\\\/#website\"},\"datePublished\":\"2018-03-02T12:26:37+00:00\",\"dateModified\":\"2019-09-10T11:37:19+00:00\",\"breadcrumb\":{\"@id\":\"https:\\\/\\\/www.mobles114.com\\\/fr\\\/demande-dinformation\\\/#breadcrumb\"},\"inLanguage\":\"fr-FR\",\"potentialAction\":[{\"@type\":\"ReadAction\",\"target\":[\"https:\\\/\\\/www.mobles114.com\\\/fr\\\/demande-dinformation\\\/\"]}]},{\"@type\":\"BreadcrumbList\",\"@id\":\"https:\\\/\\\/www.mobles114.com\\\/fr\\\/demande-dinformation\\\/#breadcrumb\",\"itemListElement\":[{\"@type\":\"ListItem\",\"position\":1,\"name\":\"Portada\",\"item\":\"https:\\\/\\\/www.mobles114.com\\\/fr\\\/\"},{\"@type\":\"ListItem\",\"position\":2,\"name\":\"Demande d&rsquo;information\"}]},{\"@type\":\"WebSite\",\"@id\":\"https:\\\/\\\/www.mobles114.com\\\/fr\\\/#website\",\"url\":\"https:\\\/\\\/www.mobles114.com\\\/fr\\\/\",\"name\":\"Mobles 114\",\"description\":\"Mobiliario de dise\u00f1o\",\"potentialAction\":[{\"@type\":\"SearchAction\",\"target\":{\"@type\":\"EntryPoint\",\"urlTemplate\":\"https:\\\/\\\/www.mobles114.com\\\/fr\\\/?s={search_term_string}\"},\"query-input\":{\"@type\":\"PropertyValueSpecification\",\"valueRequired\":true,\"valueName\":\"search_term_string\"}}],\"inLanguage\":\"fr-FR\"}]}<\/script>\n<!-- \/ Yoast SEO plugin. -->","yoast_head_json":{"title":"Demande d'information - Mobles 114","robots":{"index":"noindex","follow":"nofollow"},"og_locale":"fr_FR","og_type":"article","og_title":"Demande d'information - Mobles 114","og_description":"Contact Nous vous offrons la possibilit\u00e9 de vous inscrire pour recevoir des informations. Vos donn\u00e9es seront trait\u00e9es conform\u00e9ment aux lois &hellip;","og_url":"https:\/\/www.mobles114.com\/fr\/demande-dinformation\/","og_site_name":"Mobles 114","article_modified_time":"2019-09-10T11:37:19+00:00","twitter_card":"summary_large_image","schema":{"@context":"https:\/\/schema.org","@graph":[{"@type":"WebPage","@id":"https:\/\/www.mobles114.com\/fr\/demande-dinformation\/","url":"https:\/\/www.mobles114.com\/fr\/demande-dinformation\/","name":"Demande d'information - Mobles 114","isPartOf":{"@id":"https:\/\/www.mobles114.com\/fr\/#website"},"datePublished":"2018-03-02T12:26:37+00:00","dateModified":"2019-09-10T11:37:19+00:00","breadcrumb":{"@id":"https:\/\/www.mobles114.com\/fr\/demande-dinformation\/#breadcrumb"},"inLanguage":"fr-FR","potentialAction":[{"@type":"ReadAction","target":["https:\/\/www.mobles114.com\/fr\/demande-dinformation\/"]}]},{"@type":"BreadcrumbList","@id":"https:\/\/www.mobles114.com\/fr\/demande-dinformation\/#breadcrumb","itemListElement":[{"@type":"ListItem","position":1,"name":"Portada","item":"https:\/\/www.mobles114.com\/fr\/"},{"@type":"ListItem","position":2,"name":"Demande d&rsquo;information"}]},{"@type":"WebSite","@id":"https:\/\/www.mobles114.com\/fr\/#website","url":"https:\/\/www.mobles114.com\/fr\/","name":"Mobles 114","description":"Mobiliario de dise\u00f1o","potentialAction":[{"@type":"SearchAction","target":{"@type":"EntryPoint","urlTemplate":"https:\/\/www.mobles114.com\/fr\/?s={search_term_string}"},"query-input":{"@type":"PropertyValueSpecification","valueRequired":true,"valueName":"search_term_string"}}],"inLanguage":"fr-FR"}]}},"_links":{"self":[{"href":"https:\/\/www.mobles114.com\/fr\/wp-json\/wp\/v2\/pages\/8990","targetHints":{"allow":["GET"]}}],"collection":[{"href":"https:\/\/www.mobles114.com\/fr\/wp-json\/wp\/v2\/pages"}],"about":[{"href":"https:\/\/www.mobles114.com\/fr\/wp-json\/wp\/v2\/types\/page"}],"author":[{"embeddable":true,"href":"https:\/\/www.mobles114.com\/fr\/wp-json\/wp\/v2\/users\/1"}],"replies":[{"embeddable":true,"href":"https:\/\/www.mobles114.com\/fr\/wp-json\/wp\/v2\/comments?post=8990"}],"version-history":[{"count":0,"href":"https:\/\/www.mobles114.com\/fr\/wp-json\/wp\/v2\/pages\/8990\/revisions"}],"wp:attachment":[{"href":"https:\/\/www.mobles114.com\/fr\/wp-json\/wp\/v2\/media?parent=8990"}],"curies":[{"name":"wp","href":"https:\/\/api.w.org\/{rel}","templated":true}]}}