{"id":8967,"date":"2017-02-21T15:21:54","date_gmt":"2017-02-21T15:21:54","guid":{"rendered":"http:\/\/www.mobles114.com\/?page_id=8967"},"modified":"2025-10-10T09:26:29","modified_gmt":"2025-10-10T09:26:29","slug":"home-francais","status":"publish","type":"page","link":"https:\/\/www.mobles114.com\/fr\/","title":{"rendered":"Home fran\u00e7ais"},"content":{"rendered":"<div class=\"supercrsl supercarousel85 \" data-carouseloptions=\"{&quot;source&quot;:&quot;Image&quot;,&quot;respDesktop&quot;:&quot;visible&quot;,&quot;desktopVisible&quot;:&quot;1&quot;,&quot;desktopWidth&quot;:&quot;200&quot;,&quot;desktopHeight&quot;:&quot;200&quot;,&quot;respLaptop&quot;:&quot;visible&quot;,&quot;laptopVisible&quot;:&quot;1&quot;,&quot;laptopWidth&quot;:&quot;200&quot;,&quot;laptopHeight&quot;:&quot;200&quot;,&quot;respTablet&quot;:&quot;visible&quot;,&quot;tabletVisible&quot;:&quot;1&quot;,&quot;tabletWidth&quot;:&quot;200&quot;,&quot;tabletHeight&quot;:&quot;200&quot;,&quot;respMobile&quot;:&quot;visible&quot;,&quot;mobileVisible&quot;:&quot;1&quot;,&quot;mobileWidth&quot;:&quot;200&quot;,&quot;mobileHeight&quot;:&quot;200&quot;,&quot;direction&quot;:&quot;left&quot;,&quot;effect&quot;:&quot;slide&quot;,&quot;easing&quot;:&quot;swing&quot;,&quot;easingTime&quot;:&quot;400&quot;,&quot;step&quot;:&quot;1&quot;,&quot;auto&quot;:&quot;1&quot;,&quot;pauseTime&quot;:&quot;3000&quot;,&quot;pauseOver&quot;:&quot;0&quot;,&quot;autoscroll&quot;:&quot;0&quot;,&quot;scrollspeed&quot;:&quot;1&quot;,&quot;autoHeight&quot;:&quot;0&quot;,&quot;slideGap&quot;:&quot;1&quot;,&quot;nextPrev&quot;:&quot;1&quot;,&quot;arrowStyle&quot;:&quot;style3-black&quot;,&quot;arrowsOut&quot;:&quot;0&quot;,&quot;circular&quot;:&quot;1&quot;,&quot;mouseWheel&quot;:&quot;0&quot;,&quot;swipe&quot;:&quot;1&quot;,&quot;keys&quot;:&quot;0&quot;,&quot;paging&quot;:&quot;0&quot;,&quot;wrapper_class&quot;:&quot;&quot;,&quot;randomize&quot;:&quot;0&quot;,&quot;superhidden&quot;:&quot;0&quot;,&quot;customrespmin&quot;:[],&quot;customrespmax&quot;:[],&quot;customrespby&quot;:[],&quot;customrespvisible&quot;:[],&quot;customrespwidth&quot;:[],&quot;customrespheight&quot;:[],&quot;carouselid&quot;:85}\">\n    <div class=\"supercarousel\">\n                    <div>\n                <div class=\"super_imagewrap\"><div class=\"super_overlay super_overlay0\"><div class=\"super_overlay_title superoverlayelement0\"><a href=\"javascript: void(0);\" target=\"_self\" data-caption=\"\" class=\"super_clickaction\" title=\"\"><\/a><\/div><\/div><a href=\"javascript: void(0);\" target=\"_self\" data-caption=\"\" class=\"super_clickaction\" title=\"\"><img decoding=\"async\" src=\"\/\/www.mobles114.com\/wp-content\/uploads\/2020\/09\/00-mobles114-home-slide-n000.jpg\" alt=\"\" title=\"\" class=\"super_image superelement0\" \/><\/a><\/div>            <\/div>\n                        <div>\n                <div class=\"super_imagewrap\"><div class=\"super_overlay super_overlay0\"><div class=\"super_overlay_title superoverlayelement0\"><a href=\"javascript: void(0);\" target=\"_self\" data-caption=\"\" class=\"super_clickaction\" title=\"\"><\/a><\/div><\/div><a href=\"javascript: void(0);\" target=\"_self\" data-caption=\"\" class=\"super_clickaction\" title=\"\"><img decoding=\"async\" src=\"\/\/www.mobles114.com\/wp-content\/uploads\/2021\/09\/00_HOME_SLIDE_PEY.jpg\" alt=\"\" title=\"\" class=\"super_image superelement0\" \/><\/a><\/div>            <\/div>\n                        <div>\n                <div class=\"super_imagewrap\"><div class=\"super_overlay super_overlay0\"><div class=\"super_overlay_title superoverlayelement0\"><a href=\"javascript: void(0);\" target=\"_self\" data-caption=\"\" class=\"super_clickaction\" title=\"\"><\/a><\/div><\/div><a href=\"javascript: void(0);\" target=\"_self\" data-caption=\"\" class=\"super_clickaction\" title=\"\"><img decoding=\"async\" src=\"\/\/www.mobles114.com\/wp-content\/uploads\/2021\/04\/00_HOME_SLIDE_NUTAC-op.jpg\" alt=\"\" title=\"\" class=\"super_image superelement0\" \/><\/a><\/div>            <\/div>\n                        <div>\n                <div class=\"super_imagewrap\"><div class=\"super_overlay super_overlay0\"><div class=\"super_overlay_title superoverlayelement0\"><a href=\"javascript: void(0);\" target=\"_self\" data-caption=\"\" class=\"super_clickaction\" title=\"\"><\/a><\/div><\/div><a href=\"javascript: void(0);\" target=\"_self\" data-caption=\"\" class=\"super_clickaction\" title=\"\"><img decoding=\"async\" src=\"\/\/www.mobles114.com\/wp-content\/uploads\/2020\/07\/mobles114-home-slide-n001a-R-1.jpg\" alt=\"\" title=\"\" class=\"super_image superelement0\" \/><\/a><\/div>            <\/div>\n                        <div>\n                <div class=\"super_imagewrap\"><div class=\"super_overlay super_overlay0\"><div class=\"super_overlay_title superoverlayelement0\"><a href=\"javascript: void(0);\" target=\"_self\" data-caption=\"\" class=\"super_clickaction\" title=\"\"><\/a><\/div><\/div><a href=\"javascript: void(0);\" target=\"_self\" data-caption=\"\" class=\"super_clickaction\" title=\"\"><img decoding=\"async\" src=\"\/\/www.mobles114.com\/wp-content\/uploads\/2019\/04\/mobles114-home-slide-n001.jpg\" alt=\"\" title=\"\" class=\"super_image superelement0\" \/><\/a><\/div>            <\/div>\n                        <div>\n                <div class=\"super_imagewrap\"><div class=\"super_overlay super_overlay0\"><div class=\"super_overlay_title superoverlayelement0\"><a href=\"javascript: void(0);\" target=\"_self\" data-caption=\"\" class=\"super_clickaction\" title=\"\"><\/a><\/div><\/div><a href=\"javascript: void(0);\" target=\"_self\" data-caption=\"\" class=\"super_clickaction\" title=\"\"><img decoding=\"async\" src=\"\/\/www.mobles114.com\/wp-content\/uploads\/2019\/10\/mobles114-home-slide-n002a.jpg\" alt=\"\" title=\"\" class=\"super_image superelement0\" \/><\/a><\/div>            <\/div>\n                        <div>\n                <div class=\"super_imagewrap\"><div class=\"super_overlay super_overlay0\"><div class=\"super_overlay_title superoverlayelement0\"><a href=\"javascript: void(0);\" target=\"_self\" data-caption=\"\" class=\"super_clickaction\" title=\"\"><\/a><\/div><\/div><a href=\"javascript: void(0);\" target=\"_self\" data-caption=\"\" class=\"super_clickaction\" title=\"\"><img decoding=\"async\" src=\"\/\/www.mobles114.com\/wp-content\/uploads\/2020\/07\/mobles114-home-slide-n004a-R.jpg\" alt=\"\" title=\"\" class=\"super_image superelement0\" \/><\/a><\/div>            <\/div>\n                        <div>\n                <div class=\"super_imagewrap\"><div class=\"super_overlay super_overlay0\"><div class=\"super_overlay_title superoverlayelement0\"><a href=\"javascript: void(0);\" target=\"_self\" data-caption=\"\" class=\"super_clickaction\" title=\"\"><\/a><\/div><\/div><a href=\"javascript: void(0);\" target=\"_self\" data-caption=\"\" class=\"super_clickaction\" title=\"\"><img decoding=\"async\" src=\"\/\/www.mobles114.com\/wp-content\/uploads\/2021\/12\/00_HOME_SLIDE_DANESA.jpg\" alt=\"\" title=\"\" class=\"super_image superelement0\" \/><\/a><\/div>            <\/div>\n                <\/div>\n    <div class=\"clear\"><\/div>\n            <a class=\"superprev super_style3-black\" href=\"#\"><span>prev<\/span><\/a>\n        <a class=\"supernext super_style3-black\" href=\"#\"><span>next<\/span><\/a>\n            <div class=\"pagination\"><\/div>\n<\/div>\n","protected":false},"excerpt":{"rendered":"","protected":false},"author":1,"featured_media":0,"parent":0,"menu_order":148,"comment_status":"closed","ping_status":"closed","template":"page-home.php","meta":{"_acf_changed":false,"footnotes":""},"class_list":["post-8967","page","type-page","status-publish","hentry"],"acf":[],"yoast_head":"<!-- This site is optimized with the Yoast SEO plugin v27.3 - https:\/\/yoast.com\/product\/yoast-seo-wordpress\/ -->\n<title>Meubles design. \u00c9diteurs de meubles embl\u00e9matiques | Mobile 114<\/title>\n<meta name=\"description\" content=\"Mobles 114 est une maison d&#039;\u00e9dition de mobilier embl\u00e9matique. Experts en mobilier design pour les espaces collectifs et domestiques.\" \/>\n<meta name=\"robots\" content=\"index, follow, max-snippet:-1, max-image-preview:large, max-video-preview:-1\" \/>\n<link rel=\"canonical\" href=\"https:\/\/www.mobles114.com\/fr\/\" \/>\n<meta property=\"og:locale\" content=\"fr_FR\" \/>\n<meta property=\"og:type\" content=\"article\" \/>\n<meta property=\"og:title\" content=\"Meubles design. \u00c9diteurs de meubles embl\u00e9matiques | Mobile 114\" \/>\n<meta property=\"og:description\" content=\"Mobles 114 est une maison d&#039;\u00e9dition de mobilier embl\u00e9matique. Experts en mobilier design pour les espaces collectifs et domestiques.\" \/>\n<meta property=\"og:url\" content=\"https:\/\/www.mobles114.com\/fr\/\" \/>\n<meta property=\"og:site_name\" content=\"Mobles 114\" \/>\n<meta property=\"article:modified_time\" content=\"2025-10-10T09:26:29+00:00\" \/>\n<meta name=\"twitter:card\" content=\"summary_large_image\" \/>\n<meta name=\"twitter:label1\" content=\"Dur\u00e9e de lecture estim\u00e9e\" \/>\n\t<meta name=\"twitter:data1\" content=\"1 minute\" \/>\n<script type=\"application\/ld+json\" class=\"yoast-schema-graph\">{\"@context\":\"https:\\\/\\\/schema.org\",\"@graph\":[{\"@type\":\"WebPage\",\"@id\":\"https:\\\/\\\/www.mobles114.com\\\/fr\\\/\",\"url\":\"https:\\\/\\\/www.mobles114.com\\\/fr\\\/\",\"name\":\"Meubles design. \u00c9diteurs de meubles embl\u00e9matiques | Mobile 114\",\"isPartOf\":{\"@id\":\"https:\\\/\\\/www.mobles114.com\\\/fr\\\/#website\"},\"datePublished\":\"2017-02-21T15:21:54+00:00\",\"dateModified\":\"2025-10-10T09:26:29+00:00\",\"description\":\"Mobles 114 est une maison d'\u00e9dition de mobilier embl\u00e9matique. Experts en mobilier design pour les espaces collectifs et domestiques.\",\"breadcrumb\":{\"@id\":\"https:\\\/\\\/www.mobles114.com\\\/fr\\\/#breadcrumb\"},\"inLanguage\":\"fr-FR\",\"potentialAction\":[{\"@type\":\"ReadAction\",\"target\":[\"https:\\\/\\\/www.mobles114.com\\\/fr\\\/\"]}]},{\"@type\":\"BreadcrumbList\",\"@id\":\"https:\\\/\\\/www.mobles114.com\\\/fr\\\/#breadcrumb\",\"itemListElement\":[{\"@type\":\"ListItem\",\"position\":1,\"name\":\"Portada\",\"item\":\"https:\\\/\\\/www.mobles114.com\\\/fr\\\/\"},{\"@type\":\"ListItem\",\"position\":2,\"name\":\"Home fran\u00e7ais\"}]},{\"@type\":\"WebSite\",\"@id\":\"https:\\\/\\\/www.mobles114.com\\\/fr\\\/#website\",\"url\":\"https:\\\/\\\/www.mobles114.com\\\/fr\\\/\",\"name\":\"Mobles 114\",\"description\":\"Mobiliario de dise\u00f1o\",\"potentialAction\":[{\"@type\":\"SearchAction\",\"target\":{\"@type\":\"EntryPoint\",\"urlTemplate\":\"https:\\\/\\\/www.mobles114.com\\\/fr\\\/?s={search_term_string}\"},\"query-input\":{\"@type\":\"PropertyValueSpecification\",\"valueRequired\":true,\"valueName\":\"search_term_string\"}}],\"inLanguage\":\"fr-FR\"}]}<\/script>\n<!-- \/ Yoast SEO plugin. -->","yoast_head_json":{"title":"Meubles design. \u00c9diteurs de meubles embl\u00e9matiques | Mobile 114","description":"Mobles 114 est une maison d'\u00e9dition de mobilier embl\u00e9matique. Experts en mobilier design pour les espaces collectifs et domestiques.","robots":{"index":"index","follow":"follow","max-snippet":"max-snippet:-1","max-image-preview":"max-image-preview:large","max-video-preview":"max-video-preview:-1"},"canonical":"https:\/\/www.mobles114.com\/fr\/","og_locale":"fr_FR","og_type":"article","og_title":"Meubles design. \u00c9diteurs de meubles embl\u00e9matiques | Mobile 114","og_description":"Mobles 114 est une maison d'\u00e9dition de mobilier embl\u00e9matique. Experts en mobilier design pour les espaces collectifs et domestiques.","og_url":"https:\/\/www.mobles114.com\/fr\/","og_site_name":"Mobles 114","article_modified_time":"2025-10-10T09:26:29+00:00","twitter_card":"summary_large_image","twitter_misc":{"Dur\u00e9e de lecture estim\u00e9e":"1 minute"},"schema":{"@context":"https:\/\/schema.org","@graph":[{"@type":"WebPage","@id":"https:\/\/www.mobles114.com\/fr\/","url":"https:\/\/www.mobles114.com\/fr\/","name":"Meubles design. \u00c9diteurs de meubles embl\u00e9matiques | Mobile 114","isPartOf":{"@id":"https:\/\/www.mobles114.com\/fr\/#website"},"datePublished":"2017-02-21T15:21:54+00:00","dateModified":"2025-10-10T09:26:29+00:00","description":"Mobles 114 est une maison d'\u00e9dition de mobilier embl\u00e9matique. Experts en mobilier design pour les espaces collectifs et domestiques.","breadcrumb":{"@id":"https:\/\/www.mobles114.com\/fr\/#breadcrumb"},"inLanguage":"fr-FR","potentialAction":[{"@type":"ReadAction","target":["https:\/\/www.mobles114.com\/fr\/"]}]},{"@type":"BreadcrumbList","@id":"https:\/\/www.mobles114.com\/fr\/#breadcrumb","itemListElement":[{"@type":"ListItem","position":1,"name":"Portada","item":"https:\/\/www.mobles114.com\/fr\/"},{"@type":"ListItem","position":2,"name":"Home fran\u00e7ais"}]},{"@type":"WebSite","@id":"https:\/\/www.mobles114.com\/fr\/#website","url":"https:\/\/www.mobles114.com\/fr\/","name":"Mobles 114","description":"Mobiliario de dise\u00f1o","potentialAction":[{"@type":"SearchAction","target":{"@type":"EntryPoint","urlTemplate":"https:\/\/www.mobles114.com\/fr\/?s={search_term_string}"},"query-input":{"@type":"PropertyValueSpecification","valueRequired":true,"valueName":"search_term_string"}}],"inLanguage":"fr-FR"}]}},"_links":{"self":[{"href":"https:\/\/www.mobles114.com\/fr\/wp-json\/wp\/v2\/pages\/8967","targetHints":{"allow":["GET"]}}],"collection":[{"href":"https:\/\/www.mobles114.com\/fr\/wp-json\/wp\/v2\/pages"}],"about":[{"href":"https:\/\/www.mobles114.com\/fr\/wp-json\/wp\/v2\/types\/page"}],"author":[{"embeddable":true,"href":"https:\/\/www.mobles114.com\/fr\/wp-json\/wp\/v2\/users\/1"}],"replies":[{"embeddable":true,"href":"https:\/\/www.mobles114.com\/fr\/wp-json\/wp\/v2\/comments?post=8967"}],"version-history":[{"count":19,"href":"https:\/\/www.mobles114.com\/fr\/wp-json\/wp\/v2\/pages\/8967\/revisions"}],"predecessor-version":[{"id":72632,"href":"https:\/\/www.mobles114.com\/fr\/wp-json\/wp\/v2\/pages\/8967\/revisions\/72632"}],"wp:attachment":[{"href":"https:\/\/www.mobles114.com\/fr\/wp-json\/wp\/v2\/media?parent=8967"}],"curies":[{"name":"wp","href":"https:\/\/api.w.org\/{rel}","templated":true}]}}