{"id":8917,"date":"2018-03-13T09:00:27","date_gmt":"2018-03-13T09:00:27","guid":{"rendered":"http:\/\/www.mobles114.com\/?page_id=8917"},"modified":"2024-10-11T07:41:49","modified_gmt":"2024-10-11T07:41:49","slug":"classic-collection-meuble-iconique","status":"publish","type":"page","link":"https:\/\/www.mobles114.com\/fr\/classic-collection-meuble-iconique\/","title":{"rendered":"Classic Collection"},"content":{"rendered":"<p id=\"tw-target-text\" class=\"tw-data-text tw-ta tw-text-small\" dir=\"ltr\" data-placeholder=\"Traducci\u00f3n\">Avec la collection Classic, nous cherchons \u00e0 ressusciter des meubles et objets tomb\u00e9s dans l&rsquo;oubli ou pr\u00e9serv\u00e9s dans des collections de mus\u00e9es, car nous consid\u00e9rons qu&rsquo;ils font partie du patrimoine mat\u00e9riel de notre culture. Nous le faisons en recherchant des meubles qui ne sont plus sur le march\u00e9, et que nous int\u00e9grons parce qu&rsquo;ils conservent leur pertinence intacte, tant par leur conception que par leur design.<\/p>\n","protected":false},"excerpt":{"rendered":"<p>Avec la collection Classic, nous cherchons \u00e0 ressusciter des meubles et objets tomb\u00e9s dans l&rsquo;oubli ou pr\u00e9serv\u00e9s dans des collections &hellip;<\/p>\n","protected":false},"author":1,"featured_media":8919,"parent":0,"menu_order":25,"comment_status":"closed","ping_status":"closed","template":"page-classics.php","meta":{"_acf_changed":false,"footnotes":""},"class_list":["post-8917","page","type-page","status-publish","has-post-thumbnail","hentry"],"acf":[],"yoast_head":"<!-- This site is optimized with the Yoast SEO plugin v27.3 - https:\/\/yoast.com\/product\/yoast-seo-wordpress\/ -->\n<title>Collection Classique | Meubles iconiques de Mobles 114<\/title>\n<meta name=\"description\" content=\"D\u00e9poser de meubles iconiques. Mobles 114 montre les produits qui font partie de notre m\u00e9moire et de notre patrimoine culturel.\" \/>\n<meta name=\"robots\" content=\"index, follow, max-snippet:-1, max-image-preview:large, max-video-preview:-1\" \/>\n<link rel=\"canonical\" href=\"https:\/\/www.mobles114.com\/fr\/classic-collection-meuble-iconique\/\" \/>\n<meta property=\"og:locale\" content=\"fr_FR\" \/>\n<meta property=\"og:type\" content=\"article\" \/>\n<meta property=\"og:title\" content=\"Collection Classique | Meubles iconiques de Mobles 114\" \/>\n<meta property=\"og:description\" content=\"D\u00e9poser de meubles iconiques. Mobles 114 montre les produits qui font partie de notre m\u00e9moire et de notre patrimoine culturel.\" \/>\n<meta property=\"og:url\" content=\"https:\/\/www.mobles114.com\/fr\/classic-collection-meuble-iconique\/\" \/>\n<meta property=\"og:site_name\" content=\"Mobles 114\" \/>\n<meta property=\"article:modified_time\" content=\"2024-10-11T07:41:49+00:00\" \/>\n<meta property=\"og:image\" content=\"https:\/\/www.mobles114.com\/wp-content\/uploads\/2018\/03\/img-classic.jpg\" \/>\n\t<meta property=\"og:image:width\" content=\"1044\" \/>\n\t<meta property=\"og:image:height\" content=\"635\" \/>\n\t<meta property=\"og:image:type\" content=\"image\/jpeg\" \/>\n<meta name=\"twitter:card\" content=\"summary_large_image\" \/>\n<meta name=\"twitter:label1\" content=\"Dur\u00e9e de lecture estim\u00e9e\" \/>\n\t<meta name=\"twitter:data1\" content=\"1 minute\" \/>\n<script type=\"application\/ld+json\" class=\"yoast-schema-graph\">{\"@context\":\"https:\\\/\\\/schema.org\",\"@graph\":[{\"@type\":\"WebPage\",\"@id\":\"https:\\\/\\\/www.mobles114.com\\\/fr\\\/classic-collection-meuble-iconique\\\/\",\"url\":\"https:\\\/\\\/www.mobles114.com\\\/fr\\\/classic-collection-meuble-iconique\\\/\",\"name\":\"Collection Classique | Meubles iconiques de Mobles 114\",\"isPartOf\":{\"@id\":\"https:\\\/\\\/www.mobles114.com\\\/fr\\\/#website\"},\"primaryImageOfPage\":{\"@id\":\"https:\\\/\\\/www.mobles114.com\\\/fr\\\/classic-collection-meuble-iconique\\\/#primaryimage\"},\"image\":{\"@id\":\"https:\\\/\\\/www.mobles114.com\\\/fr\\\/classic-collection-meuble-iconique\\\/#primaryimage\"},\"thumbnailUrl\":\"https:\\\/\\\/www.mobles114.com\\\/wp-content\\\/uploads\\\/2018\\\/03\\\/img-classic.jpg\",\"datePublished\":\"2018-03-13T09:00:27+00:00\",\"dateModified\":\"2024-10-11T07:41:49+00:00\",\"description\":\"D\u00e9poser de meubles iconiques. Mobles 114 montre les produits qui font partie de notre m\u00e9moire et de notre patrimoine culturel.\",\"breadcrumb\":{\"@id\":\"https:\\\/\\\/www.mobles114.com\\\/fr\\\/classic-collection-meuble-iconique\\\/#breadcrumb\"},\"inLanguage\":\"fr-FR\",\"potentialAction\":[{\"@type\":\"ReadAction\",\"target\":[\"https:\\\/\\\/www.mobles114.com\\\/fr\\\/classic-collection-meuble-iconique\\\/\"]}]},{\"@type\":\"ImageObject\",\"inLanguage\":\"fr-FR\",\"@id\":\"https:\\\/\\\/www.mobles114.com\\\/fr\\\/classic-collection-meuble-iconique\\\/#primaryimage\",\"url\":\"https:\\\/\\\/www.mobles114.com\\\/wp-content\\\/uploads\\\/2018\\\/03\\\/img-classic.jpg\",\"contentUrl\":\"https:\\\/\\\/www.mobles114.com\\\/wp-content\\\/uploads\\\/2018\\\/03\\\/img-classic.jpg\",\"width\":1044,\"height\":635,\"caption\":\"muebles iconicos\"},{\"@type\":\"BreadcrumbList\",\"@id\":\"https:\\\/\\\/www.mobles114.com\\\/fr\\\/classic-collection-meuble-iconique\\\/#breadcrumb\",\"itemListElement\":[{\"@type\":\"ListItem\",\"position\":1,\"name\":\"Portada\",\"item\":\"https:\\\/\\\/www.mobles114.com\\\/fr\\\/\"},{\"@type\":\"ListItem\",\"position\":2,\"name\":\"Classic Collection\"}]},{\"@type\":\"WebSite\",\"@id\":\"https:\\\/\\\/www.mobles114.com\\\/fr\\\/#website\",\"url\":\"https:\\\/\\\/www.mobles114.com\\\/fr\\\/\",\"name\":\"Mobles 114\",\"description\":\"Mobiliario de dise\u00f1o\",\"potentialAction\":[{\"@type\":\"SearchAction\",\"target\":{\"@type\":\"EntryPoint\",\"urlTemplate\":\"https:\\\/\\\/www.mobles114.com\\\/fr\\\/?s={search_term_string}\"},\"query-input\":{\"@type\":\"PropertyValueSpecification\",\"valueRequired\":true,\"valueName\":\"search_term_string\"}}],\"inLanguage\":\"fr-FR\"}]}<\/script>\n<!-- \/ Yoast SEO plugin. -->","yoast_head_json":{"title":"Collection Classique | Meubles iconiques de Mobles 114","description":"D\u00e9poser de meubles iconiques. Mobles 114 montre les produits qui font partie de notre m\u00e9moire et de notre patrimoine culturel.","robots":{"index":"index","follow":"follow","max-snippet":"max-snippet:-1","max-image-preview":"max-image-preview:large","max-video-preview":"max-video-preview:-1"},"canonical":"https:\/\/www.mobles114.com\/fr\/classic-collection-meuble-iconique\/","og_locale":"fr_FR","og_type":"article","og_title":"Collection Classique | Meubles iconiques de Mobles 114","og_description":"D\u00e9poser de meubles iconiques. Mobles 114 montre les produits qui font partie de notre m\u00e9moire et de notre patrimoine culturel.","og_url":"https:\/\/www.mobles114.com\/fr\/classic-collection-meuble-iconique\/","og_site_name":"Mobles 114","article_modified_time":"2024-10-11T07:41:49+00:00","og_image":[{"width":1044,"height":635,"url":"https:\/\/www.mobles114.com\/wp-content\/uploads\/2018\/03\/img-classic.jpg","type":"image\/jpeg"}],"twitter_card":"summary_large_image","twitter_misc":{"Dur\u00e9e de lecture estim\u00e9e":"1 minute"},"schema":{"@context":"https:\/\/schema.org","@graph":[{"@type":"WebPage","@id":"https:\/\/www.mobles114.com\/fr\/classic-collection-meuble-iconique\/","url":"https:\/\/www.mobles114.com\/fr\/classic-collection-meuble-iconique\/","name":"Collection Classique | Meubles iconiques de Mobles 114","isPartOf":{"@id":"https:\/\/www.mobles114.com\/fr\/#website"},"primaryImageOfPage":{"@id":"https:\/\/www.mobles114.com\/fr\/classic-collection-meuble-iconique\/#primaryimage"},"image":{"@id":"https:\/\/www.mobles114.com\/fr\/classic-collection-meuble-iconique\/#primaryimage"},"thumbnailUrl":"https:\/\/www.mobles114.com\/wp-content\/uploads\/2018\/03\/img-classic.jpg","datePublished":"2018-03-13T09:00:27+00:00","dateModified":"2024-10-11T07:41:49+00:00","description":"D\u00e9poser de meubles iconiques. Mobles 114 montre les produits qui font partie de notre m\u00e9moire et de notre patrimoine culturel.","breadcrumb":{"@id":"https:\/\/www.mobles114.com\/fr\/classic-collection-meuble-iconique\/#breadcrumb"},"inLanguage":"fr-FR","potentialAction":[{"@type":"ReadAction","target":["https:\/\/www.mobles114.com\/fr\/classic-collection-meuble-iconique\/"]}]},{"@type":"ImageObject","inLanguage":"fr-FR","@id":"https:\/\/www.mobles114.com\/fr\/classic-collection-meuble-iconique\/#primaryimage","url":"https:\/\/www.mobles114.com\/wp-content\/uploads\/2018\/03\/img-classic.jpg","contentUrl":"https:\/\/www.mobles114.com\/wp-content\/uploads\/2018\/03\/img-classic.jpg","width":1044,"height":635,"caption":"muebles iconicos"},{"@type":"BreadcrumbList","@id":"https:\/\/www.mobles114.com\/fr\/classic-collection-meuble-iconique\/#breadcrumb","itemListElement":[{"@type":"ListItem","position":1,"name":"Portada","item":"https:\/\/www.mobles114.com\/fr\/"},{"@type":"ListItem","position":2,"name":"Classic Collection"}]},{"@type":"WebSite","@id":"https:\/\/www.mobles114.com\/fr\/#website","url":"https:\/\/www.mobles114.com\/fr\/","name":"Mobles 114","description":"Mobiliario de dise\u00f1o","potentialAction":[{"@type":"SearchAction","target":{"@type":"EntryPoint","urlTemplate":"https:\/\/www.mobles114.com\/fr\/?s={search_term_string}"},"query-input":{"@type":"PropertyValueSpecification","valueRequired":true,"valueName":"search_term_string"}}],"inLanguage":"fr-FR"}]}},"_links":{"self":[{"href":"https:\/\/www.mobles114.com\/fr\/wp-json\/wp\/v2\/pages\/8917","targetHints":{"allow":["GET"]}}],"collection":[{"href":"https:\/\/www.mobles114.com\/fr\/wp-json\/wp\/v2\/pages"}],"about":[{"href":"https:\/\/www.mobles114.com\/fr\/wp-json\/wp\/v2\/types\/page"}],"author":[{"embeddable":true,"href":"https:\/\/www.mobles114.com\/fr\/wp-json\/wp\/v2\/users\/1"}],"replies":[{"embeddable":true,"href":"https:\/\/www.mobles114.com\/fr\/wp-json\/wp\/v2\/comments?post=8917"}],"version-history":[{"count":4,"href":"https:\/\/www.mobles114.com\/fr\/wp-json\/wp\/v2\/pages\/8917\/revisions"}],"predecessor-version":[{"id":71434,"href":"https:\/\/www.mobles114.com\/fr\/wp-json\/wp\/v2\/pages\/8917\/revisions\/71434"}],"wp:featuredmedia":[{"embeddable":true,"href":"https:\/\/www.mobles114.com\/fr\/wp-json\/wp\/v2\/media\/8919"}],"wp:attachment":[{"href":"https:\/\/www.mobles114.com\/fr\/wp-json\/wp\/v2\/media?parent=8917"}],"curies":[{"name":"wp","href":"https:\/\/api.w.org\/{rel}","templated":true}]}}