{"id":64983,"date":"2022-03-17T14:39:48","date_gmt":"2022-03-17T14:39:48","guid":{"rendered":"https:\/\/www.mobles114.com\/professional-area\/downloads\/"},"modified":"2024-03-14T11:46:42","modified_gmt":"2024-03-14T11:46:42","slug":"downloads","status":"publish","type":"page","link":"https:\/\/www.mobles114.com\/fr\/professional-area\/downloads\/","title":{"rendered":"T\u00e9l\u00e9chargements"},"content":{"rendered":"","protected":false},"excerpt":{"rendered":"","protected":false},"author":1,"featured_media":0,"parent":56331,"menu_order":10,"comment_status":"closed","ping_status":"closed","template":"page-downloads.php","meta":{"_acf_changed":false,"footnotes":""},"class_list":["post-64983","page","type-page","status-publish","hentry"],"acf":[],"yoast_head":"<!-- This site is optimized with the Yoast SEO plugin v27.0 - https:\/\/yoast.com\/product\/yoast-seo-wordpress\/ -->\n<title>T\u00e9l\u00e9chargements de tipos de Mobiliario Contract para tu negocio | Mobles 114<\/title>\n<meta name=\"description\" content=\"Mobles 114 proporciona informaci\u00f3n de productos Mobiliario Contract para tu negocio: fichas t\u00e9cnicas, im\u00e1genes y m\u00e1s. Contacte profesionales.\" \/>\n<meta name=\"robots\" content=\"index, follow, max-snippet:-1, max-image-preview:large, max-video-preview:-1\" \/>\n<link rel=\"canonical\" href=\"https:\/\/www.mobles114.com\/fr\/professional-area\/downloads\/\" \/>\n<meta property=\"og:locale\" content=\"fr_FR\" \/>\n<meta property=\"og:type\" content=\"article\" \/>\n<meta property=\"og:title\" content=\"T\u00e9l\u00e9chargements de tipos de Mobiliario Contract para tu negocio | Mobles 114\" \/>\n<meta property=\"og:description\" content=\"Mobles 114 proporciona informaci\u00f3n de productos Mobiliario Contract para tu negocio: fichas t\u00e9cnicas, im\u00e1genes y m\u00e1s. Contacte profesionales.\" \/>\n<meta property=\"og:url\" content=\"https:\/\/www.mobles114.com\/fr\/professional-area\/downloads\/\" \/>\n<meta property=\"og:site_name\" content=\"Mobles 114\" \/>\n<meta property=\"article:modified_time\" content=\"2024-03-14T11:46:42+00:00\" \/>\n<meta name=\"twitter:card\" content=\"summary_large_image\" \/>\n<script type=\"application\/ld+json\" class=\"yoast-schema-graph\">{\"@context\":\"https:\/\/schema.org\",\"@graph\":[{\"@type\":\"WebPage\",\"@id\":\"https:\/\/www.mobles114.com\/fr\/professional-area\/downloads\/\",\"url\":\"https:\/\/www.mobles114.com\/fr\/professional-area\/downloads\/\",\"name\":\"T\u00e9l\u00e9chargements de tipos de Mobiliario Contract para tu negocio | Mobles 114\",\"isPartOf\":{\"@id\":\"https:\/\/www.mobles114.com\/fr\/#website\"},\"datePublished\":\"2022-03-17T14:39:48+00:00\",\"dateModified\":\"2024-03-14T11:46:42+00:00\",\"description\":\"Mobles 114 proporciona informaci\u00f3n de productos Mobiliario Contract para tu negocio: fichas t\u00e9cnicas, im\u00e1genes y m\u00e1s. Contacte profesionales.\",\"breadcrumb\":{\"@id\":\"https:\/\/www.mobles114.com\/fr\/professional-area\/downloads\/#breadcrumb\"},\"inLanguage\":\"fr-FR\",\"potentialAction\":[{\"@type\":\"ReadAction\",\"target\":[\"https:\/\/www.mobles114.com\/fr\/professional-area\/downloads\/\"]}]},{\"@type\":\"BreadcrumbList\",\"@id\":\"https:\/\/www.mobles114.com\/fr\/professional-area\/downloads\/#breadcrumb\",\"itemListElement\":[{\"@type\":\"ListItem\",\"position\":1,\"name\":\"Portada\",\"item\":\"https:\/\/www.mobles114.com\/fr\/\"},{\"@type\":\"ListItem\",\"position\":2,\"name\":\"Professional Area\",\"item\":\"https:\/\/www.mobles114.com\/fr\/professional-area\/\"},{\"@type\":\"ListItem\",\"position\":3,\"name\":\"T\u00e9l\u00e9chargements\"}]},{\"@type\":\"WebSite\",\"@id\":\"https:\/\/www.mobles114.com\/fr\/#website\",\"url\":\"https:\/\/www.mobles114.com\/fr\/\",\"name\":\"Mobles 114\",\"description\":\"Mobiliario de dise\u00f1o\",\"potentialAction\":[{\"@type\":\"SearchAction\",\"target\":{\"@type\":\"EntryPoint\",\"urlTemplate\":\"https:\/\/www.mobles114.com\/fr\/?s={search_term_string}\"},\"query-input\":{\"@type\":\"PropertyValueSpecification\",\"valueRequired\":true,\"valueName\":\"search_term_string\"}}],\"inLanguage\":\"fr-FR\"}]}<\/script>\n<!-- \/ Yoast SEO plugin. -->","yoast_head_json":{"title":"T\u00e9l\u00e9chargements de tipos de Mobiliario Contract para tu negocio | Mobles 114","description":"Mobles 114 proporciona informaci\u00f3n de productos Mobiliario Contract para tu negocio: fichas t\u00e9cnicas, im\u00e1genes y m\u00e1s. Contacte profesionales.","robots":{"index":"index","follow":"follow","max-snippet":"max-snippet:-1","max-image-preview":"max-image-preview:large","max-video-preview":"max-video-preview:-1"},"canonical":"https:\/\/www.mobles114.com\/fr\/professional-area\/downloads\/","og_locale":"fr_FR","og_type":"article","og_title":"T\u00e9l\u00e9chargements de tipos de Mobiliario Contract para tu negocio | Mobles 114","og_description":"Mobles 114 proporciona informaci\u00f3n de productos Mobiliario Contract para tu negocio: fichas t\u00e9cnicas, im\u00e1genes y m\u00e1s. Contacte profesionales.","og_url":"https:\/\/www.mobles114.com\/fr\/professional-area\/downloads\/","og_site_name":"Mobles 114","article_modified_time":"2024-03-14T11:46:42+00:00","twitter_card":"summary_large_image","schema":{"@context":"https:\/\/schema.org","@graph":[{"@type":"WebPage","@id":"https:\/\/www.mobles114.com\/fr\/professional-area\/downloads\/","url":"https:\/\/www.mobles114.com\/fr\/professional-area\/downloads\/","name":"T\u00e9l\u00e9chargements de tipos de Mobiliario Contract para tu negocio | Mobles 114","isPartOf":{"@id":"https:\/\/www.mobles114.com\/fr\/#website"},"datePublished":"2022-03-17T14:39:48+00:00","dateModified":"2024-03-14T11:46:42+00:00","description":"Mobles 114 proporciona informaci\u00f3n de productos Mobiliario Contract para tu negocio: fichas t\u00e9cnicas, im\u00e1genes y m\u00e1s. Contacte profesionales.","breadcrumb":{"@id":"https:\/\/www.mobles114.com\/fr\/professional-area\/downloads\/#breadcrumb"},"inLanguage":"fr-FR","potentialAction":[{"@type":"ReadAction","target":["https:\/\/www.mobles114.com\/fr\/professional-area\/downloads\/"]}]},{"@type":"BreadcrumbList","@id":"https:\/\/www.mobles114.com\/fr\/professional-area\/downloads\/#breadcrumb","itemListElement":[{"@type":"ListItem","position":1,"name":"Portada","item":"https:\/\/www.mobles114.com\/fr\/"},{"@type":"ListItem","position":2,"name":"Professional Area","item":"https:\/\/www.mobles114.com\/fr\/professional-area\/"},{"@type":"ListItem","position":3,"name":"T\u00e9l\u00e9chargements"}]},{"@type":"WebSite","@id":"https:\/\/www.mobles114.com\/fr\/#website","url":"https:\/\/www.mobles114.com\/fr\/","name":"Mobles 114","description":"Mobiliario de dise\u00f1o","potentialAction":[{"@type":"SearchAction","target":{"@type":"EntryPoint","urlTemplate":"https:\/\/www.mobles114.com\/fr\/?s={search_term_string}"},"query-input":{"@type":"PropertyValueSpecification","valueRequired":true,"valueName":"search_term_string"}}],"inLanguage":"fr-FR"}]}},"_links":{"self":[{"href":"https:\/\/www.mobles114.com\/fr\/wp-json\/wp\/v2\/pages\/64983","targetHints":{"allow":["GET"]}}],"collection":[{"href":"https:\/\/www.mobles114.com\/fr\/wp-json\/wp\/v2\/pages"}],"about":[{"href":"https:\/\/www.mobles114.com\/fr\/wp-json\/wp\/v2\/types\/page"}],"author":[{"embeddable":true,"href":"https:\/\/www.mobles114.com\/fr\/wp-json\/wp\/v2\/users\/1"}],"replies":[{"embeddable":true,"href":"https:\/\/www.mobles114.com\/fr\/wp-json\/wp\/v2\/comments?post=64983"}],"version-history":[{"count":2,"href":"https:\/\/www.mobles114.com\/fr\/wp-json\/wp\/v2\/pages\/64983\/revisions"}],"predecessor-version":[{"id":64992,"href":"https:\/\/www.mobles114.com\/fr\/wp-json\/wp\/v2\/pages\/64983\/revisions\/64992"}],"up":[{"embeddable":true,"href":"https:\/\/www.mobles114.com\/fr\/wp-json\/wp\/v2\/pages\/56331"}],"wp:attachment":[{"href":"https:\/\/www.mobles114.com\/fr\/wp-json\/wp\/v2\/media?parent=64983"}],"curies":[{"name":"wp","href":"https:\/\/api.w.org\/{rel}","templated":true}]}}