{"id":64473,"date":"2022-03-17T13:23:45","date_gmt":"2022-03-17T13:23:45","guid":{"rendered":"https:\/\/www.mobles114.com\/professional-area\/contacto-comercial\/"},"modified":"2024-04-25T07:44:05","modified_gmt":"2024-04-25T07:44:05","slug":"contacto-comercial","status":"publish","type":"page","link":"https:\/\/www.mobles114.com\/fr\/professional-area\/contacto-comercial\/","title":{"rendered":"Contact commercial"},"content":{"rendered":"<p>S\u00e9lectionnez votre pays pour vous connecter avec le repr\u00e9sentant appropri\u00e9 et recevoir un service personnalis\u00e9 et efficace.<\/p>\n","protected":false},"excerpt":{"rendered":"<p>S\u00e9lectionnez votre pays pour vous connecter avec le repr\u00e9sentant appropri\u00e9 et recevoir un service personnalis\u00e9 et efficace.<\/p>\n","protected":false},"author":1,"featured_media":0,"parent":56331,"menu_order":11,"comment_status":"closed","ping_status":"closed","template":"page-contacto-comercial.php","meta":{"_acf_changed":false,"footnotes":""},"class_list":["post-64473","page","type-page","status-publish","hentry"],"acf":[],"yoast_head":"<!-- This site is optimized with the Yoast SEO plugin v27.3 - https:\/\/yoast.com\/product\/yoast-seo-wordpress\/ -->\n<title>Contact commercial - Mobles 114<\/title>\n<meta name=\"robots\" content=\"index, follow, max-snippet:-1, max-image-preview:large, max-video-preview:-1\" \/>\n<link rel=\"canonical\" href=\"https:\/\/www.mobles114.com\/fr\/professional-area\/contacto-comercial\/\" \/>\n<meta property=\"og:locale\" content=\"fr_FR\" \/>\n<meta property=\"og:type\" content=\"article\" \/>\n<meta property=\"og:title\" content=\"Contact commercial - Mobles 114\" \/>\n<meta property=\"og:description\" content=\"S\u00e9lectionnez votre pays pour vous connecter avec le repr\u00e9sentant appropri\u00e9 et recevoir un service personnalis\u00e9 et efficace.\" \/>\n<meta property=\"og:url\" content=\"https:\/\/www.mobles114.com\/fr\/professional-area\/contacto-comercial\/\" \/>\n<meta property=\"og:site_name\" content=\"Mobles 114\" \/>\n<meta property=\"article:modified_time\" content=\"2024-04-25T07:44:05+00:00\" \/>\n<meta name=\"twitter:card\" content=\"summary_large_image\" \/>\n<meta name=\"twitter:label1\" content=\"Dur\u00e9e de lecture estim\u00e9e\" \/>\n\t<meta name=\"twitter:data1\" content=\"1 minute\" \/>\n<script type=\"application\/ld+json\" class=\"yoast-schema-graph\">{\"@context\":\"https:\\\/\\\/schema.org\",\"@graph\":[{\"@type\":\"WebPage\",\"@id\":\"https:\\\/\\\/www.mobles114.com\\\/fr\\\/professional-area\\\/contacto-comercial\\\/\",\"url\":\"https:\\\/\\\/www.mobles114.com\\\/fr\\\/professional-area\\\/contacto-comercial\\\/\",\"name\":\"Contact commercial - Mobles 114\",\"isPartOf\":{\"@id\":\"https:\\\/\\\/www.mobles114.com\\\/fr\\\/#website\"},\"datePublished\":\"2022-03-17T13:23:45+00:00\",\"dateModified\":\"2024-04-25T07:44:05+00:00\",\"breadcrumb\":{\"@id\":\"https:\\\/\\\/www.mobles114.com\\\/fr\\\/professional-area\\\/contacto-comercial\\\/#breadcrumb\"},\"inLanguage\":\"fr-FR\",\"potentialAction\":[{\"@type\":\"ReadAction\",\"target\":[\"https:\\\/\\\/www.mobles114.com\\\/fr\\\/professional-area\\\/contacto-comercial\\\/\"]}]},{\"@type\":\"BreadcrumbList\",\"@id\":\"https:\\\/\\\/www.mobles114.com\\\/fr\\\/professional-area\\\/contacto-comercial\\\/#breadcrumb\",\"itemListElement\":[{\"@type\":\"ListItem\",\"position\":1,\"name\":\"Portada\",\"item\":\"https:\\\/\\\/www.mobles114.com\\\/fr\\\/\"},{\"@type\":\"ListItem\",\"position\":2,\"name\":\"Professional Area\",\"item\":\"https:\\\/\\\/www.mobles114.com\\\/fr\\\/professional-area\\\/\"},{\"@type\":\"ListItem\",\"position\":3,\"name\":\"Contact commercial\"}]},{\"@type\":\"WebSite\",\"@id\":\"https:\\\/\\\/www.mobles114.com\\\/fr\\\/#website\",\"url\":\"https:\\\/\\\/www.mobles114.com\\\/fr\\\/\",\"name\":\"Mobles 114\",\"description\":\"Mobiliario de dise\u00f1o\",\"potentialAction\":[{\"@type\":\"SearchAction\",\"target\":{\"@type\":\"EntryPoint\",\"urlTemplate\":\"https:\\\/\\\/www.mobles114.com\\\/fr\\\/?s={search_term_string}\"},\"query-input\":{\"@type\":\"PropertyValueSpecification\",\"valueRequired\":true,\"valueName\":\"search_term_string\"}}],\"inLanguage\":\"fr-FR\"}]}<\/script>\n<!-- \/ Yoast SEO plugin. -->","yoast_head_json":{"title":"Contact commercial - Mobles 114","robots":{"index":"index","follow":"follow","max-snippet":"max-snippet:-1","max-image-preview":"max-image-preview:large","max-video-preview":"max-video-preview:-1"},"canonical":"https:\/\/www.mobles114.com\/fr\/professional-area\/contacto-comercial\/","og_locale":"fr_FR","og_type":"article","og_title":"Contact commercial - Mobles 114","og_description":"S\u00e9lectionnez votre pays pour vous connecter avec le repr\u00e9sentant appropri\u00e9 et recevoir un service personnalis\u00e9 et efficace.","og_url":"https:\/\/www.mobles114.com\/fr\/professional-area\/contacto-comercial\/","og_site_name":"Mobles 114","article_modified_time":"2024-04-25T07:44:05+00:00","twitter_card":"summary_large_image","twitter_misc":{"Dur\u00e9e de lecture estim\u00e9e":"1 minute"},"schema":{"@context":"https:\/\/schema.org","@graph":[{"@type":"WebPage","@id":"https:\/\/www.mobles114.com\/fr\/professional-area\/contacto-comercial\/","url":"https:\/\/www.mobles114.com\/fr\/professional-area\/contacto-comercial\/","name":"Contact commercial - Mobles 114","isPartOf":{"@id":"https:\/\/www.mobles114.com\/fr\/#website"},"datePublished":"2022-03-17T13:23:45+00:00","dateModified":"2024-04-25T07:44:05+00:00","breadcrumb":{"@id":"https:\/\/www.mobles114.com\/fr\/professional-area\/contacto-comercial\/#breadcrumb"},"inLanguage":"fr-FR","potentialAction":[{"@type":"ReadAction","target":["https:\/\/www.mobles114.com\/fr\/professional-area\/contacto-comercial\/"]}]},{"@type":"BreadcrumbList","@id":"https:\/\/www.mobles114.com\/fr\/professional-area\/contacto-comercial\/#breadcrumb","itemListElement":[{"@type":"ListItem","position":1,"name":"Portada","item":"https:\/\/www.mobles114.com\/fr\/"},{"@type":"ListItem","position":2,"name":"Professional Area","item":"https:\/\/www.mobles114.com\/fr\/professional-area\/"},{"@type":"ListItem","position":3,"name":"Contact commercial"}]},{"@type":"WebSite","@id":"https:\/\/www.mobles114.com\/fr\/#website","url":"https:\/\/www.mobles114.com\/fr\/","name":"Mobles 114","description":"Mobiliario de dise\u00f1o","potentialAction":[{"@type":"SearchAction","target":{"@type":"EntryPoint","urlTemplate":"https:\/\/www.mobles114.com\/fr\/?s={search_term_string}"},"query-input":{"@type":"PropertyValueSpecification","valueRequired":true,"valueName":"search_term_string"}}],"inLanguage":"fr-FR"}]}},"_links":{"self":[{"href":"https:\/\/www.mobles114.com\/fr\/wp-json\/wp\/v2\/pages\/64473","targetHints":{"allow":["GET"]}}],"collection":[{"href":"https:\/\/www.mobles114.com\/fr\/wp-json\/wp\/v2\/pages"}],"about":[{"href":"https:\/\/www.mobles114.com\/fr\/wp-json\/wp\/v2\/types\/page"}],"author":[{"embeddable":true,"href":"https:\/\/www.mobles114.com\/fr\/wp-json\/wp\/v2\/users\/1"}],"replies":[{"embeddable":true,"href":"https:\/\/www.mobles114.com\/fr\/wp-json\/wp\/v2\/comments?post=64473"}],"version-history":[{"count":2,"href":"https:\/\/www.mobles114.com\/fr\/wp-json\/wp\/v2\/pages\/64473\/revisions"}],"predecessor-version":[{"id":65958,"href":"https:\/\/www.mobles114.com\/fr\/wp-json\/wp\/v2\/pages\/64473\/revisions\/65958"}],"up":[{"embeddable":true,"href":"https:\/\/www.mobles114.com\/fr\/wp-json\/wp\/v2\/pages\/56331"}],"wp:attachment":[{"href":"https:\/\/www.mobles114.com\/fr\/wp-json\/wp\/v2\/media?parent=64473"}],"curies":[{"name":"wp","href":"https:\/\/api.w.org\/{rel}","templated":true}]}}