{"id":56331,"date":"2022-03-16T15:15:23","date_gmt":"2022-03-16T15:15:23","guid":{"rendered":"https:\/\/www.mobles114.com\/professional-area\/"},"modified":"2024-03-14T11:03:05","modified_gmt":"2024-03-14T11:03:05","slug":"professional-area","status":"publish","type":"page","link":"https:\/\/www.mobles114.com\/fr\/professional-area\/","title":{"rendered":"Professional Area"},"content":{"rendered":"<p>Apr\u00e8s une longue exp\u00e9rience dans le mobilier contractuel, nous savons que chaque projet est unique. C&rsquo;est pourquoi nous voulons vous offrir un service exclusif con\u00e7u pour faciliter votre travail.<\/p>\n<p>En vous abonnant \u00e0 la zone professionnelle, vous pourrez acc\u00e9der et t\u00e9l\u00e9charger des informations techniques, contacter un commercial selon votre r\u00e9gion et\/ou recevoir notre newsletter.<\/p>\n","protected":false},"excerpt":{"rendered":"<p>Apr\u00e8s une longue exp\u00e9rience dans le mobilier contractuel, nous savons que chaque projet est unique. C&rsquo;est pourquoi nous voulons vous &hellip;<\/p>\n","protected":false},"author":1,"featured_media":44232,"parent":0,"menu_order":4,"comment_status":"closed","ping_status":"closed","template":"page-professional.php","meta":{"_acf_changed":false,"footnotes":""},"class_list":["post-56331","page","type-page","status-publish","has-post-thumbnail","hentry"],"acf":[],"yoast_head":"<!-- This site is optimized with the Yoast SEO plugin v27.3 - https:\/\/yoast.com\/product\/yoast-seo-wordpress\/ -->\n<title>Professional Area - Proyectos y Mobiliario contract con Mobles 114<\/title>\n<meta name=\"description\" content=\"Tras una gran trayectoria en proyectos y mobiliario contract, en Mobles 114 sabemos que cada idea es \u00fanica. Consulte este servicio exclusivo.\" \/>\n<meta name=\"robots\" content=\"index, follow, max-snippet:-1, max-image-preview:large, max-video-preview:-1\" \/>\n<link rel=\"canonical\" href=\"https:\/\/www.mobles114.com\/fr\/professional-area\/\" \/>\n<meta property=\"og:locale\" content=\"fr_FR\" \/>\n<meta property=\"og:type\" content=\"article\" \/>\n<meta property=\"og:title\" content=\"Professional Area - Proyectos y Mobiliario contract con Mobles 114\" \/>\n<meta property=\"og:description\" content=\"Tras una gran trayectoria en proyectos y mobiliario contract, en Mobles 114 sabemos que cada idea es \u00fanica. Consulte este servicio exclusivo.\" \/>\n<meta property=\"og:url\" content=\"https:\/\/www.mobles114.com\/fr\/professional-area\/\" \/>\n<meta property=\"og:site_name\" content=\"Mobles 114\" \/>\n<meta property=\"article:modified_time\" content=\"2024-03-14T11:03:05+00:00\" \/>\n<meta property=\"og:image\" content=\"https:\/\/www.mobles114.com\/wp-content\/uploads\/2022\/07\/WEB_IMAGE_PROFESSIONAL_AREA_BANNER_TOP-i-FOOTER.jpg\" \/>\n\t<meta property=\"og:image:width\" content=\"1920\" \/>\n\t<meta property=\"og:image:height\" content=\"267\" \/>\n\t<meta property=\"og:image:type\" content=\"image\/jpeg\" \/>\n<meta name=\"twitter:card\" content=\"summary_large_image\" \/>\n<meta name=\"twitter:label1\" content=\"Dur\u00e9e de lecture estim\u00e9e\" \/>\n\t<meta name=\"twitter:data1\" content=\"1 minute\" \/>\n<script type=\"application\/ld+json\" class=\"yoast-schema-graph\">{\"@context\":\"https:\\\/\\\/schema.org\",\"@graph\":[{\"@type\":\"WebPage\",\"@id\":\"https:\\\/\\\/www.mobles114.com\\\/fr\\\/professional-area\\\/\",\"url\":\"https:\\\/\\\/www.mobles114.com\\\/fr\\\/professional-area\\\/\",\"name\":\"Professional Area - Proyectos y Mobiliario contract con Mobles 114\",\"isPartOf\":{\"@id\":\"https:\\\/\\\/www.mobles114.com\\\/fr\\\/#website\"},\"primaryImageOfPage\":{\"@id\":\"https:\\\/\\\/www.mobles114.com\\\/fr\\\/professional-area\\\/#primaryimage\"},\"image\":{\"@id\":\"https:\\\/\\\/www.mobles114.com\\\/fr\\\/professional-area\\\/#primaryimage\"},\"thumbnailUrl\":\"https:\\\/\\\/www.mobles114.com\\\/wp-content\\\/uploads\\\/2022\\\/07\\\/WEB_IMAGE_PROFESSIONAL_AREA_BANNER_TOP-i-FOOTER.jpg\",\"datePublished\":\"2022-03-16T15:15:23+00:00\",\"dateModified\":\"2024-03-14T11:03:05+00:00\",\"description\":\"Tras una gran trayectoria en proyectos y mobiliario contract, en Mobles 114 sabemos que cada idea es \u00fanica. Consulte este servicio exclusivo.\",\"breadcrumb\":{\"@id\":\"https:\\\/\\\/www.mobles114.com\\\/fr\\\/professional-area\\\/#breadcrumb\"},\"inLanguage\":\"fr-FR\",\"potentialAction\":[{\"@type\":\"ReadAction\",\"target\":[\"https:\\\/\\\/www.mobles114.com\\\/fr\\\/professional-area\\\/\"]}]},{\"@type\":\"ImageObject\",\"inLanguage\":\"fr-FR\",\"@id\":\"https:\\\/\\\/www.mobles114.com\\\/fr\\\/professional-area\\\/#primaryimage\",\"url\":\"https:\\\/\\\/www.mobles114.com\\\/wp-content\\\/uploads\\\/2022\\\/07\\\/WEB_IMAGE_PROFESSIONAL_AREA_BANNER_TOP-i-FOOTER.jpg\",\"contentUrl\":\"https:\\\/\\\/www.mobles114.com\\\/wp-content\\\/uploads\\\/2022\\\/07\\\/WEB_IMAGE_PROFESSIONAL_AREA_BANNER_TOP-i-FOOTER.jpg\",\"width\":1920,\"height\":267,\"caption\":\"mobiliario contract\"},{\"@type\":\"BreadcrumbList\",\"@id\":\"https:\\\/\\\/www.mobles114.com\\\/fr\\\/professional-area\\\/#breadcrumb\",\"itemListElement\":[{\"@type\":\"ListItem\",\"position\":1,\"name\":\"Portada\",\"item\":\"https:\\\/\\\/www.mobles114.com\\\/fr\\\/\"},{\"@type\":\"ListItem\",\"position\":2,\"name\":\"Professional Area\"}]},{\"@type\":\"WebSite\",\"@id\":\"https:\\\/\\\/www.mobles114.com\\\/fr\\\/#website\",\"url\":\"https:\\\/\\\/www.mobles114.com\\\/fr\\\/\",\"name\":\"Mobles 114\",\"description\":\"Mobiliario de dise\u00f1o\",\"potentialAction\":[{\"@type\":\"SearchAction\",\"target\":{\"@type\":\"EntryPoint\",\"urlTemplate\":\"https:\\\/\\\/www.mobles114.com\\\/fr\\\/?s={search_term_string}\"},\"query-input\":{\"@type\":\"PropertyValueSpecification\",\"valueRequired\":true,\"valueName\":\"search_term_string\"}}],\"inLanguage\":\"fr-FR\"}]}<\/script>\n<!-- \/ Yoast SEO plugin. -->","yoast_head_json":{"title":"Professional Area - Proyectos y Mobiliario contract con Mobles 114","description":"Tras una gran trayectoria en proyectos y mobiliario contract, en Mobles 114 sabemos que cada idea es \u00fanica. Consulte este servicio exclusivo.","robots":{"index":"index","follow":"follow","max-snippet":"max-snippet:-1","max-image-preview":"max-image-preview:large","max-video-preview":"max-video-preview:-1"},"canonical":"https:\/\/www.mobles114.com\/fr\/professional-area\/","og_locale":"fr_FR","og_type":"article","og_title":"Professional Area - Proyectos y Mobiliario contract con Mobles 114","og_description":"Tras una gran trayectoria en proyectos y mobiliario contract, en Mobles 114 sabemos que cada idea es \u00fanica. Consulte este servicio exclusivo.","og_url":"https:\/\/www.mobles114.com\/fr\/professional-area\/","og_site_name":"Mobles 114","article_modified_time":"2024-03-14T11:03:05+00:00","og_image":[{"width":1920,"height":267,"url":"https:\/\/www.mobles114.com\/wp-content\/uploads\/2022\/07\/WEB_IMAGE_PROFESSIONAL_AREA_BANNER_TOP-i-FOOTER.jpg","type":"image\/jpeg"}],"twitter_card":"summary_large_image","twitter_misc":{"Dur\u00e9e de lecture estim\u00e9e":"1 minute"},"schema":{"@context":"https:\/\/schema.org","@graph":[{"@type":"WebPage","@id":"https:\/\/www.mobles114.com\/fr\/professional-area\/","url":"https:\/\/www.mobles114.com\/fr\/professional-area\/","name":"Professional Area - Proyectos y Mobiliario contract con Mobles 114","isPartOf":{"@id":"https:\/\/www.mobles114.com\/fr\/#website"},"primaryImageOfPage":{"@id":"https:\/\/www.mobles114.com\/fr\/professional-area\/#primaryimage"},"image":{"@id":"https:\/\/www.mobles114.com\/fr\/professional-area\/#primaryimage"},"thumbnailUrl":"https:\/\/www.mobles114.com\/wp-content\/uploads\/2022\/07\/WEB_IMAGE_PROFESSIONAL_AREA_BANNER_TOP-i-FOOTER.jpg","datePublished":"2022-03-16T15:15:23+00:00","dateModified":"2024-03-14T11:03:05+00:00","description":"Tras una gran trayectoria en proyectos y mobiliario contract, en Mobles 114 sabemos que cada idea es \u00fanica. Consulte este servicio exclusivo.","breadcrumb":{"@id":"https:\/\/www.mobles114.com\/fr\/professional-area\/#breadcrumb"},"inLanguage":"fr-FR","potentialAction":[{"@type":"ReadAction","target":["https:\/\/www.mobles114.com\/fr\/professional-area\/"]}]},{"@type":"ImageObject","inLanguage":"fr-FR","@id":"https:\/\/www.mobles114.com\/fr\/professional-area\/#primaryimage","url":"https:\/\/www.mobles114.com\/wp-content\/uploads\/2022\/07\/WEB_IMAGE_PROFESSIONAL_AREA_BANNER_TOP-i-FOOTER.jpg","contentUrl":"https:\/\/www.mobles114.com\/wp-content\/uploads\/2022\/07\/WEB_IMAGE_PROFESSIONAL_AREA_BANNER_TOP-i-FOOTER.jpg","width":1920,"height":267,"caption":"mobiliario contract"},{"@type":"BreadcrumbList","@id":"https:\/\/www.mobles114.com\/fr\/professional-area\/#breadcrumb","itemListElement":[{"@type":"ListItem","position":1,"name":"Portada","item":"https:\/\/www.mobles114.com\/fr\/"},{"@type":"ListItem","position":2,"name":"Professional Area"}]},{"@type":"WebSite","@id":"https:\/\/www.mobles114.com\/fr\/#website","url":"https:\/\/www.mobles114.com\/fr\/","name":"Mobles 114","description":"Mobiliario de dise\u00f1o","potentialAction":[{"@type":"SearchAction","target":{"@type":"EntryPoint","urlTemplate":"https:\/\/www.mobles114.com\/fr\/?s={search_term_string}"},"query-input":{"@type":"PropertyValueSpecification","valueRequired":true,"valueName":"search_term_string"}}],"inLanguage":"fr-FR"}]}},"_links":{"self":[{"href":"https:\/\/www.mobles114.com\/fr\/wp-json\/wp\/v2\/pages\/56331","targetHints":{"allow":["GET"]}}],"collection":[{"href":"https:\/\/www.mobles114.com\/fr\/wp-json\/wp\/v2\/pages"}],"about":[{"href":"https:\/\/www.mobles114.com\/fr\/wp-json\/wp\/v2\/types\/page"}],"author":[{"embeddable":true,"href":"https:\/\/www.mobles114.com\/fr\/wp-json\/wp\/v2\/users\/1"}],"replies":[{"embeddable":true,"href":"https:\/\/www.mobles114.com\/fr\/wp-json\/wp\/v2\/comments?post=56331"}],"version-history":[{"count":3,"href":"https:\/\/www.mobles114.com\/fr\/wp-json\/wp\/v2\/pages\/56331\/revisions"}],"predecessor-version":[{"id":64980,"href":"https:\/\/www.mobles114.com\/fr\/wp-json\/wp\/v2\/pages\/56331\/revisions\/64980"}],"wp:featuredmedia":[{"embeddable":true,"href":"https:\/\/www.mobles114.com\/fr\/wp-json\/wp\/v2\/media\/44232"}],"wp:attachment":[{"href":"https:\/\/www.mobles114.com\/fr\/wp-json\/wp\/v2\/media?parent=56331"}],"curies":[{"name":"wp","href":"https:\/\/api.w.org\/{rel}","templated":true}]}}