{"id":4393,"date":"2017-02-28T09:54:19","date_gmt":"2017-02-28T09:54:19","guid":{"rendered":"http:\/\/www.mobles114.com\/?page_id=4393"},"modified":"2025-09-22T08:25:08","modified_gmt":"2025-09-22T08:25:08","slug":"designers-createurs-meubles","status":"publish","type":"page","link":"https:\/\/www.mobles114.com\/fr\/designers-createurs-meubles\/","title":{"rendered":"Designers"},"content":{"rendered":"<p id=\"tw-target-text\" class=\"tw-data-text tw-ta tw-text-small\" dir=\"ltr\" data-placeholder=\"Traducci\u00f3n\"><span lang=\"fr\">Nous comptons sur nos concepteurs pour \u00e9diter des meubles qui vont au-del\u00e0 du processus de cr\u00e9ation et du d\u00e9veloppement de mat\u00e9riaux\u00a0\u2014 qui vont au-del\u00e0 du papier pour en faire une solution \u2014\u00a0<\/span><\/p>\n","protected":false},"excerpt":{"rendered":"<p>Nous comptons sur nos concepteurs pour \u00e9diter des meubles qui vont au-del\u00e0 du processus de cr\u00e9ation et du d\u00e9veloppement de &hellip;<\/p>\n","protected":false},"author":1,"featured_media":0,"parent":0,"menu_order":119,"comment_status":"closed","ping_status":"closed","template":"page-designers.php","meta":{"_acf_changed":false,"footnotes":""},"class_list":["post-4393","page","type-page","status-publish","hentry"],"acf":[],"yoast_head":"<!-- This site is optimized with the Yoast SEO plugin v27.3 - https:\/\/yoast.com\/product\/yoast-seo-wordpress\/ -->\n<title>Cr\u00e9ateurs de meubles, meubles uniques | Mobles 114<\/title>\n<meta name=\"description\" content=\"Nous faisons confiance \u00e0 nos cr\u00e9ateurs de meubles pour \u00e9diter des \u0153uvres qui vont au-del\u00e0 du processus cr\u00e9atif. Conception de meubles uniques.\" \/>\n<meta name=\"robots\" content=\"index, follow, max-snippet:-1, max-image-preview:large, max-video-preview:-1\" \/>\n<link rel=\"canonical\" href=\"https:\/\/www.mobles114.com\/fr\/designers-createurs-meubles\/\" \/>\n<meta property=\"og:locale\" content=\"fr_FR\" \/>\n<meta property=\"og:type\" content=\"article\" \/>\n<meta property=\"og:title\" content=\"Cr\u00e9ateurs de meubles, meubles uniques | Mobles 114\" \/>\n<meta property=\"og:description\" content=\"Nous faisons confiance \u00e0 nos cr\u00e9ateurs de meubles pour \u00e9diter des \u0153uvres qui vont au-del\u00e0 du processus cr\u00e9atif. Conception de meubles uniques.\" \/>\n<meta property=\"og:url\" content=\"https:\/\/www.mobles114.com\/fr\/designers-createurs-meubles\/\" \/>\n<meta property=\"og:site_name\" content=\"Mobles 114\" \/>\n<meta property=\"article:modified_time\" content=\"2025-09-22T08:25:08+00:00\" \/>\n<meta name=\"twitter:card\" content=\"summary_large_image\" \/>\n<meta name=\"twitter:label1\" content=\"Dur\u00e9e de lecture estim\u00e9e\" \/>\n\t<meta name=\"twitter:data1\" content=\"1 minute\" \/>\n<script type=\"application\/ld+json\" class=\"yoast-schema-graph\">{\"@context\":\"https:\\\/\\\/schema.org\",\"@graph\":[{\"@type\":\"WebPage\",\"@id\":\"https:\\\/\\\/www.mobles114.com\\\/fr\\\/designers-createurs-meubles\\\/\",\"url\":\"https:\\\/\\\/www.mobles114.com\\\/fr\\\/designers-createurs-meubles\\\/\",\"name\":\"Cr\u00e9ateurs de meubles, meubles uniques | Mobles 114\",\"isPartOf\":{\"@id\":\"https:\\\/\\\/www.mobles114.com\\\/fr\\\/#website\"},\"datePublished\":\"2017-02-28T09:54:19+00:00\",\"dateModified\":\"2025-09-22T08:25:08+00:00\",\"description\":\"Nous faisons confiance \u00e0 nos cr\u00e9ateurs de meubles pour \u00e9diter des \u0153uvres qui vont au-del\u00e0 du processus cr\u00e9atif. Conception de meubles uniques.\",\"breadcrumb\":{\"@id\":\"https:\\\/\\\/www.mobles114.com\\\/fr\\\/designers-createurs-meubles\\\/#breadcrumb\"},\"inLanguage\":\"fr-FR\",\"potentialAction\":[{\"@type\":\"ReadAction\",\"target\":[\"https:\\\/\\\/www.mobles114.com\\\/fr\\\/designers-createurs-meubles\\\/\"]}]},{\"@type\":\"BreadcrumbList\",\"@id\":\"https:\\\/\\\/www.mobles114.com\\\/fr\\\/designers-createurs-meubles\\\/#breadcrumb\",\"itemListElement\":[{\"@type\":\"ListItem\",\"position\":1,\"name\":\"Portada\",\"item\":\"https:\\\/\\\/www.mobles114.com\\\/fr\\\/\"},{\"@type\":\"ListItem\",\"position\":2,\"name\":\"Designers\"}]},{\"@type\":\"WebSite\",\"@id\":\"https:\\\/\\\/www.mobles114.com\\\/fr\\\/#website\",\"url\":\"https:\\\/\\\/www.mobles114.com\\\/fr\\\/\",\"name\":\"Mobles 114\",\"description\":\"Mobiliario de dise\u00f1o\",\"potentialAction\":[{\"@type\":\"SearchAction\",\"target\":{\"@type\":\"EntryPoint\",\"urlTemplate\":\"https:\\\/\\\/www.mobles114.com\\\/fr\\\/?s={search_term_string}\"},\"query-input\":{\"@type\":\"PropertyValueSpecification\",\"valueRequired\":true,\"valueName\":\"search_term_string\"}}],\"inLanguage\":\"fr-FR\"}]}<\/script>\n<!-- \/ Yoast SEO plugin. -->","yoast_head_json":{"title":"Cr\u00e9ateurs de meubles, meubles uniques | Mobles 114","description":"Nous faisons confiance \u00e0 nos cr\u00e9ateurs de meubles pour \u00e9diter des \u0153uvres qui vont au-del\u00e0 du processus cr\u00e9atif. Conception de meubles uniques.","robots":{"index":"index","follow":"follow","max-snippet":"max-snippet:-1","max-image-preview":"max-image-preview:large","max-video-preview":"max-video-preview:-1"},"canonical":"https:\/\/www.mobles114.com\/fr\/designers-createurs-meubles\/","og_locale":"fr_FR","og_type":"article","og_title":"Cr\u00e9ateurs de meubles, meubles uniques | Mobles 114","og_description":"Nous faisons confiance \u00e0 nos cr\u00e9ateurs de meubles pour \u00e9diter des \u0153uvres qui vont au-del\u00e0 du processus cr\u00e9atif. Conception de meubles uniques.","og_url":"https:\/\/www.mobles114.com\/fr\/designers-createurs-meubles\/","og_site_name":"Mobles 114","article_modified_time":"2025-09-22T08:25:08+00:00","twitter_card":"summary_large_image","twitter_misc":{"Dur\u00e9e de lecture estim\u00e9e":"1 minute"},"schema":{"@context":"https:\/\/schema.org","@graph":[{"@type":"WebPage","@id":"https:\/\/www.mobles114.com\/fr\/designers-createurs-meubles\/","url":"https:\/\/www.mobles114.com\/fr\/designers-createurs-meubles\/","name":"Cr\u00e9ateurs de meubles, meubles uniques | Mobles 114","isPartOf":{"@id":"https:\/\/www.mobles114.com\/fr\/#website"},"datePublished":"2017-02-28T09:54:19+00:00","dateModified":"2025-09-22T08:25:08+00:00","description":"Nous faisons confiance \u00e0 nos cr\u00e9ateurs de meubles pour \u00e9diter des \u0153uvres qui vont au-del\u00e0 du processus cr\u00e9atif. Conception de meubles uniques.","breadcrumb":{"@id":"https:\/\/www.mobles114.com\/fr\/designers-createurs-meubles\/#breadcrumb"},"inLanguage":"fr-FR","potentialAction":[{"@type":"ReadAction","target":["https:\/\/www.mobles114.com\/fr\/designers-createurs-meubles\/"]}]},{"@type":"BreadcrumbList","@id":"https:\/\/www.mobles114.com\/fr\/designers-createurs-meubles\/#breadcrumb","itemListElement":[{"@type":"ListItem","position":1,"name":"Portada","item":"https:\/\/www.mobles114.com\/fr\/"},{"@type":"ListItem","position":2,"name":"Designers"}]},{"@type":"WebSite","@id":"https:\/\/www.mobles114.com\/fr\/#website","url":"https:\/\/www.mobles114.com\/fr\/","name":"Mobles 114","description":"Mobiliario de dise\u00f1o","potentialAction":[{"@type":"SearchAction","target":{"@type":"EntryPoint","urlTemplate":"https:\/\/www.mobles114.com\/fr\/?s={search_term_string}"},"query-input":{"@type":"PropertyValueSpecification","valueRequired":true,"valueName":"search_term_string"}}],"inLanguage":"fr-FR"}]}},"_links":{"self":[{"href":"https:\/\/www.mobles114.com\/fr\/wp-json\/wp\/v2\/pages\/4393","targetHints":{"allow":["GET"]}}],"collection":[{"href":"https:\/\/www.mobles114.com\/fr\/wp-json\/wp\/v2\/pages"}],"about":[{"href":"https:\/\/www.mobles114.com\/fr\/wp-json\/wp\/v2\/types\/page"}],"author":[{"embeddable":true,"href":"https:\/\/www.mobles114.com\/fr\/wp-json\/wp\/v2\/users\/1"}],"replies":[{"embeddable":true,"href":"https:\/\/www.mobles114.com\/fr\/wp-json\/wp\/v2\/comments?post=4393"}],"version-history":[{"count":2,"href":"https:\/\/www.mobles114.com\/fr\/wp-json\/wp\/v2\/pages\/4393\/revisions"}],"predecessor-version":[{"id":34065,"href":"https:\/\/www.mobles114.com\/fr\/wp-json\/wp\/v2\/pages\/4393\/revisions\/34065"}],"wp:attachment":[{"href":"https:\/\/www.mobles114.com\/fr\/wp-json\/wp\/v2\/media?parent=4393"}],"curies":[{"name":"wp","href":"https:\/\/api.w.org\/{rel}","templated":true}]}}