{"id":4367,"date":"2017-02-28T13:34:33","date_gmt":"2017-02-28T13:34:33","guid":{"rendered":"http:\/\/www.mobles114.com\/?page_id=4367"},"modified":"2025-07-28T08:47:59","modified_gmt":"2025-07-28T08:47:59","slug":"contact-mobilier-design","status":"publish","type":"page","link":"https:\/\/www.mobles114.com\/fr\/contact-mobilier-design\/","title":{"rendered":"Contact"},"content":{"rendered":"<h2>Contact<\/h2>\n<p>Vous avez la possibilit\u00e9 de vous enregistrer \u00e0 fin de recevoir information. Vos donn\u00e9es seront trait\u00e9es en accord avec avec la Loi de Protection de Donn\u00e9es en faisant partie de notre annuaire<\/p>\n","protected":false},"excerpt":{"rendered":"<p>Contact Vous avez la possibilit\u00e9 de vous enregistrer \u00e0 fin de recevoir information. Vos donn\u00e9es seront trait\u00e9es en accord avec &hellip;<\/p>\n","protected":false},"author":1,"featured_media":4368,"parent":0,"menu_order":118,"comment_status":"closed","ping_status":"closed","template":"page-contacto.php","meta":{"_acf_changed":false,"footnotes":""},"class_list":["post-4367","page","type-page","status-publish","has-post-thumbnail","hentry"],"acf":[],"yoast_head":"<!-- This site is optimized with the Yoast SEO plugin v27.3 - https:\/\/yoast.com\/product\/yoast-seo-wordpress\/ -->\n<title>Contacter l&#039;entreprise de Mobilier Design | Mobles 114<\/title>\n<meta name=\"description\" content=\"Contactez-nous pour toute question ou pr\u00e9occupation que vous pourriez avoir. Mobles 114, une entreprise de mobilier design de Barcelone.\" \/>\n<meta name=\"robots\" content=\"index, follow, max-snippet:-1, max-image-preview:large, max-video-preview:-1\" \/>\n<link rel=\"canonical\" href=\"https:\/\/www.mobles114.com\/fr\/contact-mobilier-design\/\" \/>\n<meta property=\"og:locale\" content=\"fr_FR\" \/>\n<meta property=\"og:type\" content=\"article\" \/>\n<meta property=\"og:title\" content=\"Contacter l&#039;entreprise de Mobilier Design | Mobles 114\" \/>\n<meta property=\"og:description\" content=\"Contactez-nous pour toute question ou pr\u00e9occupation que vous pourriez avoir. Mobles 114, une entreprise de mobilier design de Barcelone.\" \/>\n<meta property=\"og:url\" content=\"https:\/\/www.mobles114.com\/fr\/contact-mobilier-design\/\" \/>\n<meta property=\"og:site_name\" content=\"Mobles 114\" \/>\n<meta property=\"article:modified_time\" content=\"2025-07-28T08:47:59+00:00\" \/>\n<meta property=\"og:image\" content=\"https:\/\/www.mobles114.com\/wp-content\/uploads\/2017\/02\/contacto.jpg\" \/>\n\t<meta property=\"og:image:width\" content=\"1049\" \/>\n\t<meta property=\"og:image:height\" content=\"628\" \/>\n\t<meta property=\"og:image:type\" content=\"image\/jpeg\" \/>\n<meta name=\"twitter:card\" content=\"summary_large_image\" \/>\n<meta name=\"twitter:label1\" content=\"Dur\u00e9e de lecture estim\u00e9e\" \/>\n\t<meta name=\"twitter:data1\" content=\"1 minute\" \/>\n<script type=\"application\/ld+json\" class=\"yoast-schema-graph\">{\"@context\":\"https:\\\/\\\/schema.org\",\"@graph\":[{\"@type\":\"WebPage\",\"@id\":\"https:\\\/\\\/www.mobles114.com\\\/fr\\\/contact-mobilier-design\\\/\",\"url\":\"https:\\\/\\\/www.mobles114.com\\\/fr\\\/contact-mobilier-design\\\/\",\"name\":\"Contacter l'entreprise de Mobilier Design | Mobles 114\",\"isPartOf\":{\"@id\":\"https:\\\/\\\/www.mobles114.com\\\/fr\\\/#website\"},\"primaryImageOfPage\":{\"@id\":\"https:\\\/\\\/www.mobles114.com\\\/fr\\\/contact-mobilier-design\\\/#primaryimage\"},\"image\":{\"@id\":\"https:\\\/\\\/www.mobles114.com\\\/fr\\\/contact-mobilier-design\\\/#primaryimage\"},\"thumbnailUrl\":\"https:\\\/\\\/www.mobles114.com\\\/wp-content\\\/uploads\\\/2017\\\/02\\\/contacto.jpg\",\"datePublished\":\"2017-02-28T13:34:33+00:00\",\"dateModified\":\"2025-07-28T08:47:59+00:00\",\"description\":\"Contactez-nous pour toute question ou pr\u00e9occupation que vous pourriez avoir. Mobles 114, une entreprise de mobilier design de Barcelone.\",\"breadcrumb\":{\"@id\":\"https:\\\/\\\/www.mobles114.com\\\/fr\\\/contact-mobilier-design\\\/#breadcrumb\"},\"inLanguage\":\"fr-FR\",\"potentialAction\":[{\"@type\":\"ReadAction\",\"target\":[\"https:\\\/\\\/www.mobles114.com\\\/fr\\\/contact-mobilier-design\\\/\"]}]},{\"@type\":\"ImageObject\",\"inLanguage\":\"fr-FR\",\"@id\":\"https:\\\/\\\/www.mobles114.com\\\/fr\\\/contact-mobilier-design\\\/#primaryimage\",\"url\":\"https:\\\/\\\/www.mobles114.com\\\/wp-content\\\/uploads\\\/2017\\\/02\\\/contacto.jpg\",\"contentUrl\":\"https:\\\/\\\/www.mobles114.com\\\/wp-content\\\/uploads\\\/2017\\\/02\\\/contacto.jpg\",\"width\":1049,\"height\":628,\"caption\":\"mobiliario de dise\u00f1o\"},{\"@type\":\"BreadcrumbList\",\"@id\":\"https:\\\/\\\/www.mobles114.com\\\/fr\\\/contact-mobilier-design\\\/#breadcrumb\",\"itemListElement\":[{\"@type\":\"ListItem\",\"position\":1,\"name\":\"Portada\",\"item\":\"https:\\\/\\\/www.mobles114.com\\\/fr\\\/\"},{\"@type\":\"ListItem\",\"position\":2,\"name\":\"Contact\"}]},{\"@type\":\"WebSite\",\"@id\":\"https:\\\/\\\/www.mobles114.com\\\/fr\\\/#website\",\"url\":\"https:\\\/\\\/www.mobles114.com\\\/fr\\\/\",\"name\":\"Mobles 114\",\"description\":\"Mobiliario de dise\u00f1o\",\"potentialAction\":[{\"@type\":\"SearchAction\",\"target\":{\"@type\":\"EntryPoint\",\"urlTemplate\":\"https:\\\/\\\/www.mobles114.com\\\/fr\\\/?s={search_term_string}\"},\"query-input\":{\"@type\":\"PropertyValueSpecification\",\"valueRequired\":true,\"valueName\":\"search_term_string\"}}],\"inLanguage\":\"fr-FR\"}]}<\/script>\n<!-- \/ Yoast SEO plugin. -->","yoast_head_json":{"title":"Contacter l'entreprise de Mobilier Design | Mobles 114","description":"Contactez-nous pour toute question ou pr\u00e9occupation que vous pourriez avoir. Mobles 114, une entreprise de mobilier design de Barcelone.","robots":{"index":"index","follow":"follow","max-snippet":"max-snippet:-1","max-image-preview":"max-image-preview:large","max-video-preview":"max-video-preview:-1"},"canonical":"https:\/\/www.mobles114.com\/fr\/contact-mobilier-design\/","og_locale":"fr_FR","og_type":"article","og_title":"Contacter l'entreprise de Mobilier Design | Mobles 114","og_description":"Contactez-nous pour toute question ou pr\u00e9occupation que vous pourriez avoir. Mobles 114, une entreprise de mobilier design de Barcelone.","og_url":"https:\/\/www.mobles114.com\/fr\/contact-mobilier-design\/","og_site_name":"Mobles 114","article_modified_time":"2025-07-28T08:47:59+00:00","og_image":[{"width":1049,"height":628,"url":"https:\/\/www.mobles114.com\/wp-content\/uploads\/2017\/02\/contacto.jpg","type":"image\/jpeg"}],"twitter_card":"summary_large_image","twitter_misc":{"Dur\u00e9e de lecture estim\u00e9e":"1 minute"},"schema":{"@context":"https:\/\/schema.org","@graph":[{"@type":"WebPage","@id":"https:\/\/www.mobles114.com\/fr\/contact-mobilier-design\/","url":"https:\/\/www.mobles114.com\/fr\/contact-mobilier-design\/","name":"Contacter l'entreprise de Mobilier Design | Mobles 114","isPartOf":{"@id":"https:\/\/www.mobles114.com\/fr\/#website"},"primaryImageOfPage":{"@id":"https:\/\/www.mobles114.com\/fr\/contact-mobilier-design\/#primaryimage"},"image":{"@id":"https:\/\/www.mobles114.com\/fr\/contact-mobilier-design\/#primaryimage"},"thumbnailUrl":"https:\/\/www.mobles114.com\/wp-content\/uploads\/2017\/02\/contacto.jpg","datePublished":"2017-02-28T13:34:33+00:00","dateModified":"2025-07-28T08:47:59+00:00","description":"Contactez-nous pour toute question ou pr\u00e9occupation que vous pourriez avoir. Mobles 114, une entreprise de mobilier design de Barcelone.","breadcrumb":{"@id":"https:\/\/www.mobles114.com\/fr\/contact-mobilier-design\/#breadcrumb"},"inLanguage":"fr-FR","potentialAction":[{"@type":"ReadAction","target":["https:\/\/www.mobles114.com\/fr\/contact-mobilier-design\/"]}]},{"@type":"ImageObject","inLanguage":"fr-FR","@id":"https:\/\/www.mobles114.com\/fr\/contact-mobilier-design\/#primaryimage","url":"https:\/\/www.mobles114.com\/wp-content\/uploads\/2017\/02\/contacto.jpg","contentUrl":"https:\/\/www.mobles114.com\/wp-content\/uploads\/2017\/02\/contacto.jpg","width":1049,"height":628,"caption":"mobiliario de dise\u00f1o"},{"@type":"BreadcrumbList","@id":"https:\/\/www.mobles114.com\/fr\/contact-mobilier-design\/#breadcrumb","itemListElement":[{"@type":"ListItem","position":1,"name":"Portada","item":"https:\/\/www.mobles114.com\/fr\/"},{"@type":"ListItem","position":2,"name":"Contact"}]},{"@type":"WebSite","@id":"https:\/\/www.mobles114.com\/fr\/#website","url":"https:\/\/www.mobles114.com\/fr\/","name":"Mobles 114","description":"Mobiliario de dise\u00f1o","potentialAction":[{"@type":"SearchAction","target":{"@type":"EntryPoint","urlTemplate":"https:\/\/www.mobles114.com\/fr\/?s={search_term_string}"},"query-input":{"@type":"PropertyValueSpecification","valueRequired":true,"valueName":"search_term_string"}}],"inLanguage":"fr-FR"}]}},"_links":{"self":[{"href":"https:\/\/www.mobles114.com\/fr\/wp-json\/wp\/v2\/pages\/4367","targetHints":{"allow":["GET"]}}],"collection":[{"href":"https:\/\/www.mobles114.com\/fr\/wp-json\/wp\/v2\/pages"}],"about":[{"href":"https:\/\/www.mobles114.com\/fr\/wp-json\/wp\/v2\/types\/page"}],"author":[{"embeddable":true,"href":"https:\/\/www.mobles114.com\/fr\/wp-json\/wp\/v2\/users\/1"}],"replies":[{"embeddable":true,"href":"https:\/\/www.mobles114.com\/fr\/wp-json\/wp\/v2\/comments?post=4367"}],"version-history":[{"count":3,"href":"https:\/\/www.mobles114.com\/fr\/wp-json\/wp\/v2\/pages\/4367\/revisions"}],"predecessor-version":[{"id":72494,"href":"https:\/\/www.mobles114.com\/fr\/wp-json\/wp\/v2\/pages\/4367\/revisions\/72494"}],"wp:featuredmedia":[{"embeddable":true,"href":"https:\/\/www.mobles114.com\/fr\/wp-json\/wp\/v2\/media\/4368"}],"wp:attachment":[{"href":"https:\/\/www.mobles114.com\/fr\/wp-json\/wp\/v2\/media?parent=4367"}],"curies":[{"name":"wp","href":"https:\/\/api.w.org\/{rel}","templated":true}]}}