{"id":30184,"date":"2020-09-22T12:16:24","date_gmt":"2020-09-22T12:16:24","guid":{"rendered":"https:\/\/www.mobles114.com\/foscas-landing\/"},"modified":"2021-08-30T11:57:46","modified_gmt":"2021-08-30T11:57:46","slug":"collection-foscas-pieces-ceramique-noire","status":"publish","type":"page","link":"https:\/\/www.mobles114.com\/fr\/collection-foscas-pieces-ceramique-noire\/","title":{"rendered":"Foscas landing FR"},"content":{"rendered":"","protected":false},"excerpt":{"rendered":"","protected":false},"author":1,"featured_media":0,"parent":0,"menu_order":0,"comment_status":"closed","ping_status":"closed","template":"page-foscas.php","meta":{"_acf_changed":false,"footnotes":""},"class_list":["post-30184","page","type-page","status-publish","hentry"],"acf":[],"yoast_head":"<!-- This site is optimized with the Yoast SEO plugin v27.0 - https:\/\/yoast.com\/product\/yoast-seo-wordpress\/ -->\n<title>Collection Foscas. Pi\u00e8ces surmont\u00e9es de c\u00e9ramique noire - Mobles 114<\/title>\n<meta name=\"description\" content=\"Collection grossi\u00e8re et \u00e9nergique de r\u00e9cipients et de surfaces qui finissent dans le four pour le processus de cuisson de la c\u00e9ramique noire.\" \/>\n<meta name=\"robots\" content=\"index, follow, max-snippet:-1, max-image-preview:large, max-video-preview:-1\" \/>\n<link rel=\"canonical\" href=\"https:\/\/www.mobles114.com\/fr\/collection-foscas-pieces-ceramique-noire\/\" \/>\n<meta property=\"og:locale\" content=\"fr_FR\" \/>\n<meta property=\"og:type\" content=\"article\" \/>\n<meta property=\"og:title\" content=\"Collection Foscas. Pi\u00e8ces surmont\u00e9es de c\u00e9ramique noire - Mobles 114\" \/>\n<meta property=\"og:description\" content=\"Collection grossi\u00e8re et \u00e9nergique de r\u00e9cipients et de surfaces qui finissent dans le four pour le processus de cuisson de la c\u00e9ramique noire.\" \/>\n<meta property=\"og:url\" content=\"https:\/\/www.mobles114.com\/fr\/collection-foscas-pieces-ceramique-noire\/\" \/>\n<meta property=\"og:site_name\" content=\"Mobles 114\" \/>\n<meta property=\"article:modified_time\" content=\"2021-08-30T11:57:46+00:00\" \/>\n<meta name=\"twitter:card\" content=\"summary_large_image\" \/>\n<script type=\"application\/ld+json\" class=\"yoast-schema-graph\">{\"@context\":\"https:\/\/schema.org\",\"@graph\":[{\"@type\":\"WebPage\",\"@id\":\"https:\/\/www.mobles114.com\/fr\/collection-foscas-pieces-ceramique-noire\/\",\"url\":\"https:\/\/www.mobles114.com\/fr\/collection-foscas-pieces-ceramique-noire\/\",\"name\":\"Collection Foscas. Pi\u00e8ces surmont\u00e9es de c\u00e9ramique noire - Mobles 114\",\"isPartOf\":{\"@id\":\"https:\/\/www.mobles114.com\/fr\/#website\"},\"datePublished\":\"2020-09-22T12:16:24+00:00\",\"dateModified\":\"2021-08-30T11:57:46+00:00\",\"description\":\"Collection grossi\u00e8re et \u00e9nergique de r\u00e9cipients et de surfaces qui finissent dans le four pour le processus de cuisson de la c\u00e9ramique noire.\",\"breadcrumb\":{\"@id\":\"https:\/\/www.mobles114.com\/fr\/collection-foscas-pieces-ceramique-noire\/#breadcrumb\"},\"inLanguage\":\"fr-FR\",\"potentialAction\":[{\"@type\":\"ReadAction\",\"target\":[\"https:\/\/www.mobles114.com\/fr\/collection-foscas-pieces-ceramique-noire\/\"]}]},{\"@type\":\"BreadcrumbList\",\"@id\":\"https:\/\/www.mobles114.com\/fr\/collection-foscas-pieces-ceramique-noire\/#breadcrumb\",\"itemListElement\":[{\"@type\":\"ListItem\",\"position\":1,\"name\":\"Portada\",\"item\":\"https:\/\/www.mobles114.com\/fr\/\"},{\"@type\":\"ListItem\",\"position\":2,\"name\":\"Foscas landing FR\"}]},{\"@type\":\"WebSite\",\"@id\":\"https:\/\/www.mobles114.com\/fr\/#website\",\"url\":\"https:\/\/www.mobles114.com\/fr\/\",\"name\":\"Mobles 114\",\"description\":\"Mobiliario de dise\u00f1o\",\"potentialAction\":[{\"@type\":\"SearchAction\",\"target\":{\"@type\":\"EntryPoint\",\"urlTemplate\":\"https:\/\/www.mobles114.com\/fr\/?s={search_term_string}\"},\"query-input\":{\"@type\":\"PropertyValueSpecification\",\"valueRequired\":true,\"valueName\":\"search_term_string\"}}],\"inLanguage\":\"fr-FR\"}]}<\/script>\n<!-- \/ Yoast SEO plugin. -->","yoast_head_json":{"title":"Collection Foscas. Pi\u00e8ces surmont\u00e9es de c\u00e9ramique noire - Mobles 114","description":"Collection grossi\u00e8re et \u00e9nergique de r\u00e9cipients et de surfaces qui finissent dans le four pour le processus de cuisson de la c\u00e9ramique noire.","robots":{"index":"index","follow":"follow","max-snippet":"max-snippet:-1","max-image-preview":"max-image-preview:large","max-video-preview":"max-video-preview:-1"},"canonical":"https:\/\/www.mobles114.com\/fr\/collection-foscas-pieces-ceramique-noire\/","og_locale":"fr_FR","og_type":"article","og_title":"Collection Foscas. Pi\u00e8ces surmont\u00e9es de c\u00e9ramique noire - Mobles 114","og_description":"Collection grossi\u00e8re et \u00e9nergique de r\u00e9cipients et de surfaces qui finissent dans le four pour le processus de cuisson de la c\u00e9ramique noire.","og_url":"https:\/\/www.mobles114.com\/fr\/collection-foscas-pieces-ceramique-noire\/","og_site_name":"Mobles 114","article_modified_time":"2021-08-30T11:57:46+00:00","twitter_card":"summary_large_image","schema":{"@context":"https:\/\/schema.org","@graph":[{"@type":"WebPage","@id":"https:\/\/www.mobles114.com\/fr\/collection-foscas-pieces-ceramique-noire\/","url":"https:\/\/www.mobles114.com\/fr\/collection-foscas-pieces-ceramique-noire\/","name":"Collection Foscas. Pi\u00e8ces surmont\u00e9es de c\u00e9ramique noire - Mobles 114","isPartOf":{"@id":"https:\/\/www.mobles114.com\/fr\/#website"},"datePublished":"2020-09-22T12:16:24+00:00","dateModified":"2021-08-30T11:57:46+00:00","description":"Collection grossi\u00e8re et \u00e9nergique de r\u00e9cipients et de surfaces qui finissent dans le four pour le processus de cuisson de la c\u00e9ramique noire.","breadcrumb":{"@id":"https:\/\/www.mobles114.com\/fr\/collection-foscas-pieces-ceramique-noire\/#breadcrumb"},"inLanguage":"fr-FR","potentialAction":[{"@type":"ReadAction","target":["https:\/\/www.mobles114.com\/fr\/collection-foscas-pieces-ceramique-noire\/"]}]},{"@type":"BreadcrumbList","@id":"https:\/\/www.mobles114.com\/fr\/collection-foscas-pieces-ceramique-noire\/#breadcrumb","itemListElement":[{"@type":"ListItem","position":1,"name":"Portada","item":"https:\/\/www.mobles114.com\/fr\/"},{"@type":"ListItem","position":2,"name":"Foscas landing FR"}]},{"@type":"WebSite","@id":"https:\/\/www.mobles114.com\/fr\/#website","url":"https:\/\/www.mobles114.com\/fr\/","name":"Mobles 114","description":"Mobiliario de dise\u00f1o","potentialAction":[{"@type":"SearchAction","target":{"@type":"EntryPoint","urlTemplate":"https:\/\/www.mobles114.com\/fr\/?s={search_term_string}"},"query-input":{"@type":"PropertyValueSpecification","valueRequired":true,"valueName":"search_term_string"}}],"inLanguage":"fr-FR"}]}},"_links":{"self":[{"href":"https:\/\/www.mobles114.com\/fr\/wp-json\/wp\/v2\/pages\/30184","targetHints":{"allow":["GET"]}}],"collection":[{"href":"https:\/\/www.mobles114.com\/fr\/wp-json\/wp\/v2\/pages"}],"about":[{"href":"https:\/\/www.mobles114.com\/fr\/wp-json\/wp\/v2\/types\/page"}],"author":[{"embeddable":true,"href":"https:\/\/www.mobles114.com\/fr\/wp-json\/wp\/v2\/users\/1"}],"replies":[{"embeddable":true,"href":"https:\/\/www.mobles114.com\/fr\/wp-json\/wp\/v2\/comments?post=30184"}],"version-history":[{"count":5,"href":"https:\/\/www.mobles114.com\/fr\/wp-json\/wp\/v2\/pages\/30184\/revisions"}],"predecessor-version":[{"id":30374,"href":"https:\/\/www.mobles114.com\/fr\/wp-json\/wp\/v2\/pages\/30184\/revisions\/30374"}],"wp:attachment":[{"href":"https:\/\/www.mobles114.com\/fr\/wp-json\/wp\/v2\/media?parent=30184"}],"curies":[{"name":"wp","href":"https:\/\/api.w.org\/{rel}","templated":true}]}}