{"id":29639,"date":"2020-08-24T10:38:56","date_gmt":"2020-08-24T10:38:56","guid":{"rendered":"https:\/\/www.mobles114.com\/?page_id=29639"},"modified":"2021-08-30T11:57:50","modified_gmt":"2021-08-30T11:57:50","slug":"tria-etageres-design","status":"publish","type":"page","link":"https:\/\/www.mobles114.com\/fr\/tria-etageres-design\/","title":{"rendered":"Tria landing FR"},"content":{"rendered":"","protected":false},"excerpt":{"rendered":"","protected":false},"author":1,"featured_media":0,"parent":0,"menu_order":0,"comment_status":"closed","ping_status":"closed","template":"page-tria.php","meta":{"_acf_changed":false,"footnotes":""},"class_list":["post-29639","page","type-page","status-publish","hentry"],"acf":[],"yoast_head":"<!-- This site is optimized with the Yoast SEO plugin v27.0 - https:\/\/yoast.com\/product\/yoast-seo-wordpress\/ -->\n<title>TRIA 2020, \u00e9tag\u00e8res design contemporain - Mobles 114<\/title>\n<meta name=\"description\" content=\"Mobles 114 pr\u00e9sente des \u00e9tag\u00e8res design contemporain qui continuent d&#039;\u00e9tendre les fonctionnalit\u00e9s et les finitions avec le nouveau TRIA 2020.\" \/>\n<meta name=\"robots\" content=\"index, follow, max-snippet:-1, max-image-preview:large, max-video-preview:-1\" \/>\n<link rel=\"canonical\" href=\"https:\/\/www.mobles114.com\/fr\/tria-etageres-design\/\" \/>\n<meta property=\"og:locale\" content=\"fr_FR\" \/>\n<meta property=\"og:type\" content=\"article\" \/>\n<meta property=\"og:title\" content=\"TRIA 2020, \u00e9tag\u00e8res design contemporain - Mobles 114\" \/>\n<meta property=\"og:description\" content=\"Mobles 114 pr\u00e9sente des \u00e9tag\u00e8res design contemporain qui continuent d&#039;\u00e9tendre les fonctionnalit\u00e9s et les finitions avec le nouveau TRIA 2020.\" \/>\n<meta property=\"og:url\" content=\"https:\/\/www.mobles114.com\/fr\/tria-etageres-design\/\" \/>\n<meta property=\"og:site_name\" content=\"Mobles 114\" \/>\n<meta property=\"article:modified_time\" content=\"2021-08-30T11:57:50+00:00\" \/>\n<meta name=\"twitter:card\" content=\"summary_large_image\" \/>\n<script type=\"application\/ld+json\" class=\"yoast-schema-graph\">{\"@context\":\"https:\/\/schema.org\",\"@graph\":[{\"@type\":\"WebPage\",\"@id\":\"https:\/\/www.mobles114.com\/fr\/tria-etageres-design\/\",\"url\":\"https:\/\/www.mobles114.com\/fr\/tria-etageres-design\/\",\"name\":\"TRIA 2020, \u00e9tag\u00e8res design contemporain - Mobles 114\",\"isPartOf\":{\"@id\":\"https:\/\/www.mobles114.com\/fr\/#website\"},\"datePublished\":\"2020-08-24T10:38:56+00:00\",\"dateModified\":\"2021-08-30T11:57:50+00:00\",\"description\":\"Mobles 114 pr\u00e9sente des \u00e9tag\u00e8res design contemporain qui continuent d'\u00e9tendre les fonctionnalit\u00e9s et les finitions avec le nouveau TRIA 2020.\",\"breadcrumb\":{\"@id\":\"https:\/\/www.mobles114.com\/fr\/tria-etageres-design\/#breadcrumb\"},\"inLanguage\":\"fr-FR\",\"potentialAction\":[{\"@type\":\"ReadAction\",\"target\":[\"https:\/\/www.mobles114.com\/fr\/tria-etageres-design\/\"]}]},{\"@type\":\"BreadcrumbList\",\"@id\":\"https:\/\/www.mobles114.com\/fr\/tria-etageres-design\/#breadcrumb\",\"itemListElement\":[{\"@type\":\"ListItem\",\"position\":1,\"name\":\"Portada\",\"item\":\"https:\/\/www.mobles114.com\/fr\/\"},{\"@type\":\"ListItem\",\"position\":2,\"name\":\"Tria landing FR\"}]},{\"@type\":\"WebSite\",\"@id\":\"https:\/\/www.mobles114.com\/fr\/#website\",\"url\":\"https:\/\/www.mobles114.com\/fr\/\",\"name\":\"Mobles 114\",\"description\":\"Mobiliario de dise\u00f1o\",\"potentialAction\":[{\"@type\":\"SearchAction\",\"target\":{\"@type\":\"EntryPoint\",\"urlTemplate\":\"https:\/\/www.mobles114.com\/fr\/?s={search_term_string}\"},\"query-input\":{\"@type\":\"PropertyValueSpecification\",\"valueRequired\":true,\"valueName\":\"search_term_string\"}}],\"inLanguage\":\"fr-FR\"}]}<\/script>\n<!-- \/ Yoast SEO plugin. -->","yoast_head_json":{"title":"TRIA 2020, \u00e9tag\u00e8res design contemporain - Mobles 114","description":"Mobles 114 pr\u00e9sente des \u00e9tag\u00e8res design contemporain qui continuent d'\u00e9tendre les fonctionnalit\u00e9s et les finitions avec le nouveau TRIA 2020.","robots":{"index":"index","follow":"follow","max-snippet":"max-snippet:-1","max-image-preview":"max-image-preview:large","max-video-preview":"max-video-preview:-1"},"canonical":"https:\/\/www.mobles114.com\/fr\/tria-etageres-design\/","og_locale":"fr_FR","og_type":"article","og_title":"TRIA 2020, \u00e9tag\u00e8res design contemporain - Mobles 114","og_description":"Mobles 114 pr\u00e9sente des \u00e9tag\u00e8res design contemporain qui continuent d'\u00e9tendre les fonctionnalit\u00e9s et les finitions avec le nouveau TRIA 2020.","og_url":"https:\/\/www.mobles114.com\/fr\/tria-etageres-design\/","og_site_name":"Mobles 114","article_modified_time":"2021-08-30T11:57:50+00:00","twitter_card":"summary_large_image","schema":{"@context":"https:\/\/schema.org","@graph":[{"@type":"WebPage","@id":"https:\/\/www.mobles114.com\/fr\/tria-etageres-design\/","url":"https:\/\/www.mobles114.com\/fr\/tria-etageres-design\/","name":"TRIA 2020, \u00e9tag\u00e8res design contemporain - Mobles 114","isPartOf":{"@id":"https:\/\/www.mobles114.com\/fr\/#website"},"datePublished":"2020-08-24T10:38:56+00:00","dateModified":"2021-08-30T11:57:50+00:00","description":"Mobles 114 pr\u00e9sente des \u00e9tag\u00e8res design contemporain qui continuent d'\u00e9tendre les fonctionnalit\u00e9s et les finitions avec le nouveau TRIA 2020.","breadcrumb":{"@id":"https:\/\/www.mobles114.com\/fr\/tria-etageres-design\/#breadcrumb"},"inLanguage":"fr-FR","potentialAction":[{"@type":"ReadAction","target":["https:\/\/www.mobles114.com\/fr\/tria-etageres-design\/"]}]},{"@type":"BreadcrumbList","@id":"https:\/\/www.mobles114.com\/fr\/tria-etageres-design\/#breadcrumb","itemListElement":[{"@type":"ListItem","position":1,"name":"Portada","item":"https:\/\/www.mobles114.com\/fr\/"},{"@type":"ListItem","position":2,"name":"Tria landing FR"}]},{"@type":"WebSite","@id":"https:\/\/www.mobles114.com\/fr\/#website","url":"https:\/\/www.mobles114.com\/fr\/","name":"Mobles 114","description":"Mobiliario de dise\u00f1o","potentialAction":[{"@type":"SearchAction","target":{"@type":"EntryPoint","urlTemplate":"https:\/\/www.mobles114.com\/fr\/?s={search_term_string}"},"query-input":{"@type":"PropertyValueSpecification","valueRequired":true,"valueName":"search_term_string"}}],"inLanguage":"fr-FR"}]}},"_links":{"self":[{"href":"https:\/\/www.mobles114.com\/fr\/wp-json\/wp\/v2\/pages\/29639","targetHints":{"allow":["GET"]}}],"collection":[{"href":"https:\/\/www.mobles114.com\/fr\/wp-json\/wp\/v2\/pages"}],"about":[{"href":"https:\/\/www.mobles114.com\/fr\/wp-json\/wp\/v2\/types\/page"}],"author":[{"embeddable":true,"href":"https:\/\/www.mobles114.com\/fr\/wp-json\/wp\/v2\/users\/1"}],"replies":[{"embeddable":true,"href":"https:\/\/www.mobles114.com\/fr\/wp-json\/wp\/v2\/comments?post=29639"}],"version-history":[{"count":10,"href":"https:\/\/www.mobles114.com\/fr\/wp-json\/wp\/v2\/pages\/29639\/revisions"}],"predecessor-version":[{"id":30142,"href":"https:\/\/www.mobles114.com\/fr\/wp-json\/wp\/v2\/pages\/29639\/revisions\/30142"}],"wp:attachment":[{"href":"https:\/\/www.mobles114.com\/fr\/wp-json\/wp\/v2\/media?parent=29639"}],"curies":[{"name":"wp","href":"https:\/\/api.w.org\/{rel}","templated":true}]}}