{"id":2890,"date":"2017-03-07T15:08:47","date_gmt":"2017-03-07T15:08:47","guid":{"rendered":"http:\/\/www.mobles114.com\/catalogos\/"},"modified":"2021-07-31T09:37:21","modified_gmt":"2021-07-31T09:37:21","slug":"catalogos","status":"publish","type":"page","link":"https:\/\/www.mobles114.com\/fr\/catalogos\/","title":{"rendered":"Catalogues"},"content":{"rendered":"","protected":false},"excerpt":{"rendered":"","protected":false},"author":1,"featured_media":0,"parent":0,"menu_order":103,"comment_status":"closed","ping_status":"closed","template":"","meta":{"_acf_changed":false,"footnotes":""},"class_list":["post-2890","page","type-page","status-publish","hentry"],"acf":[],"yoast_head":"<!-- This site is optimized with the Yoast SEO plugin v27.3 - https:\/\/yoast.com\/product\/yoast-seo-wordpress\/ -->\n<title>Catalogues de meubles et actualit\u00e9s - Mobles 114<\/title>\n<meta name=\"description\" content=\"D\u00e9couvrez dans Mobles 114 nos catalogues de meubles et de nouvelles o\u00f9 vous pouvez voir l&#039;int\u00e9gration de produits dans diff\u00e9rents domaines.\" \/>\n<meta name=\"robots\" content=\"index, follow, max-snippet:-1, max-image-preview:large, max-video-preview:-1\" \/>\n<link rel=\"canonical\" href=\"https:\/\/www.mobles114.com\/fr\/catalogos\/\" \/>\n<meta property=\"og:locale\" content=\"fr_FR\" \/>\n<meta property=\"og:type\" content=\"article\" \/>\n<meta property=\"og:title\" content=\"Catalogues de meubles et actualit\u00e9s - Mobles 114\" \/>\n<meta property=\"og:description\" content=\"D\u00e9couvrez dans Mobles 114 nos catalogues de meubles et de nouvelles o\u00f9 vous pouvez voir l&#039;int\u00e9gration de produits dans diff\u00e9rents domaines.\" \/>\n<meta property=\"og:url\" content=\"https:\/\/www.mobles114.com\/fr\/catalogos\/\" \/>\n<meta property=\"og:site_name\" content=\"Mobles 114\" \/>\n<meta property=\"article:modified_time\" content=\"2021-07-31T09:37:21+00:00\" \/>\n<meta name=\"twitter:card\" content=\"summary_large_image\" \/>\n<script type=\"application\/ld+json\" class=\"yoast-schema-graph\">{\"@context\":\"https:\\\/\\\/schema.org\",\"@graph\":[{\"@type\":\"WebPage\",\"@id\":\"https:\\\/\\\/www.mobles114.com\\\/fr\\\/catalogos\\\/\",\"url\":\"https:\\\/\\\/www.mobles114.com\\\/fr\\\/catalogos\\\/\",\"name\":\"Catalogues de meubles et actualit\u00e9s - Mobles 114\",\"isPartOf\":{\"@id\":\"https:\\\/\\\/www.mobles114.com\\\/fr\\\/#website\"},\"datePublished\":\"2017-03-07T15:08:47+00:00\",\"dateModified\":\"2021-07-31T09:37:21+00:00\",\"description\":\"D\u00e9couvrez dans Mobles 114 nos catalogues de meubles et de nouvelles o\u00f9 vous pouvez voir l'int\u00e9gration de produits dans diff\u00e9rents domaines.\",\"breadcrumb\":{\"@id\":\"https:\\\/\\\/www.mobles114.com\\\/fr\\\/catalogos\\\/#breadcrumb\"},\"inLanguage\":\"fr-FR\",\"potentialAction\":[{\"@type\":\"ReadAction\",\"target\":[\"https:\\\/\\\/www.mobles114.com\\\/fr\\\/catalogos\\\/\"]}]},{\"@type\":\"BreadcrumbList\",\"@id\":\"https:\\\/\\\/www.mobles114.com\\\/fr\\\/catalogos\\\/#breadcrumb\",\"itemListElement\":[{\"@type\":\"ListItem\",\"position\":1,\"name\":\"Portada\",\"item\":\"https:\\\/\\\/www.mobles114.com\\\/fr\\\/\"},{\"@type\":\"ListItem\",\"position\":2,\"name\":\"Catalogues\"}]},{\"@type\":\"WebSite\",\"@id\":\"https:\\\/\\\/www.mobles114.com\\\/fr\\\/#website\",\"url\":\"https:\\\/\\\/www.mobles114.com\\\/fr\\\/\",\"name\":\"Mobles 114\",\"description\":\"Mobiliario de dise\u00f1o\",\"potentialAction\":[{\"@type\":\"SearchAction\",\"target\":{\"@type\":\"EntryPoint\",\"urlTemplate\":\"https:\\\/\\\/www.mobles114.com\\\/fr\\\/?s={search_term_string}\"},\"query-input\":{\"@type\":\"PropertyValueSpecification\",\"valueRequired\":true,\"valueName\":\"search_term_string\"}}],\"inLanguage\":\"fr-FR\"}]}<\/script>\n<!-- \/ Yoast SEO plugin. -->","yoast_head_json":{"title":"Catalogues de meubles et actualit\u00e9s - Mobles 114","description":"D\u00e9couvrez dans Mobles 114 nos catalogues de meubles et de nouvelles o\u00f9 vous pouvez voir l'int\u00e9gration de produits dans diff\u00e9rents domaines.","robots":{"index":"index","follow":"follow","max-snippet":"max-snippet:-1","max-image-preview":"max-image-preview:large","max-video-preview":"max-video-preview:-1"},"canonical":"https:\/\/www.mobles114.com\/fr\/catalogos\/","og_locale":"fr_FR","og_type":"article","og_title":"Catalogues de meubles et actualit\u00e9s - Mobles 114","og_description":"D\u00e9couvrez dans Mobles 114 nos catalogues de meubles et de nouvelles o\u00f9 vous pouvez voir l'int\u00e9gration de produits dans diff\u00e9rents domaines.","og_url":"https:\/\/www.mobles114.com\/fr\/catalogos\/","og_site_name":"Mobles 114","article_modified_time":"2021-07-31T09:37:21+00:00","twitter_card":"summary_large_image","schema":{"@context":"https:\/\/schema.org","@graph":[{"@type":"WebPage","@id":"https:\/\/www.mobles114.com\/fr\/catalogos\/","url":"https:\/\/www.mobles114.com\/fr\/catalogos\/","name":"Catalogues de meubles et actualit\u00e9s - Mobles 114","isPartOf":{"@id":"https:\/\/www.mobles114.com\/fr\/#website"},"datePublished":"2017-03-07T15:08:47+00:00","dateModified":"2021-07-31T09:37:21+00:00","description":"D\u00e9couvrez dans Mobles 114 nos catalogues de meubles et de nouvelles o\u00f9 vous pouvez voir l'int\u00e9gration de produits dans diff\u00e9rents domaines.","breadcrumb":{"@id":"https:\/\/www.mobles114.com\/fr\/catalogos\/#breadcrumb"},"inLanguage":"fr-FR","potentialAction":[{"@type":"ReadAction","target":["https:\/\/www.mobles114.com\/fr\/catalogos\/"]}]},{"@type":"BreadcrumbList","@id":"https:\/\/www.mobles114.com\/fr\/catalogos\/#breadcrumb","itemListElement":[{"@type":"ListItem","position":1,"name":"Portada","item":"https:\/\/www.mobles114.com\/fr\/"},{"@type":"ListItem","position":2,"name":"Catalogues"}]},{"@type":"WebSite","@id":"https:\/\/www.mobles114.com\/fr\/#website","url":"https:\/\/www.mobles114.com\/fr\/","name":"Mobles 114","description":"Mobiliario de dise\u00f1o","potentialAction":[{"@type":"SearchAction","target":{"@type":"EntryPoint","urlTemplate":"https:\/\/www.mobles114.com\/fr\/?s={search_term_string}"},"query-input":{"@type":"PropertyValueSpecification","valueRequired":true,"valueName":"search_term_string"}}],"inLanguage":"fr-FR"}]}},"_links":{"self":[{"href":"https:\/\/www.mobles114.com\/fr\/wp-json\/wp\/v2\/pages\/2890","targetHints":{"allow":["GET"]}}],"collection":[{"href":"https:\/\/www.mobles114.com\/fr\/wp-json\/wp\/v2\/pages"}],"about":[{"href":"https:\/\/www.mobles114.com\/fr\/wp-json\/wp\/v2\/types\/page"}],"author":[{"embeddable":true,"href":"https:\/\/www.mobles114.com\/fr\/wp-json\/wp\/v2\/users\/1"}],"replies":[{"embeddable":true,"href":"https:\/\/www.mobles114.com\/fr\/wp-json\/wp\/v2\/comments?post=2890"}],"version-history":[{"count":1,"href":"https:\/\/www.mobles114.com\/fr\/wp-json\/wp\/v2\/pages\/2890\/revisions"}],"predecessor-version":[{"id":34062,"href":"https:\/\/www.mobles114.com\/fr\/wp-json\/wp\/v2\/pages\/2890\/revisions\/34062"}],"wp:attachment":[{"href":"https:\/\/www.mobles114.com\/fr\/wp-json\/wp\/v2\/media?parent=2890"}],"curies":[{"name":"wp","href":"https:\/\/api.w.org\/{rel}","templated":true}]}}