{"id":8983,"date":"2017-02-22T10:13:51","date_gmt":"2017-02-22T10:13:51","guid":{"rendered":"http:\/\/www.mobles114.com\/?page_id=8983"},"modified":"2021-08-30T11:57:05","modified_gmt":"2021-08-30T11:57:05","slug":"servei-prescripcio-equipament-mobiliari","status":"publish","type":"page","link":"https:\/\/www.mobles114.com\/ca\/servei-prescripcio-equipament-mobiliari\/","title":{"rendered":"Servei de Prescripci\u00f3"},"content":{"rendered":"<h2>Servei de prescripci\u00f3<\/h2>\n<p>Per tal de facilitar a l&#8217;Arquitecte, Interiorista o Distribu\u00efdor la Prescrici\u00f3 completa de l&#8217;equipament del projecte seguint els seus criteris de selecci\u00f3 i la singularitat del propi projecte, Mobles 114 ofereix el servei de Prescripci\u00f3, col\u00b7laborant en el projecte de distribuci\u00f3, presentant \u00a0les opcions de producte propi \u00a0i del mercat i redactant el Quadern de Prescripci\u00f3 amb les fitxes de producte, descripcions, especificacions t\u00e8cniques i normatives, pressupost i les dades necess\u00e0ries per la licitaci\u00f3 i contractaci\u00f3 posterior.<\/p>\n<h2>Servei d&#8217;edici\u00f3 de producte especial<\/h2>\n<p>La majoria dels productes del cat\u00e0leg de Mobles 114 poden admetre algunes modificacions de mides i acabats per tal adaptar-los a les necessitats del client o a l&#8217;exig\u00e8ncia del projecte. \u00a0Mobles 114 ofereix la seva capacitat d&#8217;edici\u00f3 per a nous productes de disseny exclusiu per a equipaments singulars i que justifiquin procediments de manufactura industrial.<\/p>\n<h2>Contacte<\/h2>\n<p>Li oferim la possibilitat de registrar-se per rebre informaci\u00f3. Les seves dades seran tractades segons les lleis de privacitat vigents i formaran part del nostre directori.<\/p>\n","protected":false},"excerpt":{"rendered":"<p>Servei de prescripci\u00f3 Per tal de facilitar a l&#8217;Arquitecte, Interiorista o Distribu\u00efdor la Prescrici\u00f3 completa de l&#8217;equipament del projecte seguint &hellip;<\/p>\n","protected":false},"author":1,"featured_media":0,"parent":0,"menu_order":137,"comment_status":"closed","ping_status":"closed","template":"page-prescripcion.php","meta":{"_acf_changed":false,"footnotes":""},"class_list":["post-8983","page","type-page","status-publish","hentry"],"acf":[],"yoast_head":"<!-- This site is optimized with the Yoast SEO plugin v27.3 - https:\/\/yoast.com\/product\/yoast-seo-wordpress\/ -->\n<title>Servei de Prescripci\u00f3. Equipament mobiliari | Mobles 114<\/title>\n<meta name=\"description\" content=\"Mobles 114 ofereix el Servei de Prescripci\u00f3, col\u00b7laborant en el projecte de distribuci\u00f3. Projectes d&#039;equipament mobiliari professionals.\" \/>\n<meta name=\"robots\" content=\"index, follow, max-snippet:-1, max-image-preview:large, max-video-preview:-1\" \/>\n<link rel=\"canonical\" href=\"https:\/\/www.mobles114.com\/ca\/servei-prescripcio-equipament-mobiliari\/\" \/>\n<meta property=\"og:locale\" content=\"en_US\" \/>\n<meta property=\"og:type\" content=\"article\" \/>\n<meta property=\"og:title\" content=\"Servei de Prescripci\u00f3. Equipament mobiliari | Mobles 114\" \/>\n<meta property=\"og:description\" content=\"Mobles 114 ofereix el Servei de Prescripci\u00f3, col\u00b7laborant en el projecte de distribuci\u00f3. Projectes d&#039;equipament mobiliari professionals.\" \/>\n<meta property=\"og:url\" content=\"https:\/\/www.mobles114.com\/ca\/servei-prescripcio-equipament-mobiliari\/\" \/>\n<meta property=\"og:site_name\" content=\"Mobles 114\" \/>\n<meta property=\"article:modified_time\" content=\"2021-08-30T11:57:05+00:00\" \/>\n<meta name=\"twitter:card\" content=\"summary_large_image\" \/>\n<meta name=\"twitter:label1\" content=\"Est. reading time\" \/>\n\t<meta name=\"twitter:data1\" content=\"1 minute\" \/>\n<script type=\"application\/ld+json\" class=\"yoast-schema-graph\">{\"@context\":\"https:\\\/\\\/schema.org\",\"@graph\":[{\"@type\":\"WebPage\",\"@id\":\"https:\\\/\\\/www.mobles114.com\\\/ca\\\/servei-prescripcio-equipament-mobiliari\\\/\",\"url\":\"https:\\\/\\\/www.mobles114.com\\\/ca\\\/servei-prescripcio-equipament-mobiliari\\\/\",\"name\":\"Servei de Prescripci\u00f3. Equipament mobiliari | Mobles 114\",\"isPartOf\":{\"@id\":\"https:\\\/\\\/www.mobles114.com\\\/ca\\\/#website\"},\"datePublished\":\"2017-02-22T10:13:51+00:00\",\"dateModified\":\"2021-08-30T11:57:05+00:00\",\"description\":\"Mobles 114 ofereix el Servei de Prescripci\u00f3, col\u00b7laborant en el projecte de distribuci\u00f3. Projectes d'equipament mobiliari professionals.\",\"breadcrumb\":{\"@id\":\"https:\\\/\\\/www.mobles114.com\\\/ca\\\/servei-prescripcio-equipament-mobiliari\\\/#breadcrumb\"},\"inLanguage\":\"ca-CA\",\"potentialAction\":[{\"@type\":\"ReadAction\",\"target\":[\"https:\\\/\\\/www.mobles114.com\\\/ca\\\/servei-prescripcio-equipament-mobiliari\\\/\"]}]},{\"@type\":\"BreadcrumbList\",\"@id\":\"https:\\\/\\\/www.mobles114.com\\\/ca\\\/servei-prescripcio-equipament-mobiliari\\\/#breadcrumb\",\"itemListElement\":[{\"@type\":\"ListItem\",\"position\":1,\"name\":\"Portada\",\"item\":\"https:\\\/\\\/www.mobles114.com\\\/ca\\\/\"},{\"@type\":\"ListItem\",\"position\":2,\"name\":\"Servei de Prescripci\u00f3\"}]},{\"@type\":\"WebSite\",\"@id\":\"https:\\\/\\\/www.mobles114.com\\\/ca\\\/#website\",\"url\":\"https:\\\/\\\/www.mobles114.com\\\/ca\\\/\",\"name\":\"Mobles 114\",\"description\":\"Mobiliario de dise\u00f1o\",\"potentialAction\":[{\"@type\":\"SearchAction\",\"target\":{\"@type\":\"EntryPoint\",\"urlTemplate\":\"https:\\\/\\\/www.mobles114.com\\\/ca\\\/?s={search_term_string}\"},\"query-input\":{\"@type\":\"PropertyValueSpecification\",\"valueRequired\":true,\"valueName\":\"search_term_string\"}}],\"inLanguage\":\"ca-CA\"}]}<\/script>\n<!-- \/ Yoast SEO plugin. -->","yoast_head_json":{"title":"Servei de Prescripci\u00f3. Equipament mobiliari | Mobles 114","description":"Mobles 114 ofereix el Servei de Prescripci\u00f3, col\u00b7laborant en el projecte de distribuci\u00f3. Projectes d'equipament mobiliari professionals.","robots":{"index":"index","follow":"follow","max-snippet":"max-snippet:-1","max-image-preview":"max-image-preview:large","max-video-preview":"max-video-preview:-1"},"canonical":"https:\/\/www.mobles114.com\/ca\/servei-prescripcio-equipament-mobiliari\/","og_locale":"en_US","og_type":"article","og_title":"Servei de Prescripci\u00f3. Equipament mobiliari | Mobles 114","og_description":"Mobles 114 ofereix el Servei de Prescripci\u00f3, col\u00b7laborant en el projecte de distribuci\u00f3. Projectes d'equipament mobiliari professionals.","og_url":"https:\/\/www.mobles114.com\/ca\/servei-prescripcio-equipament-mobiliari\/","og_site_name":"Mobles 114","article_modified_time":"2021-08-30T11:57:05+00:00","twitter_card":"summary_large_image","twitter_misc":{"Est. reading time":"1 minute"},"schema":{"@context":"https:\/\/schema.org","@graph":[{"@type":"WebPage","@id":"https:\/\/www.mobles114.com\/ca\/servei-prescripcio-equipament-mobiliari\/","url":"https:\/\/www.mobles114.com\/ca\/servei-prescripcio-equipament-mobiliari\/","name":"Servei de Prescripci\u00f3. Equipament mobiliari | Mobles 114","isPartOf":{"@id":"https:\/\/www.mobles114.com\/ca\/#website"},"datePublished":"2017-02-22T10:13:51+00:00","dateModified":"2021-08-30T11:57:05+00:00","description":"Mobles 114 ofereix el Servei de Prescripci\u00f3, col\u00b7laborant en el projecte de distribuci\u00f3. Projectes d'equipament mobiliari professionals.","breadcrumb":{"@id":"https:\/\/www.mobles114.com\/ca\/servei-prescripcio-equipament-mobiliari\/#breadcrumb"},"inLanguage":"ca-CA","potentialAction":[{"@type":"ReadAction","target":["https:\/\/www.mobles114.com\/ca\/servei-prescripcio-equipament-mobiliari\/"]}]},{"@type":"BreadcrumbList","@id":"https:\/\/www.mobles114.com\/ca\/servei-prescripcio-equipament-mobiliari\/#breadcrumb","itemListElement":[{"@type":"ListItem","position":1,"name":"Portada","item":"https:\/\/www.mobles114.com\/ca\/"},{"@type":"ListItem","position":2,"name":"Servei de Prescripci\u00f3"}]},{"@type":"WebSite","@id":"https:\/\/www.mobles114.com\/ca\/#website","url":"https:\/\/www.mobles114.com\/ca\/","name":"Mobles 114","description":"Mobiliario de dise\u00f1o","potentialAction":[{"@type":"SearchAction","target":{"@type":"EntryPoint","urlTemplate":"https:\/\/www.mobles114.com\/ca\/?s={search_term_string}"},"query-input":{"@type":"PropertyValueSpecification","valueRequired":true,"valueName":"search_term_string"}}],"inLanguage":"ca-CA"}]}},"_links":{"self":[{"href":"https:\/\/www.mobles114.com\/ca\/wp-json\/wp\/v2\/pages\/8983","targetHints":{"allow":["GET"]}}],"collection":[{"href":"https:\/\/www.mobles114.com\/ca\/wp-json\/wp\/v2\/pages"}],"about":[{"href":"https:\/\/www.mobles114.com\/ca\/wp-json\/wp\/v2\/types\/page"}],"author":[{"embeddable":true,"href":"https:\/\/www.mobles114.com\/ca\/wp-json\/wp\/v2\/users\/1"}],"replies":[{"embeddable":true,"href":"https:\/\/www.mobles114.com\/ca\/wp-json\/wp\/v2\/comments?post=8983"}],"version-history":[{"count":1,"href":"https:\/\/www.mobles114.com\/ca\/wp-json\/wp\/v2\/pages\/8983\/revisions"}],"predecessor-version":[{"id":33309,"href":"https:\/\/www.mobles114.com\/ca\/wp-json\/wp\/v2\/pages\/8983\/revisions\/33309"}],"wp:attachment":[{"href":"https:\/\/www.mobles114.com\/ca\/wp-json\/wp\/v2\/media?parent=8983"}],"curies":[{"name":"wp","href":"https:\/\/api.w.org\/{rel}","templated":true}]}}