{"id":8818,"date":"2017-02-22T12:01:12","date_gmt":"2017-02-22T12:01:12","guid":{"rendered":"http:\/\/www.mobles114.com\/?page_id=8818"},"modified":"2021-11-11T10:26:44","modified_gmt":"2021-11-11T10:26:44","slug":"avis-legal","status":"publish","type":"page","link":"https:\/\/www.mobles114.com\/ca\/avis-legal\/","title":{"rendered":"Avis legal"},"content":{"rendered":"<p>D&#8217;acord amb la Llei 34\/2002 de serveis de la societat de la informaci\u00f3 i de comer\u00e7 electr\u00f2nic, us informem que aquesta p\u00e0gina web es propietat de MOBLES 114 EDITIONS SL, amb cif B66002973, amb domicili al carrer Juli\u00e1n Romea 16, baixos 2, 08006 Barcelona.<\/p>\n<p><span lang=\"\">Per qualsevol consulta o proposta, contacteu amb nosaltres al tel\u00e8fon 34 \/ 932 600 114, o a l&#8217;adre\u00e7a de correu <\/span><span lang=\"\"><a href=\"mailto:mobles114@mobles114.com\">mobles114@mobles114.com<\/a><\/span><\/p>\n<p><span lang=\"\"> L&#8217;acc\u00e9s a la nostra p\u00e0gina web \u00e9s gratu\u00eft i est\u00e0 condicionat a la lectura pr\u00e8via i acceptaci\u00f3 integra, expressa i sense reserves de les presents CONDICIONS GENERALS D&#8217;\u00daS vigents al moment d&#8217;acc\u00e9s, que preguem llegeixi detingudament. Si l&#8217;usuari no estigu\u00e9s d&#8217;acord amb les presents condicions d&#8217;\u00fas, ha d&#8217;abstenir-se de fer-ne \u00fas d&#8217;aquest portal i operar mitjan\u00e7ant el mateix. <\/span><\/p>\n<p><span lang=\"\">En qualsevol moment podem modificar la presentaci\u00f3 i configuraci\u00f3 de la nostra web, i incl\u00fas suprimir-la de la xarxa, aix\u00ed com els serveis i continguts prestats, tot aix\u00f2 de manera unilateral i sense av\u00eds previ.<\/span><\/p>\n<p><strong><span lang=\"\">Drets d&#8217; autor<\/span><\/strong><\/p>\n<p><span lang=\"\">Tots els continguts, textos i imatges presents a la nostra p\u00e0gina web s\u00f3n propietat de MOBLES 114 EDITIONS S.L i estan protegits pels drets de Propietat Intel\u00b7lectual.<br \/>\nL&#8217;usuari \u00fanicament t\u00e9 dret a un us privat dels mateixos i necessita autoritzaci\u00f3 expressa de MOBLES 114 EDITIONS S.L per modificar-los, reproduir-los, explotar-los, distribuir-los o qualsevol dret que pertanyi al seu titular. <\/span><\/p>\n<p><span lang=\"\">MOBLES 114 EDITIONS S.L \u00e9s una marca registrada, i est\u00e0 prohibida la seva reproducci\u00f3, imitaci\u00f3 o inserci\u00f3 d&#8217;aquestes marques sense la nostra autoritzaci\u00f3.<\/span><\/p>\n<p><strong><span lang=\"\">Condicions d&#8217;acc\u00e9s<\/span><\/strong><\/p>\n<p><span lang=\"\">L&#8217;acc\u00e9s a la nostra p\u00e0gina web \u00e9s gratu\u00eft i no exigeix subscripci\u00f3 pr\u00e8via o registre. No obstant aix\u00f2, ens reservem el dret a condicionar l&#8217;\u00fas de determinats serveis o continguts a la subscripci\u00f3 pr\u00e8via i\/o a la satisfacci\u00f3 de contraprestaci\u00f3 econ\u00f2mica. Aquests serveis quedaran degudament identificats a la web, amb f\u00e0cils indicacions per la subscripci\u00f3.<br \/>\nL&#8217;usuari ha d&#8217;accedir a la nostra p\u00e0gina conforme a la bona fe, les formes d&#8217;ordre p\u00fablic, a les presents Condicions Generals d&#8217;\u00das i, en el seu cas, les condicions espec\u00edfiques d&#8217;us que poguessin ser d&#8217;aplicaci\u00f3. L&#8217;acc\u00e9s a la web es realitza sota la responsabilitat de l&#8217;usuari, que respondr\u00e0 en tot cas, dels danys que pugui causar a tercers o a nosaltres mateixos.<br \/>\nL&#8217;usuari te prohibit l&#8217;\u00fas i utilitzaci\u00f3 i obtenci\u00f3 de serveis i continguts oferts a la web, per procediments diferents als estipulats a les presents condicions d&#8217;\u00fas i condicions particulars qie regulin l&#8217;adquisici\u00f3 de determinats serveis. <\/span><\/p>\n<p><span lang=\"\">Tenint en compte l&#8217;impossibilitat de control respecte a la informaci\u00f3, continguts i serveis que contingui altres websites als que pugui accedir mitjan\u00e7ant els enlla\u00e7os de la nostra p\u00e0gina, els hi comuniquem que MOBLES 114 EDITIONS S.L, queda eximit de qualsevol responsabilitat pels danys i perjudicis que poguessin derivar per l&#8217;\u00fas d&#8217;aquelles p\u00e0gines web al que recomanem llegir els avisos legals que regulin tots els llocs web.<\/span><\/p>\n<p><span lang=\"\">Queda expressament prohibit la introducci\u00f3 d&#8217;hiperenlla\u00e7os a p\u00e0gines web de la nostra empresa, que permetin l&#8217;acc\u00e9s a la nostra p\u00e0gina web sense el previ consentiment de MOBLES 114 EDITIONS S.L. En tot cas, l&#8217;exist\u00e8ncia d<\/span>&#8216;hiperenlla\u00e7os a llocs web diferents del nostre, no implicar\u00e0 en cap cas l&#8217;exist\u00e8ncia de relacions comercials o mercantils amb el titular de la p\u00e0gina web on s&#8217;inclogui l&#8217;hiperenlla\u00e7, ni l&#8217;acceptaci\u00f3 per part de MOBLES 114 EDITIONS S.L, dels seus continguts o serveis.<\/p>\n<p><strong><span lang=\"\">Protecci\u00f3 de dades personals<\/span><\/strong><\/p>\n<p><span lang=\"\">Les Dades Personals recollides a trav\u00e9s dels formularis o l&#8217;enviament de correus electr\u00f2nics, seran objecte de tractament automatitzat i incorporats als corresponents fitxers de MOBLES 114 EDITIONS S.L, titular responsable dels mateixos, amb domicili a Barcelona, carrer Juli\u00e1n Romea 16, baixos 2, 08006. L&#8217;enviament referit de dades personals constitueix el consentiment al tractament dels mateixos, de car\u00e0cter revocable i sense efectes retroactiu. Aix\u00ed mateix, els garantim que les seves dades no seran cedides a tercers sota cap concepte, a excepci\u00f3 dels casos legalment previstos, o quan ens atorgueu el consentiment, i seran tractats confidencialment, i adoptant totes les mesures t\u00e8cniques i organitzatives necess\u00e0ries per la seguretat de les seves dades personals, tal i com exigeix la Llei Org\u00e0nica 15\/1999. Aix\u00ed mateix us informem que tots els nostres fitxers estan legalment inscrits al Registre General de Dades Personals.<br \/>\nLa finalitat de la recollida de dades de car\u00e0cter personal mitjan\u00e7ant formulari de contacte o e-mail, no \u00fas un altra que la de poder envair informacions, notificacions i\/o missatges de correu electr\u00f2nic, aix\u00ed com el manteniment de qualsevol relaci\u00f3, contractual o extracontractual, i comercial amb l&#8217;usuari. <\/span><\/p>\n<p><span lang=\"\">Considerem que si no cancel\u00b7la les seves dades personals expressament dels nostres fitxers, continua interessat en estar incorporat als mateixos fins que MOBLES 114 EDITIONS S.L ho consideri oport\u00fa i mentre sigui adequat a la finalitat per la que es van obtenir.<br \/>\nL&#8217;usuari queda igualment informat sobre la possibilitat d&#8217;exercir els drets d&#8217;acc\u00e9s, rectificaci\u00f3, cancel\u00b7laci\u00f3 i oposici\u00f3, en els termes establerts a la Llei Org\u00e0nica de Protecci\u00f3 de Dades 15\/1999 a la seg\u00fcent adre\u00e7a: MOBLES 114 EDITIONS S.L &#8211; carrer Juli\u00e1n Romea 16, baixos 2, 08006.<br \/>\nAquesta p\u00e0gina web no utilitza cookies, ni qualsevol altra mitj\u00e0 de captaci\u00f3 de dades personals dels usuaris sense el seu previ consentiment. <\/span><\/p>\n<p><strong><span lang=\"\">Responsabilitats<\/span><\/strong><\/p>\n<p><span lang=\"\"> Al posar a disposici\u00f3 de l&#8217;usuari aquesta p\u00e0gina web volem oferir tota una s\u00e8rie de continguts de qualitat, utilitzant la m\u00e0xima dilig\u00e8ncia en la prestaci\u00f3 dels mateixos aix\u00ed com els mitjans tecnol\u00f2gics utilitzats. No obstant, no respondrem de la presencia de virus i altres elements que d&#8217;alguna manera puguin malmetre el sistema inform\u00e0tic de l&#8217;usuari. MOBLES 114 EDITIONS S.L no garanteix l&#8217;exactitud, veracitat i vig\u00e8ncia dels continguts d&#8217;aquesta p\u00e0gina web, ja siguin propis, de tercers o enlla\u00e7ables a d&#8217;altres web sites, quedant totalment exonerada de qualsevol responsabilitat derivada de l&#8217;\u00fas de la mateixa. <\/span><\/p>\n<p><span lang=\"\">L&#8217;usuari asumeix tota la responsabilitat derivada de l&#8217;\u00fas de la nostra p\u00e0gina web, sent l&#8217;\u00fanic responsable de tot efecte directe o indirecte que sobre la p\u00e0gina web se&#8217;n derivi, incloent, de forma enunciativa i no limitativa, tot resultat econ\u00f2mic, t\u00e8cnic i\/o jur\u00eddic advers, aix\u00ed com la defraudaci\u00f3 de les expectatives generades pel nostra portal, obligant-se l&#8217;usuari a mantenir indemne a MOBLES 114 EDITIONS S.L per qualsevol reclamaci\u00f3 derivada, directa o indirectament de tals fets.<\/span><\/p>\n<p>Tot el que relacioni la nostra p\u00e0gina web, es regeix exclusivament per les lleis espanyoles. En el cas que es produeixi qualsevol tipus d discrep\u00e0ncia o difer\u00e8ncia entre les parts en relaci\u00f3 amb l&#8217;interpretaci\u00f3 i contingut de la present p\u00e0gina web, totes les parts se sotmeten, amb ren\u00fancia expressa a qualsevol altre fur, als Jutjats i Tribunals, o si aix\u00ed ho acorden ambdues parts, podran optar per mitj\u00e0 de l&#8217;arbitratge, en aquest cas les parts se sotmetran a l&#8217;organisme d&#8217;arbitratge que designin, a la qual s&#8217;encarregar\u00e0 la designaci\u00f3 d&#8217;\u00e0rbitre o \u00e0rbitres, i l&#8217;Administraci\u00f3 de l&#8217;arbitratge, obligant-se des d&#8217;ara al compliment de la decisi\u00f3 arbitral.<\/p>\n<p><strong><span lang=\"\">Atenci\u00f3<\/span><\/strong><\/p>\n<p><span lang=\"\"> Les presents Condicions Generals d&#8217;\u00das han estat establertes amb data 1 de juny del 2010. En qualsevol moment podem procedir a la seva modificaci\u00f3: per favor, comprovi la data d&#8217;emissi\u00f3 en cada ocasi\u00f3 que es connecti a la nostra p\u00e0gina Web i aix\u00ed tindr\u00e0 la certesa que no s&#8217;ha produ\u00eft modificaci\u00f3 alguna que li afecti. <\/span><\/p>\n<p>&nbsp;<\/p>\n","protected":false},"excerpt":{"rendered":"<p>D&#8217;acord amb la Llei 34\/2002 de serveis de la societat de la informaci\u00f3 i de comer\u00e7 electr\u00f2nic, us informem que &hellip;<\/p>\n","protected":false},"author":1,"featured_media":0,"parent":0,"menu_order":129,"comment_status":"closed","ping_status":"closed","template":"","meta":{"_acf_changed":false,"footnotes":""},"class_list":["post-8818","page","type-page","status-publish","hentry"],"acf":[],"yoast_head":"<!-- This site is optimized with the Yoast SEO plugin v27.3 - https:\/\/yoast.com\/product\/yoast-seo-wordpress\/ -->\n<title>Avis legal | Mobles 114<\/title>\n<meta name=\"robots\" content=\"noindex, follow\" \/>\n<meta property=\"og:locale\" content=\"en_US\" \/>\n<meta property=\"og:type\" content=\"article\" \/>\n<meta property=\"og:title\" content=\"Avis legal | Mobles 114\" \/>\n<meta property=\"og:description\" content=\"D&#8217;acord amb la Llei 34\/2002 de serveis de la societat de la informaci\u00f3 i de comer\u00e7 electr\u00f2nic, us informem que &hellip;\" \/>\n<meta property=\"og:url\" content=\"https:\/\/www.mobles114.com\/ca\/avis-legal\/\" \/>\n<meta property=\"og:site_name\" content=\"Mobles 114\" \/>\n<meta property=\"article:modified_time\" content=\"2021-11-11T10:26:44+00:00\" \/>\n<meta name=\"twitter:card\" content=\"summary_large_image\" \/>\n<meta name=\"twitter:label1\" content=\"Est. reading time\" \/>\n\t<meta name=\"twitter:data1\" content=\"6 minutes\" \/>\n<script type=\"application\/ld+json\" class=\"yoast-schema-graph\">{\"@context\":\"https:\\\/\\\/schema.org\",\"@graph\":[{\"@type\":\"WebPage\",\"@id\":\"https:\\\/\\\/www.mobles114.com\\\/ca\\\/avis-legal\\\/\",\"url\":\"https:\\\/\\\/www.mobles114.com\\\/ca\\\/avis-legal\\\/\",\"name\":\"Avis legal | Mobles 114\",\"isPartOf\":{\"@id\":\"https:\\\/\\\/www.mobles114.com\\\/ca\\\/#website\"},\"datePublished\":\"2017-02-22T12:01:12+00:00\",\"dateModified\":\"2021-11-11T10:26:44+00:00\",\"breadcrumb\":{\"@id\":\"https:\\\/\\\/www.mobles114.com\\\/ca\\\/avis-legal\\\/#breadcrumb\"},\"inLanguage\":\"ca-CA\",\"potentialAction\":[{\"@type\":\"ReadAction\",\"target\":[\"https:\\\/\\\/www.mobles114.com\\\/ca\\\/avis-legal\\\/\"]}]},{\"@type\":\"BreadcrumbList\",\"@id\":\"https:\\\/\\\/www.mobles114.com\\\/ca\\\/avis-legal\\\/#breadcrumb\",\"itemListElement\":[{\"@type\":\"ListItem\",\"position\":1,\"name\":\"Portada\",\"item\":\"https:\\\/\\\/www.mobles114.com\\\/ca\\\/\"},{\"@type\":\"ListItem\",\"position\":2,\"name\":\"Avis legal\"}]},{\"@type\":\"WebSite\",\"@id\":\"https:\\\/\\\/www.mobles114.com\\\/ca\\\/#website\",\"url\":\"https:\\\/\\\/www.mobles114.com\\\/ca\\\/\",\"name\":\"Mobles 114\",\"description\":\"Mobiliario de dise\u00f1o\",\"potentialAction\":[{\"@type\":\"SearchAction\",\"target\":{\"@type\":\"EntryPoint\",\"urlTemplate\":\"https:\\\/\\\/www.mobles114.com\\\/ca\\\/?s={search_term_string}\"},\"query-input\":{\"@type\":\"PropertyValueSpecification\",\"valueRequired\":true,\"valueName\":\"search_term_string\"}}],\"inLanguage\":\"ca-CA\"}]}<\/script>\n<!-- \/ Yoast SEO plugin. -->","yoast_head_json":{"title":"Avis legal | Mobles 114","robots":{"index":"noindex","follow":"follow"},"og_locale":"en_US","og_type":"article","og_title":"Avis legal | Mobles 114","og_description":"D&#8217;acord amb la Llei 34\/2002 de serveis de la societat de la informaci\u00f3 i de comer\u00e7 electr\u00f2nic, us informem que &hellip;","og_url":"https:\/\/www.mobles114.com\/ca\/avis-legal\/","og_site_name":"Mobles 114","article_modified_time":"2021-11-11T10:26:44+00:00","twitter_card":"summary_large_image","twitter_misc":{"Est. reading time":"6 minutes"},"schema":{"@context":"https:\/\/schema.org","@graph":[{"@type":"WebPage","@id":"https:\/\/www.mobles114.com\/ca\/avis-legal\/","url":"https:\/\/www.mobles114.com\/ca\/avis-legal\/","name":"Avis legal | Mobles 114","isPartOf":{"@id":"https:\/\/www.mobles114.com\/ca\/#website"},"datePublished":"2017-02-22T12:01:12+00:00","dateModified":"2021-11-11T10:26:44+00:00","breadcrumb":{"@id":"https:\/\/www.mobles114.com\/ca\/avis-legal\/#breadcrumb"},"inLanguage":"ca-CA","potentialAction":[{"@type":"ReadAction","target":["https:\/\/www.mobles114.com\/ca\/avis-legal\/"]}]},{"@type":"BreadcrumbList","@id":"https:\/\/www.mobles114.com\/ca\/avis-legal\/#breadcrumb","itemListElement":[{"@type":"ListItem","position":1,"name":"Portada","item":"https:\/\/www.mobles114.com\/ca\/"},{"@type":"ListItem","position":2,"name":"Avis legal"}]},{"@type":"WebSite","@id":"https:\/\/www.mobles114.com\/ca\/#website","url":"https:\/\/www.mobles114.com\/ca\/","name":"Mobles 114","description":"Mobiliario de dise\u00f1o","potentialAction":[{"@type":"SearchAction","target":{"@type":"EntryPoint","urlTemplate":"https:\/\/www.mobles114.com\/ca\/?s={search_term_string}"},"query-input":{"@type":"PropertyValueSpecification","valueRequired":true,"valueName":"search_term_string"}}],"inLanguage":"ca-CA"}]}},"_links":{"self":[{"href":"https:\/\/www.mobles114.com\/ca\/wp-json\/wp\/v2\/pages\/8818","targetHints":{"allow":["GET"]}}],"collection":[{"href":"https:\/\/www.mobles114.com\/ca\/wp-json\/wp\/v2\/pages"}],"about":[{"href":"https:\/\/www.mobles114.com\/ca\/wp-json\/wp\/v2\/types\/page"}],"author":[{"embeddable":true,"href":"https:\/\/www.mobles114.com\/ca\/wp-json\/wp\/v2\/users\/1"}],"replies":[{"embeddable":true,"href":"https:\/\/www.mobles114.com\/ca\/wp-json\/wp\/v2\/comments?post=8818"}],"version-history":[{"count":2,"href":"https:\/\/www.mobles114.com\/ca\/wp-json\/wp\/v2\/pages\/8818\/revisions"}],"predecessor-version":[{"id":36032,"href":"https:\/\/www.mobles114.com\/ca\/wp-json\/wp\/v2\/pages\/8818\/revisions\/36032"}],"wp:attachment":[{"href":"https:\/\/www.mobles114.com\/ca\/wp-json\/wp\/v2\/media?parent=8818"}],"curies":[{"name":"wp","href":"https:\/\/api.w.org\/{rel}","templated":true}]}}