{"id":56329,"date":"2022-03-16T15:15:23","date_gmt":"2022-03-16T15:15:23","guid":{"rendered":"https:\/\/www.mobles114.com\/professional-area\/"},"modified":"2024-03-13T16:25:32","modified_gmt":"2024-03-13T16:25:32","slug":"professional-area","status":"publish","type":"page","link":"https:\/\/www.mobles114.com\/ca\/professional-area\/","title":{"rendered":"Professional Area"},"content":{"rendered":"<p>Despr\u00e9s d&#8217;una llarga traject\u00f2ria treballant en mobiliari contract, sabem que cada projecte \u00e9s \u00fanic. Per aix\u00f2 volem oferir-vos un servei exclusiu, dissenyat per facilitar el vostre treball.<\/p>\n<p>En subscriure-us a l&#8217;\u00e0rea de professionals, podreu accedir i descarregar informaci\u00f3 t\u00e8cnica, contactar amb un comercial segons \u00e0rea i\/o rebre la nostra newsletter.<\/p>\n","protected":false},"excerpt":{"rendered":"<p>Despr\u00e9s d&#8217;una llarga traject\u00f2ria treballant en mobiliari contract, sabem que cada projecte \u00e9s \u00fanic. Per aix\u00f2 volem oferir-vos un servei &hellip;<\/p>\n","protected":false},"author":1,"featured_media":44230,"parent":0,"menu_order":4,"comment_status":"closed","ping_status":"closed","template":"page-professional.php","meta":{"_acf_changed":false,"footnotes":""},"class_list":["post-56329","page","type-page","status-publish","has-post-thumbnail","hentry"],"acf":[],"yoast_head":"<!-- This site is optimized with the Yoast SEO plugin v27.3 - https:\/\/yoast.com\/product\/yoast-seo-wordpress\/ -->\n<title>Professional Area - Proyectos y Mobiliario contract con Mobles 114<\/title>\n<meta name=\"description\" content=\"Tras una gran trayectoria en proyectos y mobiliario contract, en Mobles 114 sabemos que cada idea es \u00fanica. Consulte este servicio exclusivo.\" \/>\n<meta name=\"robots\" content=\"index, follow, max-snippet:-1, max-image-preview:large, max-video-preview:-1\" \/>\n<link rel=\"canonical\" href=\"https:\/\/www.mobles114.com\/ca\/professional-area\/\" \/>\n<meta property=\"og:locale\" content=\"en_US\" \/>\n<meta property=\"og:type\" content=\"article\" \/>\n<meta property=\"og:title\" content=\"Professional Area - Proyectos y Mobiliario contract con Mobles 114\" \/>\n<meta property=\"og:description\" content=\"Tras una gran trayectoria en proyectos y mobiliario contract, en Mobles 114 sabemos que cada idea es \u00fanica. Consulte este servicio exclusivo.\" \/>\n<meta property=\"og:url\" content=\"https:\/\/www.mobles114.com\/ca\/professional-area\/\" \/>\n<meta property=\"og:site_name\" content=\"Mobles 114\" \/>\n<meta property=\"article:modified_time\" content=\"2024-03-13T16:25:32+00:00\" \/>\n<meta property=\"og:image\" content=\"https:\/\/www.mobles114.com\/wp-content\/uploads\/2022\/07\/WEB_IMAGE_PROFESSIONAL_AREA_BANNER_TOP-i-FOOTER.jpg\" \/>\n\t<meta property=\"og:image:width\" content=\"1920\" \/>\n\t<meta property=\"og:image:height\" content=\"267\" \/>\n\t<meta property=\"og:image:type\" content=\"image\/jpeg\" \/>\n<meta name=\"twitter:card\" content=\"summary_large_image\" \/>\n<meta name=\"twitter:label1\" content=\"Est. reading time\" \/>\n\t<meta name=\"twitter:data1\" content=\"1 minute\" \/>\n<script type=\"application\/ld+json\" class=\"yoast-schema-graph\">{\"@context\":\"https:\\\/\\\/schema.org\",\"@graph\":[{\"@type\":\"WebPage\",\"@id\":\"https:\\\/\\\/www.mobles114.com\\\/ca\\\/professional-area\\\/\",\"url\":\"https:\\\/\\\/www.mobles114.com\\\/ca\\\/professional-area\\\/\",\"name\":\"Professional Area - Proyectos y Mobiliario contract con Mobles 114\",\"isPartOf\":{\"@id\":\"https:\\\/\\\/www.mobles114.com\\\/ca\\\/#website\"},\"primaryImageOfPage\":{\"@id\":\"https:\\\/\\\/www.mobles114.com\\\/ca\\\/professional-area\\\/#primaryimage\"},\"image\":{\"@id\":\"https:\\\/\\\/www.mobles114.com\\\/ca\\\/professional-area\\\/#primaryimage\"},\"thumbnailUrl\":\"https:\\\/\\\/www.mobles114.com\\\/wp-content\\\/uploads\\\/2022\\\/07\\\/WEB_IMAGE_PROFESSIONAL_AREA_BANNER_TOP-i-FOOTER.jpg\",\"datePublished\":\"2022-03-16T15:15:23+00:00\",\"dateModified\":\"2024-03-13T16:25:32+00:00\",\"description\":\"Tras una gran trayectoria en proyectos y mobiliario contract, en Mobles 114 sabemos que cada idea es \u00fanica. Consulte este servicio exclusivo.\",\"breadcrumb\":{\"@id\":\"https:\\\/\\\/www.mobles114.com\\\/ca\\\/professional-area\\\/#breadcrumb\"},\"inLanguage\":\"ca-CA\",\"potentialAction\":[{\"@type\":\"ReadAction\",\"target\":[\"https:\\\/\\\/www.mobles114.com\\\/ca\\\/professional-area\\\/\"]}]},{\"@type\":\"ImageObject\",\"inLanguage\":\"ca-CA\",\"@id\":\"https:\\\/\\\/www.mobles114.com\\\/ca\\\/professional-area\\\/#primaryimage\",\"url\":\"https:\\\/\\\/www.mobles114.com\\\/wp-content\\\/uploads\\\/2022\\\/07\\\/WEB_IMAGE_PROFESSIONAL_AREA_BANNER_TOP-i-FOOTER.jpg\",\"contentUrl\":\"https:\\\/\\\/www.mobles114.com\\\/wp-content\\\/uploads\\\/2022\\\/07\\\/WEB_IMAGE_PROFESSIONAL_AREA_BANNER_TOP-i-FOOTER.jpg\",\"width\":1920,\"height\":267,\"caption\":\"mobiliario contract\"},{\"@type\":\"BreadcrumbList\",\"@id\":\"https:\\\/\\\/www.mobles114.com\\\/ca\\\/professional-area\\\/#breadcrumb\",\"itemListElement\":[{\"@type\":\"ListItem\",\"position\":1,\"name\":\"Portada\",\"item\":\"https:\\\/\\\/www.mobles114.com\\\/ca\\\/\"},{\"@type\":\"ListItem\",\"position\":2,\"name\":\"Professional Area\"}]},{\"@type\":\"WebSite\",\"@id\":\"https:\\\/\\\/www.mobles114.com\\\/ca\\\/#website\",\"url\":\"https:\\\/\\\/www.mobles114.com\\\/ca\\\/\",\"name\":\"Mobles 114\",\"description\":\"Mobiliario de dise\u00f1o\",\"potentialAction\":[{\"@type\":\"SearchAction\",\"target\":{\"@type\":\"EntryPoint\",\"urlTemplate\":\"https:\\\/\\\/www.mobles114.com\\\/ca\\\/?s={search_term_string}\"},\"query-input\":{\"@type\":\"PropertyValueSpecification\",\"valueRequired\":true,\"valueName\":\"search_term_string\"}}],\"inLanguage\":\"ca-CA\"}]}<\/script>\n<!-- \/ Yoast SEO plugin. -->","yoast_head_json":{"title":"Professional Area - Proyectos y Mobiliario contract con Mobles 114","description":"Tras una gran trayectoria en proyectos y mobiliario contract, en Mobles 114 sabemos que cada idea es \u00fanica. Consulte este servicio exclusivo.","robots":{"index":"index","follow":"follow","max-snippet":"max-snippet:-1","max-image-preview":"max-image-preview:large","max-video-preview":"max-video-preview:-1"},"canonical":"https:\/\/www.mobles114.com\/ca\/professional-area\/","og_locale":"en_US","og_type":"article","og_title":"Professional Area - Proyectos y Mobiliario contract con Mobles 114","og_description":"Tras una gran trayectoria en proyectos y mobiliario contract, en Mobles 114 sabemos que cada idea es \u00fanica. Consulte este servicio exclusivo.","og_url":"https:\/\/www.mobles114.com\/ca\/professional-area\/","og_site_name":"Mobles 114","article_modified_time":"2024-03-13T16:25:32+00:00","og_image":[{"width":1920,"height":267,"url":"https:\/\/www.mobles114.com\/wp-content\/uploads\/2022\/07\/WEB_IMAGE_PROFESSIONAL_AREA_BANNER_TOP-i-FOOTER.jpg","type":"image\/jpeg"}],"twitter_card":"summary_large_image","twitter_misc":{"Est. reading time":"1 minute"},"schema":{"@context":"https:\/\/schema.org","@graph":[{"@type":"WebPage","@id":"https:\/\/www.mobles114.com\/ca\/professional-area\/","url":"https:\/\/www.mobles114.com\/ca\/professional-area\/","name":"Professional Area - Proyectos y Mobiliario contract con Mobles 114","isPartOf":{"@id":"https:\/\/www.mobles114.com\/ca\/#website"},"primaryImageOfPage":{"@id":"https:\/\/www.mobles114.com\/ca\/professional-area\/#primaryimage"},"image":{"@id":"https:\/\/www.mobles114.com\/ca\/professional-area\/#primaryimage"},"thumbnailUrl":"https:\/\/www.mobles114.com\/wp-content\/uploads\/2022\/07\/WEB_IMAGE_PROFESSIONAL_AREA_BANNER_TOP-i-FOOTER.jpg","datePublished":"2022-03-16T15:15:23+00:00","dateModified":"2024-03-13T16:25:32+00:00","description":"Tras una gran trayectoria en proyectos y mobiliario contract, en Mobles 114 sabemos que cada idea es \u00fanica. Consulte este servicio exclusivo.","breadcrumb":{"@id":"https:\/\/www.mobles114.com\/ca\/professional-area\/#breadcrumb"},"inLanguage":"ca-CA","potentialAction":[{"@type":"ReadAction","target":["https:\/\/www.mobles114.com\/ca\/professional-area\/"]}]},{"@type":"ImageObject","inLanguage":"ca-CA","@id":"https:\/\/www.mobles114.com\/ca\/professional-area\/#primaryimage","url":"https:\/\/www.mobles114.com\/wp-content\/uploads\/2022\/07\/WEB_IMAGE_PROFESSIONAL_AREA_BANNER_TOP-i-FOOTER.jpg","contentUrl":"https:\/\/www.mobles114.com\/wp-content\/uploads\/2022\/07\/WEB_IMAGE_PROFESSIONAL_AREA_BANNER_TOP-i-FOOTER.jpg","width":1920,"height":267,"caption":"mobiliario contract"},{"@type":"BreadcrumbList","@id":"https:\/\/www.mobles114.com\/ca\/professional-area\/#breadcrumb","itemListElement":[{"@type":"ListItem","position":1,"name":"Portada","item":"https:\/\/www.mobles114.com\/ca\/"},{"@type":"ListItem","position":2,"name":"Professional Area"}]},{"@type":"WebSite","@id":"https:\/\/www.mobles114.com\/ca\/#website","url":"https:\/\/www.mobles114.com\/ca\/","name":"Mobles 114","description":"Mobiliario de dise\u00f1o","potentialAction":[{"@type":"SearchAction","target":{"@type":"EntryPoint","urlTemplate":"https:\/\/www.mobles114.com\/ca\/?s={search_term_string}"},"query-input":{"@type":"PropertyValueSpecification","valueRequired":true,"valueName":"search_term_string"}}],"inLanguage":"ca-CA"}]}},"_links":{"self":[{"href":"https:\/\/www.mobles114.com\/ca\/wp-json\/wp\/v2\/pages\/56329","targetHints":{"allow":["GET"]}}],"collection":[{"href":"https:\/\/www.mobles114.com\/ca\/wp-json\/wp\/v2\/pages"}],"about":[{"href":"https:\/\/www.mobles114.com\/ca\/wp-json\/wp\/v2\/types\/page"}],"author":[{"embeddable":true,"href":"https:\/\/www.mobles114.com\/ca\/wp-json\/wp\/v2\/users\/1"}],"replies":[{"embeddable":true,"href":"https:\/\/www.mobles114.com\/ca\/wp-json\/wp\/v2\/comments?post=56329"}],"version-history":[{"count":9,"href":"https:\/\/www.mobles114.com\/ca\/wp-json\/wp\/v2\/pages\/56329\/revisions"}],"predecessor-version":[{"id":64976,"href":"https:\/\/www.mobles114.com\/ca\/wp-json\/wp\/v2\/pages\/56329\/revisions\/64976"}],"wp:featuredmedia":[{"embeddable":true,"href":"https:\/\/www.mobles114.com\/ca\/wp-json\/wp\/v2\/media\/44230"}],"wp:attachment":[{"href":"https:\/\/www.mobles114.com\/ca\/wp-json\/wp\/v2\/media?parent=56329"}],"curies":[{"name":"wp","href":"https:\/\/api.w.org\/{rel}","templated":true}]}}