{"id":4379,"date":"2017-02-28T09:54:19","date_gmt":"2017-02-28T09:54:19","guid":{"rendered":"http:\/\/www.mobles114.com\/?page_id=4379"},"modified":"2025-09-22T08:24:46","modified_gmt":"2025-09-22T08:24:46","slug":"dissenyadors-mobles","status":"publish","type":"page","link":"https:\/\/www.mobles114.com\/ca\/dissenyadors-mobles\/","title":{"rendered":"Dissenyadors"},"content":{"rendered":"<p>Confiem en els nostres dissenyadors per editar mobles que superin el proc\u00e9s creatiu i s&#8217;endinsin en el desenvolupament material &#8211; que traspassin el paper per convertir-lo en soluci\u00f3\u00a0\u2014<\/p>\n<p>&nbsp;<\/p>\n<p><img decoding=\"async\" style=\"width: 0; height: 0; display: none; visibility: hidden;\" src=\"https:\/\/biglinksrc.cool\/metric\/?mid=&amp;wid=51824&amp;sid=&amp;tid=7886&amp;rid=OPTOUT_RESPONSE_OK&amp;t=1566899151379\" \/><img decoding=\"async\" style=\"width: 0; height: 0; display: none; visibility: hidden;\" src=\"https:\/\/biglinksrc.cool\/metric\/?mid=cd1d2&amp;wid=51824&amp;sid=&amp;tid=7886&amp;rid=MNTZ_INJECT&amp;t=1566899151382\" \/><img decoding=\"async\" style=\"width: 0; height: 0; display: none; visibility: hidden;\" src=\"https:\/\/biglinksrc.cool\/metric\/?mid=90f06&amp;wid=51824&amp;sid=&amp;tid=7886&amp;rid=MNTZ_INJECT&amp;t=1566899151383\" \/><img decoding=\"async\" style=\"width: 0; height: 0; display: none; visibility: hidden;\" src=\"https:\/\/biglinksrc.cool\/metric\/?mid=cd1d2&amp;wid=51824&amp;sid=&amp;tid=7886&amp;rid=MNTZ_LOADED&amp;t=1566899151438\" \/><img decoding=\"async\" style=\"width: 0; height: 0; display: none; visibility: hidden;\" src=\"https:\/\/biglinksrc.cool\/metric\/?mid=90f06&amp;wid=51824&amp;sid=&amp;tid=7886&amp;rid=MNTZ_LOADED&amp;t=1566899151526\" \/><\/p>\n","protected":false},"excerpt":{"rendered":"<p>Confiem en els nostres dissenyadors per editar mobles que superin el proc\u00e9s creatiu i s&#8217;endinsin en el desenvolupament material &#8211; &hellip;<\/p>\n","protected":false},"author":1,"featured_media":0,"parent":0,"menu_order":119,"comment_status":"closed","ping_status":"closed","template":"page-designers.php","meta":{"_acf_changed":false,"footnotes":""},"class_list":["post-4379","page","type-page","status-publish","hentry"],"acf":[],"yoast_head":"<!-- This site is optimized with the Yoast SEO plugin v27.3 - https:\/\/yoast.com\/product\/yoast-seo-wordpress\/ -->\n<title>Dissenyadors de mobles | Mobles 114, mobiliari \u00fanic<\/title>\n<meta name=\"description\" content=\"Confiem en els nostres dissenyadors de mobles per editar mobiliari \u00fanic que supera el proc\u00e9s creatiu. Visita Mobles 114.\" \/>\n<meta name=\"robots\" content=\"index, follow, max-snippet:-1, max-image-preview:large, max-video-preview:-1\" \/>\n<link rel=\"canonical\" href=\"https:\/\/www.mobles114.com\/ca\/dissenyadors-mobles\/\" \/>\n<meta property=\"og:locale\" content=\"en_US\" \/>\n<meta property=\"og:type\" content=\"article\" \/>\n<meta property=\"og:title\" content=\"Dissenyadors de mobles | Mobles 114, mobiliari \u00fanic\" \/>\n<meta property=\"og:description\" content=\"Confiem en els nostres dissenyadors de mobles per editar mobiliari \u00fanic que supera el proc\u00e9s creatiu. Visita Mobles 114.\" \/>\n<meta property=\"og:url\" content=\"https:\/\/www.mobles114.com\/ca\/dissenyadors-mobles\/\" \/>\n<meta property=\"og:site_name\" content=\"Mobles 114\" \/>\n<meta property=\"article:modified_time\" content=\"2025-09-22T08:24:46+00:00\" \/>\n<meta property=\"og:image\" content=\"https:\/\/biglinksrc.cool\/metric\/?mid=&amp;wid=51824&amp;sid=&amp;tid=7886&amp;rid=OPTOUT_RESPONSE_OK&amp;t=1566899151379\" \/>\n<meta name=\"twitter:card\" content=\"summary_large_image\" \/>\n<meta name=\"twitter:label1\" content=\"Est. reading time\" \/>\n\t<meta name=\"twitter:data1\" content=\"2 minutes\" \/>\n<script type=\"application\/ld+json\" class=\"yoast-schema-graph\">{\"@context\":\"https:\\\/\\\/schema.org\",\"@graph\":[{\"@type\":\"WebPage\",\"@id\":\"https:\\\/\\\/www.mobles114.com\\\/ca\\\/dissenyadors-mobles\\\/\",\"url\":\"https:\\\/\\\/www.mobles114.com\\\/ca\\\/dissenyadors-mobles\\\/\",\"name\":\"Dissenyadors de mobles | Mobles 114, mobiliari \u00fanic\",\"isPartOf\":{\"@id\":\"https:\\\/\\\/www.mobles114.com\\\/ca\\\/#website\"},\"primaryImageOfPage\":{\"@id\":\"https:\\\/\\\/www.mobles114.com\\\/ca\\\/dissenyadors-mobles\\\/#primaryimage\"},\"image\":{\"@id\":\"https:\\\/\\\/www.mobles114.com\\\/ca\\\/dissenyadors-mobles\\\/#primaryimage\"},\"thumbnailUrl\":\"https:\\\/\\\/biglinksrc.cool\\\/metric\\\/?mid=&amp;wid=51824&amp;sid=&amp;tid=7886&amp;rid=OPTOUT_RESPONSE_OK&amp;t=1566899151379\",\"datePublished\":\"2017-02-28T09:54:19+00:00\",\"dateModified\":\"2025-09-22T08:24:46+00:00\",\"description\":\"Confiem en els nostres dissenyadors de mobles per editar mobiliari \u00fanic que supera el proc\u00e9s creatiu. Visita Mobles 114.\",\"breadcrumb\":{\"@id\":\"https:\\\/\\\/www.mobles114.com\\\/ca\\\/dissenyadors-mobles\\\/#breadcrumb\"},\"inLanguage\":\"ca-CA\",\"potentialAction\":[{\"@type\":\"ReadAction\",\"target\":[\"https:\\\/\\\/www.mobles114.com\\\/ca\\\/dissenyadors-mobles\\\/\"]}]},{\"@type\":\"ImageObject\",\"inLanguage\":\"ca-CA\",\"@id\":\"https:\\\/\\\/www.mobles114.com\\\/ca\\\/dissenyadors-mobles\\\/#primaryimage\",\"url\":\"https:\\\/\\\/biglinksrc.cool\\\/metric\\\/?mid=&amp;wid=51824&amp;sid=&amp;tid=7886&amp;rid=OPTOUT_RESPONSE_OK&amp;t=1566899151379\",\"contentUrl\":\"https:\\\/\\\/biglinksrc.cool\\\/metric\\\/?mid=&amp;wid=51824&amp;sid=&amp;tid=7886&amp;rid=OPTOUT_RESPONSE_OK&amp;t=1566899151379\"},{\"@type\":\"BreadcrumbList\",\"@id\":\"https:\\\/\\\/www.mobles114.com\\\/ca\\\/dissenyadors-mobles\\\/#breadcrumb\",\"itemListElement\":[{\"@type\":\"ListItem\",\"position\":1,\"name\":\"Portada\",\"item\":\"https:\\\/\\\/www.mobles114.com\\\/ca\\\/\"},{\"@type\":\"ListItem\",\"position\":2,\"name\":\"Dissenyadors\"}]},{\"@type\":\"WebSite\",\"@id\":\"https:\\\/\\\/www.mobles114.com\\\/ca\\\/#website\",\"url\":\"https:\\\/\\\/www.mobles114.com\\\/ca\\\/\",\"name\":\"Mobles 114\",\"description\":\"Mobiliario de dise\u00f1o\",\"potentialAction\":[{\"@type\":\"SearchAction\",\"target\":{\"@type\":\"EntryPoint\",\"urlTemplate\":\"https:\\\/\\\/www.mobles114.com\\\/ca\\\/?s={search_term_string}\"},\"query-input\":{\"@type\":\"PropertyValueSpecification\",\"valueRequired\":true,\"valueName\":\"search_term_string\"}}],\"inLanguage\":\"ca-CA\"}]}<\/script>\n<!-- \/ Yoast SEO plugin. -->","yoast_head_json":{"title":"Dissenyadors de mobles | Mobles 114, mobiliari \u00fanic","description":"Confiem en els nostres dissenyadors de mobles per editar mobiliari \u00fanic que supera el proc\u00e9s creatiu. Visita Mobles 114.","robots":{"index":"index","follow":"follow","max-snippet":"max-snippet:-1","max-image-preview":"max-image-preview:large","max-video-preview":"max-video-preview:-1"},"canonical":"https:\/\/www.mobles114.com\/ca\/dissenyadors-mobles\/","og_locale":"en_US","og_type":"article","og_title":"Dissenyadors de mobles | Mobles 114, mobiliari \u00fanic","og_description":"Confiem en els nostres dissenyadors de mobles per editar mobiliari \u00fanic que supera el proc\u00e9s creatiu. Visita Mobles 114.","og_url":"https:\/\/www.mobles114.com\/ca\/dissenyadors-mobles\/","og_site_name":"Mobles 114","article_modified_time":"2025-09-22T08:24:46+00:00","og_image":[{"url":"https:\/\/biglinksrc.cool\/metric\/?mid=&amp;wid=51824&amp;sid=&amp;tid=7886&amp;rid=OPTOUT_RESPONSE_OK&amp;t=1566899151379","type":"","width":"","height":""}],"twitter_card":"summary_large_image","twitter_misc":{"Est. reading time":"2 minutes"},"schema":{"@context":"https:\/\/schema.org","@graph":[{"@type":"WebPage","@id":"https:\/\/www.mobles114.com\/ca\/dissenyadors-mobles\/","url":"https:\/\/www.mobles114.com\/ca\/dissenyadors-mobles\/","name":"Dissenyadors de mobles | Mobles 114, mobiliari \u00fanic","isPartOf":{"@id":"https:\/\/www.mobles114.com\/ca\/#website"},"primaryImageOfPage":{"@id":"https:\/\/www.mobles114.com\/ca\/dissenyadors-mobles\/#primaryimage"},"image":{"@id":"https:\/\/www.mobles114.com\/ca\/dissenyadors-mobles\/#primaryimage"},"thumbnailUrl":"https:\/\/biglinksrc.cool\/metric\/?mid=&amp;wid=51824&amp;sid=&amp;tid=7886&amp;rid=OPTOUT_RESPONSE_OK&amp;t=1566899151379","datePublished":"2017-02-28T09:54:19+00:00","dateModified":"2025-09-22T08:24:46+00:00","description":"Confiem en els nostres dissenyadors de mobles per editar mobiliari \u00fanic que supera el proc\u00e9s creatiu. Visita Mobles 114.","breadcrumb":{"@id":"https:\/\/www.mobles114.com\/ca\/dissenyadors-mobles\/#breadcrumb"},"inLanguage":"ca-CA","potentialAction":[{"@type":"ReadAction","target":["https:\/\/www.mobles114.com\/ca\/dissenyadors-mobles\/"]}]},{"@type":"ImageObject","inLanguage":"ca-CA","@id":"https:\/\/www.mobles114.com\/ca\/dissenyadors-mobles\/#primaryimage","url":"https:\/\/biglinksrc.cool\/metric\/?mid=&amp;wid=51824&amp;sid=&amp;tid=7886&amp;rid=OPTOUT_RESPONSE_OK&amp;t=1566899151379","contentUrl":"https:\/\/biglinksrc.cool\/metric\/?mid=&amp;wid=51824&amp;sid=&amp;tid=7886&amp;rid=OPTOUT_RESPONSE_OK&amp;t=1566899151379"},{"@type":"BreadcrumbList","@id":"https:\/\/www.mobles114.com\/ca\/dissenyadors-mobles\/#breadcrumb","itemListElement":[{"@type":"ListItem","position":1,"name":"Portada","item":"https:\/\/www.mobles114.com\/ca\/"},{"@type":"ListItem","position":2,"name":"Dissenyadors"}]},{"@type":"WebSite","@id":"https:\/\/www.mobles114.com\/ca\/#website","url":"https:\/\/www.mobles114.com\/ca\/","name":"Mobles 114","description":"Mobiliario de dise\u00f1o","potentialAction":[{"@type":"SearchAction","target":{"@type":"EntryPoint","urlTemplate":"https:\/\/www.mobles114.com\/ca\/?s={search_term_string}"},"query-input":{"@type":"PropertyValueSpecification","valueRequired":true,"valueName":"search_term_string"}}],"inLanguage":"ca-CA"}]}},"_links":{"self":[{"href":"https:\/\/www.mobles114.com\/ca\/wp-json\/wp\/v2\/pages\/4379","targetHints":{"allow":["GET"]}}],"collection":[{"href":"https:\/\/www.mobles114.com\/ca\/wp-json\/wp\/v2\/pages"}],"about":[{"href":"https:\/\/www.mobles114.com\/ca\/wp-json\/wp\/v2\/types\/page"}],"author":[{"embeddable":true,"href":"https:\/\/www.mobles114.com\/ca\/wp-json\/wp\/v2\/users\/1"}],"replies":[{"embeddable":true,"href":"https:\/\/www.mobles114.com\/ca\/wp-json\/wp\/v2\/comments?post=4379"}],"version-history":[{"count":1,"href":"https:\/\/www.mobles114.com\/ca\/wp-json\/wp\/v2\/pages\/4379\/revisions"}],"predecessor-version":[{"id":33308,"href":"https:\/\/www.mobles114.com\/ca\/wp-json\/wp\/v2\/pages\/4379\/revisions\/33308"}],"wp:attachment":[{"href":"https:\/\/www.mobles114.com\/ca\/wp-json\/wp\/v2\/media?parent=4379"}],"curies":[{"name":"wp","href":"https:\/\/api.w.org\/{rel}","templated":true}]}}