{"id":30182,"date":"2020-09-22T12:16:24","date_gmt":"2020-09-22T12:16:24","guid":{"rendered":"https:\/\/www.mobles114.com\/foscas-landing\/"},"modified":"2021-10-07T08:19:32","modified_gmt":"2021-10-07T08:19:32","slug":"coleccio-foscas-peces-ceramica-negra","status":"publish","type":"page","link":"https:\/\/www.mobles114.com\/ca\/coleccio-foscas-peces-ceramica-negra\/","title":{"rendered":"Foscas landing CA"},"content":{"rendered":"","protected":false},"excerpt":{"rendered":"","protected":false},"author":1,"featured_media":0,"parent":0,"menu_order":0,"comment_status":"closed","ping_status":"closed","template":"page-foscas.php","meta":{"_acf_changed":false,"footnotes":""},"class_list":["post-30182","page","type-page","status-publish","hentry"],"acf":[],"yoast_head":"<!-- This site is optimized with the Yoast SEO plugin v27.0 - https:\/\/yoast.com\/product\/yoast-seo-wordpress\/ -->\n<title>Col\u00b7lecci\u00f3 FOSCAS. Peces rematades de cer\u00e0mica negra - Mobles 114<\/title>\n<meta name=\"description\" content=\"Col\u00b7lecci\u00f3 tosca i contundent de recipients i superf\u00edcies que acaben al forn per al proc\u00e9s de cocci\u00f3 de la cer\u00e0mica negra.\" \/>\n<meta name=\"robots\" content=\"index, follow, max-snippet:-1, max-image-preview:large, max-video-preview:-1\" \/>\n<link rel=\"canonical\" href=\"https:\/\/www.mobles114.com\/ca\/coleccio-foscas-peces-ceramica-negra\/\" \/>\n<meta property=\"og:locale\" content=\"en_US\" \/>\n<meta property=\"og:type\" content=\"article\" \/>\n<meta property=\"og:title\" content=\"Col\u00b7lecci\u00f3 FOSCAS. Peces rematades de cer\u00e0mica negra - Mobles 114\" \/>\n<meta property=\"og:description\" content=\"Col\u00b7lecci\u00f3 tosca i contundent de recipients i superf\u00edcies que acaben al forn per al proc\u00e9s de cocci\u00f3 de la cer\u00e0mica negra.\" \/>\n<meta property=\"og:url\" content=\"https:\/\/www.mobles114.com\/ca\/coleccio-foscas-peces-ceramica-negra\/\" \/>\n<meta property=\"og:site_name\" content=\"Mobles 114\" \/>\n<meta property=\"article:modified_time\" content=\"2021-10-07T08:19:32+00:00\" \/>\n<meta name=\"twitter:card\" content=\"summary_large_image\" \/>\n<script type=\"application\/ld+json\" class=\"yoast-schema-graph\">{\"@context\":\"https:\/\/schema.org\",\"@graph\":[{\"@type\":\"WebPage\",\"@id\":\"https:\/\/www.mobles114.com\/ca\/coleccio-foscas-peces-ceramica-negra\/\",\"url\":\"https:\/\/www.mobles114.com\/ca\/coleccio-foscas-peces-ceramica-negra\/\",\"name\":\"Col\u00b7lecci\u00f3 FOSCAS. Peces rematades de cer\u00e0mica negra - Mobles 114\",\"isPartOf\":{\"@id\":\"https:\/\/www.mobles114.com\/ca\/#website\"},\"datePublished\":\"2020-09-22T12:16:24+00:00\",\"dateModified\":\"2021-10-07T08:19:32+00:00\",\"description\":\"Col\u00b7lecci\u00f3 tosca i contundent de recipients i superf\u00edcies que acaben al forn per al proc\u00e9s de cocci\u00f3 de la cer\u00e0mica negra.\",\"breadcrumb\":{\"@id\":\"https:\/\/www.mobles114.com\/ca\/coleccio-foscas-peces-ceramica-negra\/#breadcrumb\"},\"inLanguage\":\"ca-CA\",\"potentialAction\":[{\"@type\":\"ReadAction\",\"target\":[\"https:\/\/www.mobles114.com\/ca\/coleccio-foscas-peces-ceramica-negra\/\"]}]},{\"@type\":\"BreadcrumbList\",\"@id\":\"https:\/\/www.mobles114.com\/ca\/coleccio-foscas-peces-ceramica-negra\/#breadcrumb\",\"itemListElement\":[{\"@type\":\"ListItem\",\"position\":1,\"name\":\"Portada\",\"item\":\"https:\/\/www.mobles114.com\/ca\/\"},{\"@type\":\"ListItem\",\"position\":2,\"name\":\"Foscas landing CA\"}]},{\"@type\":\"WebSite\",\"@id\":\"https:\/\/www.mobles114.com\/ca\/#website\",\"url\":\"https:\/\/www.mobles114.com\/ca\/\",\"name\":\"Mobles 114\",\"description\":\"Mobiliario de dise\u00f1o\",\"potentialAction\":[{\"@type\":\"SearchAction\",\"target\":{\"@type\":\"EntryPoint\",\"urlTemplate\":\"https:\/\/www.mobles114.com\/ca\/?s={search_term_string}\"},\"query-input\":{\"@type\":\"PropertyValueSpecification\",\"valueRequired\":true,\"valueName\":\"search_term_string\"}}],\"inLanguage\":\"ca-CA\"}]}<\/script>\n<!-- \/ Yoast SEO plugin. -->","yoast_head_json":{"title":"Col\u00b7lecci\u00f3 FOSCAS. Peces rematades de cer\u00e0mica negra - Mobles 114","description":"Col\u00b7lecci\u00f3 tosca i contundent de recipients i superf\u00edcies que acaben al forn per al proc\u00e9s de cocci\u00f3 de la cer\u00e0mica negra.","robots":{"index":"index","follow":"follow","max-snippet":"max-snippet:-1","max-image-preview":"max-image-preview:large","max-video-preview":"max-video-preview:-1"},"canonical":"https:\/\/www.mobles114.com\/ca\/coleccio-foscas-peces-ceramica-negra\/","og_locale":"en_US","og_type":"article","og_title":"Col\u00b7lecci\u00f3 FOSCAS. Peces rematades de cer\u00e0mica negra - Mobles 114","og_description":"Col\u00b7lecci\u00f3 tosca i contundent de recipients i superf\u00edcies que acaben al forn per al proc\u00e9s de cocci\u00f3 de la cer\u00e0mica negra.","og_url":"https:\/\/www.mobles114.com\/ca\/coleccio-foscas-peces-ceramica-negra\/","og_site_name":"Mobles 114","article_modified_time":"2021-10-07T08:19:32+00:00","twitter_card":"summary_large_image","schema":{"@context":"https:\/\/schema.org","@graph":[{"@type":"WebPage","@id":"https:\/\/www.mobles114.com\/ca\/coleccio-foscas-peces-ceramica-negra\/","url":"https:\/\/www.mobles114.com\/ca\/coleccio-foscas-peces-ceramica-negra\/","name":"Col\u00b7lecci\u00f3 FOSCAS. Peces rematades de cer\u00e0mica negra - Mobles 114","isPartOf":{"@id":"https:\/\/www.mobles114.com\/ca\/#website"},"datePublished":"2020-09-22T12:16:24+00:00","dateModified":"2021-10-07T08:19:32+00:00","description":"Col\u00b7lecci\u00f3 tosca i contundent de recipients i superf\u00edcies que acaben al forn per al proc\u00e9s de cocci\u00f3 de la cer\u00e0mica negra.","breadcrumb":{"@id":"https:\/\/www.mobles114.com\/ca\/coleccio-foscas-peces-ceramica-negra\/#breadcrumb"},"inLanguage":"ca-CA","potentialAction":[{"@type":"ReadAction","target":["https:\/\/www.mobles114.com\/ca\/coleccio-foscas-peces-ceramica-negra\/"]}]},{"@type":"BreadcrumbList","@id":"https:\/\/www.mobles114.com\/ca\/coleccio-foscas-peces-ceramica-negra\/#breadcrumb","itemListElement":[{"@type":"ListItem","position":1,"name":"Portada","item":"https:\/\/www.mobles114.com\/ca\/"},{"@type":"ListItem","position":2,"name":"Foscas landing CA"}]},{"@type":"WebSite","@id":"https:\/\/www.mobles114.com\/ca\/#website","url":"https:\/\/www.mobles114.com\/ca\/","name":"Mobles 114","description":"Mobiliario de dise\u00f1o","potentialAction":[{"@type":"SearchAction","target":{"@type":"EntryPoint","urlTemplate":"https:\/\/www.mobles114.com\/ca\/?s={search_term_string}"},"query-input":{"@type":"PropertyValueSpecification","valueRequired":true,"valueName":"search_term_string"}}],"inLanguage":"ca-CA"}]}},"_links":{"self":[{"href":"https:\/\/www.mobles114.com\/ca\/wp-json\/wp\/v2\/pages\/30182","targetHints":{"allow":["GET"]}}],"collection":[{"href":"https:\/\/www.mobles114.com\/ca\/wp-json\/wp\/v2\/pages"}],"about":[{"href":"https:\/\/www.mobles114.com\/ca\/wp-json\/wp\/v2\/types\/page"}],"author":[{"embeddable":true,"href":"https:\/\/www.mobles114.com\/ca\/wp-json\/wp\/v2\/users\/1"}],"replies":[{"embeddable":true,"href":"https:\/\/www.mobles114.com\/ca\/wp-json\/wp\/v2\/comments?post=30182"}],"version-history":[{"count":8,"href":"https:\/\/www.mobles114.com\/ca\/wp-json\/wp\/v2\/pages\/30182\/revisions"}],"predecessor-version":[{"id":35286,"href":"https:\/\/www.mobles114.com\/ca\/wp-json\/wp\/v2\/pages\/30182\/revisions\/35286"}],"wp:attachment":[{"href":"https:\/\/www.mobles114.com\/ca\/wp-json\/wp\/v2\/media?parent=30182"}],"curies":[{"name":"wp","href":"https:\/\/api.w.org\/{rel}","templated":true}]}}