{"id":12379,"date":"2017-02-22T12:13:07","date_gmt":"2017-02-22T12:13:07","guid":{"rendered":"http:\/\/www.mobles114.com\/?page_id=12379"},"modified":"2019-07-04T07:29:01","modified_gmt":"2019-07-04T07:29:01","slug":"politica-de-cookies","status":"publish","type":"page","link":"https:\/\/www.mobles114.com\/ca\/politica-de-cookies\/","title":{"rendered":"Pol\u00edtica de cookies"},"content":{"rendered":"<p>En compliment de la Llei 34\/2002 , de 11 de juliol, de Serveis de la Societat de la Informaci\u00f3 i Comer\u00e7 Electr\u00f2nic l\u00b4informem de la utilitzaci\u00f3 de cookies al nostre Lloc Web (<a href=\"https:\/\/mobles114.com\/\">mobles114.com\/<\/a>) per tal de facilitar i millorar la navegaci\u00f3 als usuaris, recordant per on navegar en el lloc web, el seu nom d\u00b4usuari al registrar, les prefer\u00e8ncies i configuracions de visualitzaci\u00f3, i oferint a cada usuari informaci\u00f3 que pot ser del seu inter\u00e8s.<\/p>\n<p>&nbsp;<\/p>\n<p><strong>Qu\u00e8 s\u00f3n les cookies?<\/strong><\/p>\n<p>Una cookies \u00e9s un fitxer que es descarrega al dispositiu (ordinador, tableta, smartphones, etc.) en accedir a determinades p\u00e0gines web. Les cookies permeten a una p\u00e0gina web, entre altres coses, emmagatzemar i recuperar informaci\u00f3 sobre els h\u00e0bits de navegaci\u00f3 d\u00b4un usuari o del seu equip i, depenent de la informaci\u00f3 que continguin i de la forma en qu\u00e8 utilitzi el seu equip, es poden utilitzar per recon\u00e8ixer l\u00b4usuari.<\/p>\n<p>&nbsp;<\/p>\n<p><strong>Quin tipus de cookies utilitza aquest portal?<\/strong><\/p>\n<p>Les cookies poden ser tant pr\u00f2pies (aquelles que s\u00b4envien a l\u00b4equip terminal de l\u00b4usuari des d\u00b4un equip o domini gestionat pel propi editor i des del qual es presta el servei sol\u00b7licitat per l\u00b4usuari ) o de tercers (aquelles que s\u00b4envien a l\u00b4equip terminal de l\u00b4usuari des d\u00b4un equip o domini que no \u00e9s gestionat per l\u00b4editor, sin\u00f3 per una altra entitat que tracta les dades obtingudes mitjan\u00e7ant les cookies).<\/p>\n<p>Les taules que publiquem a continuaci\u00f3 recullen de manera esquematitzada les cookies anteriorment descrites que concretament son utilitzades per la nostra web:<\/p>\n<p>&nbsp;<\/p>\n<table class=\"tbcookies\" border=\"0\" width=\"100%\" cellspacing=\"0\" cellpadding=\"0\">\n<tbody>\n<tr class=\"odd\">\n<td colspan=\"2\" align=\"center\" nowrap=\"nowrap\"><strong>COOKIES DE TERCERS<\/strong><\/td>\n<\/tr>\n<tr class=\"even\">\n<td class=\"evenleft\" align=\"center\" nowrap=\"nowrap\" width=\"50%\"><strong>Nom<\/strong><\/td>\n<td class=\"evenright\" nowrap=\"nowrap\" width=\"45%\"><strong>Descripci\u00f3<\/strong><\/td>\n<\/tr>\n<tr class=\"odd\">\n<td class=\"evenleft\" valign=\"middle\" nowrap=\"nowrap\">__utma, __utmb, __utmc, __utmz<\/td>\n<td class=\"evenright\" valign=\"bottom\">Aquestes cookies de Google Analytics generen un identificador d\u2019usuari an\u00f2nim, que \u00e9s el que s\u2019utilitza per fer recompte de quantes vegades visita el lloc un usuari. Tamb\u00e9 registra quan va ser la primera i l\u2019\u00faltima vegada que va visitar la web. Aix\u00ed mateix, calcula quan s\u2019ha acabat una sessi\u00f3, origen de l\u2019usuari, i keywords.<\/td>\n<\/tr>\n<\/tbody>\n<\/table>\n<p>&nbsp;<\/p>\n<p><strong>Consentiment<\/strong><\/p>\n<p>Si vost\u00e8 consent la utilitzaci\u00f3 de cookies, continua navegant o fa clic en algun link s\u00b4entendr\u00e0 que vost\u00e8 ha consentit l\u00b4\u00fas de les cookies abans anunciades, les condicions contingudes en la present Pol\u00edtica de Cookies i per tant la instal\u00b7laci\u00f3 de les mateixes en el seu equip o dispositiu.<\/p>\n<p>&nbsp;<\/p>\n<p><strong>Retirar el meu consentiment<\/strong><\/p>\n<p>Les cookies s\u00f3n \u00fatils per diversos motius. Des d\u00b4un punt de vista t\u00e8cnic, permeten que les p\u00e0gines web funcionin m\u00e9s \u00e0gils i adaptades a les seves prefer\u00e8ncies, com per exemple emmagatzemar el seu idioma o la moneda del seu pa\u00eds. A m\u00e9s, ajuden els responsables dels llocs web a millorar els serveis que ofereixen, gr\u00e0cies a la informaci\u00f3 estad\u00edstica que recullen a trav\u00e9s d\u00b4elles. Finalment, serveixen per fer m\u00e9s eficient que li mostrem, gr\u00e0cies a la qual li podem oferir serveis de forma gratu\u00efta.<\/p>\n<p>No obstant aix\u00f2, si volgu\u00e9s retirar en qualsevol moment el seu consentiment relacionat amb aquesta Pol\u00edtica de Cookies, haur\u00e0 d\u00b4eliminar les cookies emmagatzemades en el seu equip (ordinador o dispositiu m\u00f2bil) a trav\u00e9s dels ajustaments i configuracions del seu navegador d\u00b4Internet.<\/p>\n<p>Les conseq\u00fc\u00e8ncies derivades de la retirada del consentiment s\u00f3n les seg\u00fcents:<\/p>\n<p>&nbsp;<\/p>\n<p><strong>Deshabilitar i bloquejar cookies<\/strong><\/p>\n<p>L\u00b4informem que en el cas de bloquejar o no acceptar la instal\u00b7laci\u00f3 de cookies, \u00e9s possible que certs serveis no estiguin disponibles sense la utilitzaci\u00f3 d\u00b4aquestes o que no pugui accedir a determinats serveis ni tampoc aprofitar per complet tot el que les nostres webs i aplicacions li ofereixen.<\/p>\n<p>A continuaci\u00f3 us oferim enlla\u00e7os en els quals trobareu informaci\u00f3 sobre com pot activar les seves prefer\u00e8ncies en els principals navegadors:<\/p>\n<p><strong>Internet Explorer:<\/strong><\/p>\n<p>1. <a title=\"Abre nueva ventana\" href=\"http:\/\/support.microsoft.com\/kb\/196955\" target=\"_blank\" rel=\"noopener noreferrer\">(http:\/\/support.microsoft.com\/kb\/196955)\u00a0<\/a><br \/>\n2. (<a title=\"Abre nueva ventana\" href=\"http:\/\/support.microsoft.com\/kb\/283185\" target=\"_blank\" rel=\"noopener noreferrer\">http:\/\/support.microsoft.com\/kb\/283185<\/a>)<br \/>\n3. (<a title=\"Abre nueva ventana\" href=\"http:\/\/www.allaboutcookies.org\/manage-cookies\/internet-explorer7-plus.html\" target=\"_blank\" rel=\"noopener noreferrer\">http:\/\/www.allaboutcookies.org\/manage-cookies\/internet-explorer7-plus.html<\/a>)<br \/>\n4. (<a title=\"Abre nueva ventana\" href=\"http:\/\/www.allaboutcookies.org\/manage-cookies\/internet-explorer8-plus.html\" target=\"_blank\" rel=\"noopener noreferrer\">http:\/\/www.allaboutcookies.org\/manage-cookies\/internet-explorer8-plus.html<\/a>)<br \/>\n5. (<a href=\"http:\/\/windows.microsoft.com\/is-IS\/windows7\/How-to-manage-cookies-in-%20Internet-Explorer-9\">http:\/\/windows.microsoft.com\/is-IS\/windows7\/How-to-manage-cookies-in-Internet-Explorer-9<\/a>)<\/p>\n<p><strong>Firefox<\/strong><\/p>\n<p><a title=\"Abre nueva ventana\" href=\"http:\/\/support.mozilla.org\/en-US\/kb\/Cookies\" target=\"_blank\" rel=\"noopener noreferrer\">http:\/\/support.mozilla.org\/en-US\/kb\/Cookies<\/a><\/p>\n<p><strong>Chrome<\/strong><\/p>\n<p><a title=\"Abre nueva ventana\" href=\"http:\/\/support.google.com\/chrome\/bin\/answer.py?hl=en&amp;answer=95647\" target=\"_blank\" rel=\"noopener noreferrer\">http:\/\/support.google.com\/chrome\/bin\/answer.py?hl=en&amp;answer=95647<\/a><\/p>\n<p><strong>Safari<\/strong><\/p>\n<p><a title=\"Abre nueva ventana\" href=\"http:\/\/support.apple.com\/kb\/PH5042\" target=\"_blank\" rel=\"noopener noreferrer\">http:\/\/support.apple.com\/kb\/PH5042<\/a><br \/>\n<a href=\"http:\/\/support.apple.com\/kb\/HT1677\">http:\/\/support.apple.com\/kb\/HT1677<\/a>)<\/p>\n<p>&nbsp;<\/p>\n<p><strong>Canvis en la Pol\u00edtica de Cookies<\/strong><\/p>\n<p>\u00c9s possible que actualitzem la Pol\u00edtica de Cookies del nostre lloc web, per aix\u00f2 li recomanem revisar aquesta pol\u00edtica cada vegada que accedeixi al nostre lloc web amb l\u00b4objectiu d\u00b4estar adequadament informat sobre com i per qu\u00e8 fem servir les cookies.<\/p>\n","protected":false},"excerpt":{"rendered":"<p>En compliment de la Llei 34\/2002 , de 11 de juliol, de Serveis de la Societat de la Informaci\u00f3 i &hellip;<\/p>\n","protected":false},"author":1,"featured_media":0,"parent":0,"menu_order":125,"comment_status":"closed","ping_status":"closed","template":"","meta":{"_acf_changed":false,"footnotes":""},"class_list":["post-12379","page","type-page","status-publish","hentry"],"acf":[],"yoast_head":"<!-- This site is optimized with the Yoast SEO plugin v27.3 - https:\/\/yoast.com\/product\/yoast-seo-wordpress\/ -->\n<title>Solicitut de informaci\u00f3 | Mobles 114<\/title>\n<meta name=\"robots\" content=\"noindex, follow\" \/>\n<meta property=\"og:locale\" content=\"en_US\" \/>\n<meta property=\"og:type\" content=\"article\" \/>\n<meta property=\"og:title\" content=\"Solicitut de informaci\u00f3 | Mobles 114\" \/>\n<meta property=\"og:description\" content=\"En compliment de la Llei 34\/2002 , de 11 de juliol, de Serveis de la Societat de la Informaci\u00f3 i &hellip;\" \/>\n<meta property=\"og:url\" content=\"https:\/\/www.mobles114.com\/ca\/politica-de-cookies\/\" \/>\n<meta property=\"og:site_name\" content=\"Mobles 114\" \/>\n<meta property=\"article:modified_time\" content=\"2019-07-04T07:29:01+00:00\" \/>\n<meta name=\"twitter:card\" content=\"summary_large_image\" \/>\n<meta name=\"twitter:label1\" content=\"Est. reading time\" \/>\n\t<meta name=\"twitter:data1\" content=\"4 minutes\" \/>\n<script type=\"application\/ld+json\" class=\"yoast-schema-graph\">{\"@context\":\"https:\\\/\\\/schema.org\",\"@graph\":[{\"@type\":\"WebPage\",\"@id\":\"https:\\\/\\\/www.mobles114.com\\\/ca\\\/politica-de-cookies\\\/\",\"url\":\"https:\\\/\\\/www.mobles114.com\\\/ca\\\/politica-de-cookies\\\/\",\"name\":\"Solicitut de informaci\u00f3 | Mobles 114\",\"isPartOf\":{\"@id\":\"https:\\\/\\\/www.mobles114.com\\\/ca\\\/#website\"},\"datePublished\":\"2017-02-22T12:13:07+00:00\",\"dateModified\":\"2019-07-04T07:29:01+00:00\",\"breadcrumb\":{\"@id\":\"https:\\\/\\\/www.mobles114.com\\\/ca\\\/politica-de-cookies\\\/#breadcrumb\"},\"inLanguage\":\"ca-CA\",\"potentialAction\":[{\"@type\":\"ReadAction\",\"target\":[\"https:\\\/\\\/www.mobles114.com\\\/ca\\\/politica-de-cookies\\\/\"]}]},{\"@type\":\"BreadcrumbList\",\"@id\":\"https:\\\/\\\/www.mobles114.com\\\/ca\\\/politica-de-cookies\\\/#breadcrumb\",\"itemListElement\":[{\"@type\":\"ListItem\",\"position\":1,\"name\":\"Portada\",\"item\":\"https:\\\/\\\/www.mobles114.com\\\/ca\\\/\"},{\"@type\":\"ListItem\",\"position\":2,\"name\":\"Pol\u00edtica de cookies\"}]},{\"@type\":\"WebSite\",\"@id\":\"https:\\\/\\\/www.mobles114.com\\\/ca\\\/#website\",\"url\":\"https:\\\/\\\/www.mobles114.com\\\/ca\\\/\",\"name\":\"Mobles 114\",\"description\":\"Mobiliario de dise\u00f1o\",\"potentialAction\":[{\"@type\":\"SearchAction\",\"target\":{\"@type\":\"EntryPoint\",\"urlTemplate\":\"https:\\\/\\\/www.mobles114.com\\\/ca\\\/?s={search_term_string}\"},\"query-input\":{\"@type\":\"PropertyValueSpecification\",\"valueRequired\":true,\"valueName\":\"search_term_string\"}}],\"inLanguage\":\"ca-CA\"}]}<\/script>\n<!-- \/ Yoast SEO plugin. -->","yoast_head_json":{"title":"Solicitut de informaci\u00f3 | Mobles 114","robots":{"index":"noindex","follow":"follow"},"og_locale":"en_US","og_type":"article","og_title":"Solicitut de informaci\u00f3 | Mobles 114","og_description":"En compliment de la Llei 34\/2002 , de 11 de juliol, de Serveis de la Societat de la Informaci\u00f3 i &hellip;","og_url":"https:\/\/www.mobles114.com\/ca\/politica-de-cookies\/","og_site_name":"Mobles 114","article_modified_time":"2019-07-04T07:29:01+00:00","twitter_card":"summary_large_image","twitter_misc":{"Est. reading time":"4 minutes"},"schema":{"@context":"https:\/\/schema.org","@graph":[{"@type":"WebPage","@id":"https:\/\/www.mobles114.com\/ca\/politica-de-cookies\/","url":"https:\/\/www.mobles114.com\/ca\/politica-de-cookies\/","name":"Solicitut de informaci\u00f3 | Mobles 114","isPartOf":{"@id":"https:\/\/www.mobles114.com\/ca\/#website"},"datePublished":"2017-02-22T12:13:07+00:00","dateModified":"2019-07-04T07:29:01+00:00","breadcrumb":{"@id":"https:\/\/www.mobles114.com\/ca\/politica-de-cookies\/#breadcrumb"},"inLanguage":"ca-CA","potentialAction":[{"@type":"ReadAction","target":["https:\/\/www.mobles114.com\/ca\/politica-de-cookies\/"]}]},{"@type":"BreadcrumbList","@id":"https:\/\/www.mobles114.com\/ca\/politica-de-cookies\/#breadcrumb","itemListElement":[{"@type":"ListItem","position":1,"name":"Portada","item":"https:\/\/www.mobles114.com\/ca\/"},{"@type":"ListItem","position":2,"name":"Pol\u00edtica de cookies"}]},{"@type":"WebSite","@id":"https:\/\/www.mobles114.com\/ca\/#website","url":"https:\/\/www.mobles114.com\/ca\/","name":"Mobles 114","description":"Mobiliario de dise\u00f1o","potentialAction":[{"@type":"SearchAction","target":{"@type":"EntryPoint","urlTemplate":"https:\/\/www.mobles114.com\/ca\/?s={search_term_string}"},"query-input":{"@type":"PropertyValueSpecification","valueRequired":true,"valueName":"search_term_string"}}],"inLanguage":"ca-CA"}]}},"_links":{"self":[{"href":"https:\/\/www.mobles114.com\/ca\/wp-json\/wp\/v2\/pages\/12379","targetHints":{"allow":["GET"]}}],"collection":[{"href":"https:\/\/www.mobles114.com\/ca\/wp-json\/wp\/v2\/pages"}],"about":[{"href":"https:\/\/www.mobles114.com\/ca\/wp-json\/wp\/v2\/types\/page"}],"author":[{"embeddable":true,"href":"https:\/\/www.mobles114.com\/ca\/wp-json\/wp\/v2\/users\/1"}],"replies":[{"embeddable":true,"href":"https:\/\/www.mobles114.com\/ca\/wp-json\/wp\/v2\/comments?post=12379"}],"version-history":[{"count":0,"href":"https:\/\/www.mobles114.com\/ca\/wp-json\/wp\/v2\/pages\/12379\/revisions"}],"wp:attachment":[{"href":"https:\/\/www.mobles114.com\/ca\/wp-json\/wp\/v2\/media?parent=12379"}],"curies":[{"name":"wp","href":"https:\/\/api.w.org\/{rel}","templated":true}]}}